{"id":3259,"date":"2025-10-28T12:45:29","date_gmt":"2025-10-28T15:45:29","guid":{"rendered":"https:\/\/stage.argensend.com\/?page_id=3259"},"modified":"2025-10-28T12:45:29","modified_gmt":"2025-10-28T15:45:29","slug":"envios","status":"publish","type":"page","link":"https:\/\/www.argensend.com\/en\/envios\/","title":{"rendered":"Pol\u00edticas de Env\u00edo"},"content":{"rendered":"<div data-elementor-type=\"wp-page\" data-elementor-id=\"3259\" class=\"elementor elementor-3259\" data-elementor-post-type=\"page\">\n\t\t\t\t\t\t<\/div>","protected":false},"excerpt":{"rendered":"<p>Pol\u00edticas de env\u00edos Env\u00edos Ofrecemos servicios con los 3 correos m\u00e1s importantes a nivel mundial, DHL (Express, Express Premium)*, FedEx (Economy Saver, Priority)* y UPS&#8230;<\/p>","protected":false},"author":1,"featured_media":0,"parent":0,"menu_order":0,"comment_status":"closed","ping_status":"open","template":"","meta":{"_acf_changed":false,"om_disable_all_campaigns":false,"_monsterinsights_skip_tracking":false,"_monsterinsights_sitenote_active":false,"_monsterinsights_sitenote_note":"","_monsterinsights_sitenote_category":0,"jetpack_post_was_ever_published":false,"footnotes":""},"class_list":["post-3259","page","type-page","status-publish","hentry"],"acf":[],"aioseo_notices":[],"jetpack_shortlink":"https:\/\/wp.me\/PcD9Zw-Qz","jetpack_sharing_enabled":true,"_links":{"self":[{"href":"https:\/\/www.argensend.com\/en\/wp-json\/wp\/v2\/pages\/3259","targetHints":{"allow":["GET"]}}],"collection":[{"href":"https:\/\/www.argensend.com\/en\/wp-json\/wp\/v2\/pages"}],"about":[{"href":"https:\/\/www.argensend.com\/en\/wp-json\/wp\/v2\/types\/page"}],"author":[{"embeddable":true,"href":"https:\/\/www.argensend.com\/en\/wp-json\/wp\/v2\/users\/1"}],"replies":[{"embeddable":true,"href":"https:\/\/www.argensend.com\/en\/wp-json\/wp\/v2\/comments?post=3259"}],"version-history":[{"count":0,"href":"https:\/\/www.argensend.com\/en\/wp-json\/wp\/v2\/pages\/3259\/revisions"}],"wp:attachment":[{"href":"https:\/\/www.argensend.com\/en\/wp-json\/wp\/v2\/media?parent=3259"}],"curies":[{"name":"wp","href":"https:\/\/api.w.org\/{rel}","templated":true}]}}