{"id":3332,"date":"2025-10-29T08:53:43","date_gmt":"2025-10-29T11:53:43","guid":{"rendered":"https:\/\/stage.argensend.com\/?page_id=3332"},"modified":"2026-02-27T19:05:23","modified_gmt":"2026-02-27T22:05:23","slug":"rewards","status":"publish","type":"page","link":"https:\/\/www.argensend.com\/en\/rewards\/","title":{"rendered":"Rewards"},"content":{"rendered":"<div data-elementor-type=\"wp-page\" data-elementor-id=\"3332\" class=\"elementor elementor-3332\" data-elementor-post-type=\"page\">\n\t\t\t\t\t\t<section class=\"elementor-section elementor-top-section elementor-element elementor-element-4377f91 elementor-section-full_width elementor-section-height-default elementor-section-height-default\" data-id=\"4377f91\" data-element_type=\"section\" data-e-type=\"section\">\n\t\t\t\t\t\t<div class=\"elementor-container elementor-column-gap-default\">\n\t\t\t\t\t<div class=\"elementor-column elementor-col-100 elementor-top-column elementor-element elementor-element-d1038f1\" data-id=\"d1038f1\" data-element_type=\"column\" data-e-type=\"column\">\n\t\t\t<div class=\"elementor-widget-wrap elementor-element-populated\">\n\t\t\t\t\t\t<div class=\"elementor-element elementor-element-b145d69 elementor-widget elementor-widget-woocommerce-etheme_breadcrumb\" data-id=\"b145d69\" data-element_type=\"widget\" data-e-type=\"widget\" data-widget_type=\"woocommerce-etheme_breadcrumb.default\">\n\t\t\t\t<div class=\"elementor-widget-container\">\n\t\t\t\t\t    <div\n            class=\"page-heading bc-type-left2 bc-effect-none bc-color-dark\"\n\t\t    >\n        <div class=\"container\">\n            <div class=\"row\">\n                <div class=\"col-md-12 a-center\">\n\t\t\t\t\t\n\t\t\t\t\t\t\t\t\t\t\n\t\t\t\t\t\t\t\t\t\t\t\n\t\t\t\t\t\t<nav class=\"woocommerce-breadcrumb\" aria-label=\"Breadcrumb\">\t\t\t\t\t\t\n\t\t\t\t\t\t\t\t\t\t\t\t\t\n\t\t\t\t\t\t\t\t\t\t\t\t\t\t\n\t\t\t\t\t\t\t\t\t\t\t\t\t\t\n\t\t\t\t\t\t\t\t\t\t\t\t\t\t\n\t\t\t\t\t\t\t\t\t\t\t\t\t\t\n\t\t\t\t\t\t\t\t\t\t\t\t\t\n\t\t\t\t\t\t\t\t\t\t\t\t\n\t\t\t\t\t\t<h1 class=\"title\" data-no-translation=\"\" data-trp-gettext=\"\">Home<\/h1>\t\t\t\t\t\t\n\t\t\t\t\t\t<\/nav>\t\t\t\t\t\n\t\t\t\t\t\t\t\t\t\t\n\t\t\t\t\t                <\/div>\n            <\/div>\n        <\/div>\n    <\/div>\n\t\n\t\t\t\t\t<\/div>\n\t\t\t\t<\/div>\n\t\t\t\t\t<\/div>\n\t\t<\/div>\n\t\t\t\t\t<\/div>\n\t\t<\/section>\n\t\t\t\t<section class=\"elementor-section elementor-top-section elementor-element elementor-element-2f17268 elementor-section-full_width elementor-section-height-default elementor-section-height-default\" data-id=\"2f17268\" data-element_type=\"section\" data-e-type=\"section\">\n\t\t\t\t\t\t<div class=\"elementor-container elementor-column-gap-extended\">\n\t\t\t\t\t<div class=\"elementor-column elementor-col-33 elementor-top-column elementor-element elementor-element-f2d76b5\" data-id=\"f2d76b5\" data-element_type=\"column\" data-e-type=\"column\" data-settings=\"{&quot;background_background&quot;:&quot;classic&quot;}\">\n\t\t\t<div class=\"elementor-widget-wrap elementor-element-populated\">\n\t\t\t\t\t\t<div class=\"elementor-element elementor-element-bad5b32 elementor-view-default elementor-widget elementor-widget-icon\" data-id=\"bad5b32\" data-element_type=\"widget\" data-e-type=\"widget\" data-widget_type=\"icon.default\">\n\t\t\t\t<div class=\"elementor-widget-container\">\n\t\t\t\t\t\t\t<div class=\"elementor-icon-wrapper\">\n\t\t\t<div class=\"elementor-icon\">\n\t\t\t<i aria-hidden=\"true\" class=\"et-icon et-shopping-cart\"><\/i>\t\t\t<\/div>\n\t\t<\/div>\n\t\t\t\t\t\t<\/div>\n\t\t\t\t<\/div>\n\t\t\t\t<div class=\"elementor-element elementor-element-d8c5b77 elementor-widget elementor-widget-heading\" data-id=\"d8c5b77\" data-element_type=\"widget\" data-e-type=\"widget\" data-widget_type=\"heading.default\">\n\t\t\t\t<div class=\"elementor-widget-container\">\n\t\t\t\t\t<h2 class=\"elementor-heading-title elementor-size-default\">Cada vez que compr\u00e1s<\/h2>\t\t\t\t<\/div>\n\t\t\t\t<\/div>\n\t\t\t\t<div class=\"elementor-element elementor-element-b61f5fc elementor-widget elementor-widget-heading\" data-id=\"b61f5fc\" data-element_type=\"widget\" data-e-type=\"widget\" data-widget_type=\"heading.default\">\n\t\t\t\t<div class=\"elementor-widget-container\">\n\t\t\t\t\t<h2 class=\"elementor-heading-title elementor-size-default\">Acumula Rewards y utilizarlos como descuento en tu siguiente compra. Cada 100 Rewards descuentas 1 D\u00f3lar.<\/h2>\t\t\t\t<\/div>\n\t\t\t\t<\/div>\n\t\t\t\t\t<\/div>\n\t\t<\/div>\n\t\t\t\t<div class=\"elementor-column elementor-col-33 elementor-top-column elementor-element elementor-element-222049c\" data-id=\"222049c\" data-element_type=\"column\" data-e-type=\"column\" data-settings=\"{&quot;background_background&quot;:&quot;classic&quot;}\">\n\t\t\t<div class=\"elementor-widget-wrap elementor-element-populated\">\n\t\t\t\t\t\t<div class=\"elementor-element elementor-element-a7d963c elementor-view-default elementor-widget elementor-widget-icon\" data-id=\"a7d963c\" data-element_type=\"widget\" data-e-type=\"widget\" data-widget_type=\"icon.default\">\n\t\t\t\t<div class=\"elementor-widget-container\">\n\t\t\t\t\t\t\t<div class=\"elementor-icon-wrapper\">\n\t\t\t<div class=\"elementor-icon\">\n\t\t\t<svg aria-hidden=\"true\" class=\"e-font-icon-svg e-far-gem\" viewbox=\"0 0 576 512\" xmlns=\"http:\/\/www.w3.org\/2000\/svg\"><path d=\"M464 0H112c-4 0-7.8 2-10 5.4L2 152.6c-2.9 4.4-2.6 10.2.7 14.2l276 340.8c4.8 5.9 13.8 5.9 18.6 0l276-340.8c3.3-4.1 3.6-9.8.7-14.2L474.1 5.4C471.8 2 468.1 0 464 0zm-19.3 48l63.3 96h-68.4l-51.7-96h56.8zm-202.1 0h90.7l51.7 96H191l51.6-96zm-111.3 0h56.8l-51.7 96H68l63.3-96zm-43 144h51.4L208 352 88.3 192zm102.9 0h193.6L288 435.3 191.2 192zM368 352l68.2-160h51.4L368 352z\"><\/path><\/svg>\t\t\t<\/div>\n\t\t<\/div>\n\t\t\t\t\t\t<\/div>\n\t\t\t\t<\/div>\n\t\t\t\t<div class=\"elementor-element elementor-element-60376fa elementor-widget elementor-widget-heading\" data-id=\"60376fa\" data-element_type=\"widget\" data-e-type=\"widget\" data-widget_type=\"heading.default\">\n\t\t\t\t<div class=\"elementor-widget-container\">\n\t\t\t\t\t<h2 class=\"elementor-heading-title elementor-size-default\">C\u00f3mo ganas los rewards<\/h2>\t\t\t\t<\/div>\n\t\t\t\t<\/div>\n\t\t\t\t<div class=\"elementor-element elementor-element-0870a76 elementor-widget elementor-widget-heading\" data-id=\"0870a76\" data-element_type=\"widget\" data-e-type=\"widget\" data-widget_type=\"heading.default\">\n\t\t\t\t<div class=\"elementor-widget-container\">\n\t\t\t\t\t<h2 class=\"elementor-heading-title elementor-size-default\">Ten\u00e9s 6 maneras de acumular Rewards: Registrandote, Comprando Productos, Dinero Gastado en tu Compra, Refiriendo Amigos y Acumulando Pedidos.<\/h2>\t\t\t\t<\/div>\n\t\t\t\t<\/div>\n\t\t\t\t\t<\/div>\n\t\t<\/div>\n\t\t\t\t<div class=\"elementor-column elementor-col-33 elementor-top-column elementor-element elementor-element-be6906f\" data-id=\"be6906f\" data-element_type=\"column\" data-e-type=\"column\" data-settings=\"{&quot;background_background&quot;:&quot;classic&quot;}\">\n\t\t\t<div class=\"elementor-widget-wrap elementor-element-populated\">\n\t\t\t\t\t\t<div class=\"elementor-element elementor-element-0816f54 elementor-view-default elementor-widget elementor-widget-icon\" data-id=\"0816f54\" data-element_type=\"widget\" data-e-type=\"widget\" data-widget_type=\"icon.default\">\n\t\t\t\t<div class=\"elementor-widget-container\">\n\t\t\t\t\t\t\t<div class=\"elementor-icon-wrapper\">\n\t\t\t<div class=\"elementor-icon\">\n\t\t\t<svg aria-hidden=\"true\" class=\"e-font-icon-svg e-fas-percentage\" viewbox=\"0 0 384 512\" xmlns=\"http:\/\/www.w3.org\/2000\/svg\"><path d=\"M109.25 173.25c24.99-24.99 24.99-65.52 0-90.51-24.99-24.99-65.52-24.99-90.51 0-24.99 24.99-24.99 65.52 0 90.51 25 25 65.52 25 90.51 0zm256 165.49c-24.99-24.99-65.52-24.99-90.51 0-24.99 24.99-24.99 65.52 0 90.51 24.99 24.99 65.52 24.99 90.51 0 25-24.99 25-65.51 0-90.51zm-1.94-231.43l-22.62-22.62c-12.5-12.5-32.76-12.5-45.25 0L20.69 359.44c-12.5 12.5-12.5 32.76 0 45.25l22.62 22.62c12.5 12.5 32.76 12.5 45.25 0l274.75-274.75c12.5-12.49 12.5-32.75 0-45.25z\"><\/path><\/svg>\t\t\t<\/div>\n\t\t<\/div>\n\t\t\t\t\t\t<\/div>\n\t\t\t\t<\/div>\n\t\t\t\t<div class=\"elementor-element elementor-element-9554656 elementor-widget elementor-widget-heading\" data-id=\"9554656\" data-element_type=\"widget\" data-e-type=\"widget\" data-widget_type=\"heading.default\">\n\t\t\t\t<div class=\"elementor-widget-container\">\n\t\t\t\t\t<h2 class=\"elementor-heading-title elementor-size-default\">Ahorra con Argen\u2192Send<\/h2>\t\t\t\t<\/div>\n\t\t\t\t<\/div>\n\t\t\t\t<div class=\"elementor-element elementor-element-735893d elementor-widget elementor-widget-heading\" data-id=\"735893d\" data-element_type=\"widget\" data-e-type=\"widget\" data-widget_type=\"heading.default\">\n\t\t\t\t<div class=\"elementor-widget-container\">\n\t\t\t\t\t<h2 class=\"elementor-heading-title elementor-size-default\">Utiliza tus Rewards para descontar parte del monto de tus compras.<\/h2>\t\t\t\t<\/div>\n\t\t\t\t<\/div>\n\t\t\t\t\t<\/div>\n\t\t<\/div>\n\t\t\t\t\t<\/div>\n\t\t<\/section>\n\t\t\t\t<section class=\"elementor-section elementor-top-section elementor-element elementor-element-6965702 elementor-section-boxed elementor-section-height-default elementor-section-height-default\" data-id=\"6965702\" data-element_type=\"section\" data-e-type=\"section\">\n\t\t\t\t\t\t<div class=\"elementor-container elementor-column-gap-default\">\n\t\t\t\t\t<div class=\"elementor-column elementor-col-100 elementor-top-column elementor-element elementor-element-4121211\" data-id=\"4121211\" data-element_type=\"column\" data-e-type=\"column\">\n\t\t\t<div class=\"elementor-widget-wrap elementor-element-populated\">\n\t\t\t\t\t\t<div class=\"elementor-element elementor-element-ddb594f elementor-widget elementor-widget-heading\" data-id=\"ddb594f\" data-element_type=\"widget\" data-e-type=\"widget\" data-widget_type=\"heading.default\">\n\t\t\t\t<div class=\"elementor-widget-container\">\n\t\t\t\t\t<h2 class=\"elementor-heading-title elementor-size-default\">Detalle e instrucciones de como se suman y aplican los Rewards<\/h2>\t\t\t\t<\/div>\n\t\t\t\t<\/div>\n\t\t\t\t\t<\/div>\n\t\t<\/div>\n\t\t\t\t\t<\/div>\n\t\t<\/section>\n\t\t\t\t<section class=\"elementor-section elementor-top-section elementor-element elementor-element-99c8e33 elementor-section-boxed elementor-section-height-default elementor-section-height-default\" data-id=\"99c8e33\" data-element_type=\"section\" data-e-type=\"section\">\n\t\t\t\t\t\t<div class=\"elementor-container elementor-column-gap-extended\">\n\t\t\t\t\t<div class=\"elementor-column elementor-col-100 elementor-top-column elementor-element elementor-element-55f2777\" data-id=\"55f2777\" data-element_type=\"column\" data-e-type=\"column\" data-settings=\"{&quot;background_background&quot;:&quot;classic&quot;}\">\n\t\t\t<div class=\"elementor-widget-wrap elementor-element-populated\">\n\t\t\t\t\t\t<div class=\"elementor-element elementor-element-a191bc0 elementor-widget elementor-widget-text-editor\" data-id=\"a191bc0\" data-element_type=\"widget\" data-e-type=\"widget\" data-widget_type=\"text-editor.default\">\n\t\t\t\t<div class=\"elementor-widget-container\">\n\t\t\t\t\t\t\t\t\t<ul><li class=\"full\">Cada\u00a0<b>Producto\/Item<\/b>\u00a0en tu carrito suma\u00a0<b>1 Rewards<\/b>.<\/li><li class=\"full\">Cada\u00a0<b>D\u00f3lar gastado<\/b>\u00a0en tu compra suma\u00a0<b>1 Rewards<\/b>.<\/li><li class=\"full\">Cada\u00a0<b>Compra que supere los u$s200<\/b>\u00a0suma\u00a0<b>50 Rewards<\/b>\u00a0Extras.<\/li><li class=\"full\"><b>Cada vez que refieras<\/b>\u00a0a alguien sum\u00e1s\u00a0<b>15 Rewards<\/b>, lo podes hacer por mail, redes sociales, Whatsapp o donde quieras con tu c\u00f3digo de referido (lo encuentras en tu perfil, secci\u00f3n mi cuenta, ser\u00e1n canceladas las compras que utilicen este m\u00e9todo de manera fraudulenta afrontando por parte del comprador los costos administrativos tanto de la compra como el reembolso).<\/li><li class=\"full\"><b>Cada 10 pedidos<\/b>\u00a0sum\u00e1s\u00a0<b>25 Rewards<\/b>.<\/li><li class=\"full\"><b>Membres\u00eda Reward<\/b>, cuando hayas sumado m\u00e1s de 2.500 Rewards vas a obtener un\u00a0<b>5% de descuento extra<\/b>\u00a0en la categor\u00eda Alimentos y Bebidas por 90 d\u00edas de corrido, o mientras mantengas la membres\u00eda activa con dicha cantidad de Rewards.<\/li><\/ul>\t\t\t\t\t\t\t\t<\/div>\n\t\t\t\t<\/div>\n\t\t\t\t\t<\/div>\n\t\t<\/div>\n\t\t\t\t\t<\/div>\n\t\t<\/section>\n\t\t\t\t<section class=\"elementor-section elementor-top-section elementor-element elementor-element-e22ced4 elementor-section-boxed elementor-section-height-default elementor-section-height-default\" data-id=\"e22ced4\" data-element_type=\"section\" data-e-type=\"section\">\n\t\t\t\t\t\t<div class=\"elementor-container elementor-column-gap-default\">\n\t\t\t\t\t<div class=\"elementor-column elementor-col-100 elementor-top-column elementor-element elementor-element-b631d4d\" data-id=\"b631d4d\" data-element_type=\"column\" data-e-type=\"column\">\n\t\t\t<div class=\"elementor-widget-wrap elementor-element-populated\">\n\t\t\t\t\t\t<div class=\"elementor-element elementor-element-4a70cc4 elementor-widget elementor-widget-heading\" data-id=\"4a70cc4\" data-element_type=\"widget\" data-e-type=\"widget\" data-widget_type=\"heading.default\">\n\t\t\t\t<div class=\"elementor-widget-container\">\n\t\t\t\t\t<h2 class=\"elementor-heading-title elementor-size-default\">Todas las compras tienen regalos<\/h2>\t\t\t\t<\/div>\n\t\t\t\t<\/div>\n\t\t\t\t\t<\/div>\n\t\t<\/div>\n\t\t\t\t\t<\/div>\n\t\t<\/section>\n\t\t\t\t<section class=\"elementor-section elementor-top-section elementor-element elementor-element-c9aa45f elementor-section-boxed elementor-section-height-default elementor-section-height-default\" data-id=\"c9aa45f\" data-element_type=\"section\" data-e-type=\"section\">\n\t\t\t\t\t\t<div class=\"elementor-container elementor-column-gap-extended\">\n\t\t\t\t\t<div class=\"elementor-column elementor-col-100 elementor-top-column elementor-element elementor-element-0036f48\" data-id=\"0036f48\" data-element_type=\"column\" data-e-type=\"column\" data-settings=\"{&quot;background_background&quot;:&quot;classic&quot;}\">\n\t\t\t<div class=\"elementor-widget-wrap elementor-element-populated\">\n\t\t\t\t\t\t<div class=\"elementor-element elementor-element-8d63ff5 elementor-widget elementor-widget-text-editor\" data-id=\"8d63ff5\" data-element_type=\"widget\" data-e-type=\"widget\" data-widget_type=\"text-editor.default\">\n\t\t\t\t<div class=\"elementor-widget-container\">\n\t\t\t\t\t\t\t\t\t<ul><li>Superando los\u00a0<b>u$d 200<\/b>\u00a0en tu compra te enviamos un Regalo y 50 Rewards.<\/li><li>Superando los\u00a0<b>u$d 300<\/b>\u00a0en tu compra m\u00e1s Regalos.<\/li><li>Superando los\u00a0<b>u$d 600<\/b>\u00a0en tu compra recibir\u00e1s otro Regalo.<\/li><\/ul>\t\t\t\t\t\t\t\t<\/div>\n\t\t\t\t<\/div>\n\t\t\t\t\t<\/div>\n\t\t<\/div>\n\t\t\t\t\t<\/div>\n\t\t<\/section>\n\t\t\t\t<section class=\"elementor-section elementor-top-section elementor-element elementor-element-18dc526 elementor-section-full_width elementor-section-height-default elementor-section-height-default\" data-id=\"18dc526\" data-element_type=\"section\" data-e-type=\"section\">\n\t\t\t\t\t\t<div class=\"elementor-container elementor-column-gap-default\">\n\t\t\t\t\t<div class=\"elementor-column elementor-col-100 elementor-top-column elementor-element elementor-element-f42131a\" data-id=\"f42131a\" data-element_type=\"column\" data-e-type=\"column\">\n\t\t\t<div class=\"elementor-widget-wrap\">\n\t\t\t\t\t\t\t<\/div>\n\t\t<\/div>\n\t\t\t\t\t<\/div>\n\t\t<\/section>\n\t\t\t\t<\/div>","protected":false},"excerpt":{"rendered":"<p>Inicio Cada vez que compr\u00e1s Acumula Rewards y utilizarlos como descuento en tu siguiente compra. Cada 100 Rewards descuentas 1 D\u00f3lar. C\u00f3mo ganas los rewards&#8230;<\/p>","protected":false},"author":1,"featured_media":0,"parent":0,"menu_order":0,"comment_status":"closed","ping_status":"open","template":"elementor_header_footer","meta":{"_acf_changed":false,"om_disable_all_campaigns":false,"_monsterinsights_skip_tracking":false,"_monsterinsights_sitenote_active":false,"_monsterinsights_sitenote_note":"","_monsterinsights_sitenote_category":0,"jetpack_post_was_ever_published":false,"footnotes":""},"class_list":["post-3332","page","type-page","status-publish","hentry"],"acf":[],"aioseo_notices":[],"jetpack_shortlink":"https:\/\/wp.me\/PcD9Zw-RK","jetpack_sharing_enabled":true,"_links":{"self":[{"href":"https:\/\/www.argensend.com\/en\/wp-json\/wp\/v2\/pages\/3332","targetHints":{"allow":["GET"]}}],"collection":[{"href":"https:\/\/www.argensend.com\/en\/wp-json\/wp\/v2\/pages"}],"about":[{"href":"https:\/\/www.argensend.com\/en\/wp-json\/wp\/v2\/types\/page"}],"author":[{"embeddable":true,"href":"https:\/\/www.argensend.com\/en\/wp-json\/wp\/v2\/users\/1"}],"replies":[{"embeddable":true,"href":"https:\/\/www.argensend.com\/en\/wp-json\/wp\/v2\/comments?post=3332"}],"version-history":[{"count":18,"href":"https:\/\/www.argensend.com\/en\/wp-json\/wp\/v2\/pages\/3332\/revisions"}],"predecessor-version":[{"id":132156,"href":"https:\/\/www.argensend.com\/en\/wp-json\/wp\/v2\/pages\/3332\/revisions\/132156"}],"wp:attachment":[{"href":"https:\/\/www.argensend.com\/en\/wp-json\/wp\/v2\/media?parent=3332"}],"curies":[{"name":"wp","href":"https:\/\/api.w.org\/{rel}","templated":true}]}}