{"id":65421,"date":"2023-04-28T19:37:52","date_gmt":"2023-04-28T22:37:52","guid":{"rendered":"https:\/\/www.argensend.com\/?page_id=65421"},"modified":"2026-03-01T13:59:20","modified_gmt":"2026-03-01T16:59:20","slug":"categorias","status":"publish","type":"page","link":"https:\/\/www.argensend.com\/en\/categorias\/","title":{"rendered":"Categor\u00edas"},"content":{"rendered":"\t\t<div data-elementor-type=\"wp-page\" data-elementor-id=\"65421\" class=\"elementor elementor-65421\" data-elementor-post-type=\"page\">\n\t\t\t\t\t\t<section class=\"elementor-section elementor-top-section elementor-element elementor-element-7cb2a09 elementor-section-full_width elementor-section-height-default elementor-section-height-default\" data-id=\"7cb2a09\" data-element_type=\"section\" data-e-type=\"section\">\n\t\t\t\t\t\t<div class=\"elementor-container elementor-column-gap-default\">\n\t\t\t\t\t<div class=\"elementor-column elementor-col-100 elementor-top-column elementor-element elementor-element-9e6ea8d\" data-id=\"9e6ea8d\" data-element_type=\"column\" data-e-type=\"column\">\n\t\t\t<div class=\"elementor-widget-wrap elementor-element-populated\">\n\t\t\t\t\t\t<div class=\"elementor-element elementor-element-12226bd elementor-widget elementor-widget-etheme_categories\" data-id=\"12226bd\" data-element_type=\"widget\" data-e-type=\"widget\" data-widget_type=\"etheme_categories.default\">\n\t\t\t\t<div class=\"elementor-widget-container\">\n\t\t\t\t\t\n\t\t\t<div class=\"et-load-block lazy-loading et-ajax-element type-element\" data-type=\"element\" data-extra=\"slider\" data-element=\"etheme_categories\">\n\t\t\t\t<!--googleoff: index-->\n\t\t\t\t<!--noindex-->\n\t\t\t\t<div class=\"et-loader no-lqip\"><svg class=\"loader-circular\" viewBox=\"25 25 50 50\" width=\"30\" height=\"30\"><circle class=\"loader-path\" cx=\"50\" cy=\"50\" r=\"20\" fill=\"none\" stroke-width=\"2\" stroke-miterlimit=\"10\"><\/circle><\/svg><\/div>\n\t\t\t\t<span class=\"hidden et-element-args\"><!--[if IE 6] --[et-ajax]--{\"number\":null,\"title\":\"\",\"orderby\":\"menu_order\",\"order\":\"ASC\",\"hide_empty\":\"yes\",\"columns\":6,\"parent\":\"\",\"display_type\":\"grid\",\"valign\":\"center\",\"no_space\":0,\"text_color\":\"dark\",\"style\":\"classic\",\"text_align\":\"center\",\"text_transform\":\"uppercase\",\"count_label\":\"\",\"sorting\":\"name,products\",\"hide_all\":\"\",\"bg_color\":\"\",\"title_color\":\"\",\"subtitle_color\":\"\",\"title_size\":\"\",\"subtitle_size\":\"\",\"ids\":\"\",\"large\":4,\"notebook\":3,\"tablet_land\":2,\"tablet_portrait\":2,\"mobile\":1,\"slider_autoplay\":false,\"slider_speed\":300,\"slider_loop\":false,\"slider_interval\":3000,\"slider_stop_on_hover\":false,\"slider_spacing\":30,\"pagination_type\":\"hide\",\"default_color\":\"#e1e1e1\",\"active_color\":\"#222\",\"hide_fo\":\"\",\"hide_buttons\":false,\"hide_buttons_for\":\"\",\"navigation_position\":\"middle\",\"navigation_position_style\":\"arrows-hover\",\"navigation_type\":\"arrow\",\"navigation_style\":\"style-1\",\"class\":\"\",\"ajax\":\"true\",\"content_position\":\"under\",\"image_size\":\"woocommerce_thumbnail\",\"image_hover\":\"none\",\"add_overlay\":false,\"content_hover\":\"\",\"view_more\":\"yes\",\"content_type_new\":true,\"image_circle\":\"yes\",\"stretch_images\":false,\"exclude\":\"\",\"is_preview\":false,\"is_elementor\":true}--[!et-ajax]-- ![endif]--><\/span>\n\t\t\t\t\n\t\t\t\t<!--\/noindex-->\n\t\t\t\t<!--googleon: index-->\n\t\t\t<\/div>\n\t\t\t\t\t\t<\/div>\n\t\t\t\t<\/div>\n\t\t\t\t\t<\/div>\n\t\t<\/div>\n\t\t\t\t\t<\/div>\n\t\t<\/section>\n\t\t\t\t<\/div>\n\t\t","protected":false},"excerpt":{"rendered":"<p>Alimentos 2330 productosVer m\u00e1s Bajas Calor\u00edas 135 productosVer m\u00e1s Dulce de Leche 132 productosVer m\u00e1s Dulce de Batata y Membrillo 46 productosVer m\u00e1s Galletitas y&#8230;<\/p>","protected":false},"author":7,"featured_media":0,"parent":0,"menu_order":0,"comment_status":"closed","ping_status":"closed","template":"","meta":{"_acf_changed":false,"om_disable_all_campaigns":false,"_monsterinsights_skip_tracking":false,"_monsterinsights_sitenote_active":false,"_monsterinsights_sitenote_note":"","_monsterinsights_sitenote_category":0,"jetpack_post_was_ever_published":false,"footnotes":""},"class_list":["post-65421","page","type-page","status-publish","hentry"],"acf":[],"aioseo_notices":[],"jetpack_shortlink":"https:\/\/wp.me\/PcD9Zw-h1b","jetpack_sharing_enabled":true,"_links":{"self":[{"href":"https:\/\/www.argensend.com\/en\/wp-json\/wp\/v2\/pages\/65421","targetHints":{"allow":["GET"]}}],"collection":[{"href":"https:\/\/www.argensend.com\/en\/wp-json\/wp\/v2\/pages"}],"about":[{"href":"https:\/\/www.argensend.com\/en\/wp-json\/wp\/v2\/types\/page"}],"author":[{"embeddable":true,"href":"https:\/\/www.argensend.com\/en\/wp-json\/wp\/v2\/users\/7"}],"replies":[{"embeddable":true,"href":"https:\/\/www.argensend.com\/en\/wp-json\/wp\/v2\/comments?post=65421"}],"version-history":[{"count":7,"href":"https:\/\/www.argensend.com\/en\/wp-json\/wp\/v2\/pages\/65421\/revisions"}],"predecessor-version":[{"id":132402,"href":"https:\/\/www.argensend.com\/en\/wp-json\/wp\/v2\/pages\/65421\/revisions\/132402"}],"wp:attachment":[{"href":"https:\/\/www.argensend.com\/en\/wp-json\/wp\/v2\/media?parent=65421"}],"curies":[{"name":"wp","href":"https:\/\/api.w.org\/{rel}","templated":true}]}}