{"id":10070,"date":"2020-09-15T22:32:05","date_gmt":"2020-09-16T01:32:05","guid":{"rendered":"https:\/\/www.argensend.com\/?post_type=product&#038;p=10070"},"modified":"2025-04-21T14:13:25","modified_gmt":"2025-04-21T17:13:25","slug":"taragui-yerba-mate-1-kg-rojo-yerba-mate-35-27-oz-red","status":"publish","type":"product","link":"https:\/\/www.argensend.com\/en\/product\/taragui-yerba-mate-1-kg-rojo-yerba-mate-35-27-oz-red\/","title":{"rendered":"Tarag\u00fci &#8211; Yerba Mate 1kg Rojo"},"content":{"rendered":"<p>Tarag\u00fci es la yerba l\u00edder en la Argentina y posee una personalidad que la hace \u00fanica en su tipo. Desde 1940 es cultivada, cosechada y elaborada en origen por aut\u00e9nticos especialistas. Sus diferentes presentaciones permiten disfrutar siempre de todas las caracter\u00edsticas que distinguen a Tarag\u00fci.<\/p>","protected":false},"excerpt":{"rendered":"<p>Tarag\u00fci es la yerba l\u00edder en la Argentina y posee una personalidad que la hace \u00fanica en su tipo. Desde 1940 es cultivada, cosechada y&#8230;<\/p>","protected":false},"featured_media":10072,"comment_status":"closed","ping_status":"closed","template":"","meta":{"_acf_changed":false,"om_disable_all_campaigns":false,"_monsterinsights_skip_tracking":false,"_monsterinsights_sitenote_active":false,"_monsterinsights_sitenote_note":"","_monsterinsights_sitenote_category":0,"jetpack_post_was_ever_published":false},"etheme_brands":[],"product_brand":[],"product_cat":[8812,2124],"product_tag":[203,234,224,225,473,165,724,713,9997,292,228,163],"class_list":{"0":"post-10070","1":"product","2":"type-product","3":"status-publish","4":"has-post-thumbnail","6":"product_cat-sin-alcohol-kosher","7":"product_cat-yerbas","8":"product_tag-argentina","9":"product_tag-argentine","10":"product_tag-argentino","11":"product_tag-infusion","12":"product_tag-kosher","13":"product_tag-mate","14":"product_tag-red","15":"product_tag-rojo","16":"product_tag-t10bi","17":"product_tag-taragui","18":"product_tag-tradicional","19":"product_tag-yerba","21":"first","22":"instock","23":"taxable","24":"shipping-taxable","25":"purchasable","26":"product-type-simple"},"acf":[],"aioseo_notices":[],"jetpack_sharing_enabled":true,"_links":{"self":[{"href":"https:\/\/www.argensend.com\/en\/wp-json\/wp\/v2\/product\/10070","targetHints":{"allow":["GET"]}}],"collection":[{"href":"https:\/\/www.argensend.com\/en\/wp-json\/wp\/v2\/product"}],"about":[{"href":"https:\/\/www.argensend.com\/en\/wp-json\/wp\/v2\/types\/product"}],"replies":[{"embeddable":true,"href":"https:\/\/www.argensend.com\/en\/wp-json\/wp\/v2\/comments?post=10070"}],"version-history":[{"count":5,"href":"https:\/\/www.argensend.com\/en\/wp-json\/wp\/v2\/product\/10070\/revisions"}],"predecessor-version":[{"id":116467,"href":"https:\/\/www.argensend.com\/en\/wp-json\/wp\/v2\/product\/10070\/revisions\/116467"}],"wp:featuredmedia":[{"embeddable":true,"href":"https:\/\/www.argensend.com\/en\/wp-json\/wp\/v2\/media\/10072"}],"wp:attachment":[{"href":"https:\/\/www.argensend.com\/en\/wp-json\/wp\/v2\/media?parent=10070"}],"wp:term":[{"taxonomy":"brand","embeddable":true,"href":"https:\/\/www.argensend.com\/en\/wp-json\/wp\/v2\/etheme_brands?post=10070"},{"taxonomy":"product_brand","embeddable":true,"href":"https:\/\/www.argensend.com\/en\/wp-json\/wp\/v2\/product_brand?post=10070"},{"taxonomy":"product_cat","embeddable":true,"href":"https:\/\/www.argensend.com\/en\/wp-json\/wp\/v2\/product_cat?post=10070"},{"taxonomy":"product_tag","embeddable":true,"href":"https:\/\/www.argensend.com\/en\/wp-json\/wp\/v2\/product_tag?post=10070"}],"curies":[{"name":"wp","href":"https:\/\/api.w.org\/{rel}","templated":true}]}}