{"id":10557,"date":"2020-10-02T21:24:35","date_gmt":"2020-10-03T00:24:35","guid":{"rendered":"https:\/\/www.argensend.com\/?post_type=product&#038;p=10557"},"modified":"2025-04-21T14:13:21","modified_gmt":"2025-04-21T17:13:21","slug":"cachamate-yerba-mate-hierbas-pampeanas-500-gr","status":"publish","type":"product","link":"https:\/\/www.argensend.com\/en\/product\/cachamate-yerba-mate-hierbas-pampeanas-500-gr\/","title":{"rendered":"Cachamate &#8211; Yerba Mate Hierbas Pampeanas 500gr"},"content":{"rendered":"<p>Yerba Mate x 500 Grs &#8211; Cachamate<\/p>\n<p>T\u00e9 verde, cedr\u00f3n, c\u00e1scara de naranja, coriandro, menta y poleo.<\/p>\n<p>100% Natural<\/p>\n<p>Esta mezcla equilibrada de hierbas da origen a una yerba funcional. Sus propiedades estimulantes brindan una sensaci\u00f3n de saciedad. Renueva energ\u00edas y es antioxidante.<\/p>\n<p>Ingredientes: Yerba mate, poleo, t\u00e9 verde, cedr\u00f3n hoja, c\u00e1scara de naranja amarga, coriandro, menta en polvo. Puede contener soja y leche<\/p>\n<p>Propiedades:<br \/>\n-Alivia afecciones respiratorias<br \/>\n-Antiespasmodicas<br \/>\n-Antiinflamatorias<br \/>\n-Calmantes<br \/>\n-Digestivas<\/p>","protected":false},"excerpt":{"rendered":"<p>Yerba Mate x 500 Grs &#8211; Cachamate T\u00e9 verde, cedr\u00f3n, c\u00e1scara de naranja, coriandro, menta y poleo. 100% Natural Esta mezcla equilibrada de hierbas da&#8230;<\/p>","protected":false},"featured_media":52365,"comment_status":"closed","ping_status":"closed","template":"","meta":{"_acf_changed":false,"om_disable_all_campaigns":false,"_monsterinsights_skip_tracking":false,"_monsterinsights_sitenote_active":false,"_monsterinsights_sitenote_note":"","_monsterinsights_sitenote_category":0},"etheme_brands":[],"product_brand":[],"product_cat":[2124],"product_tag":[203,234,224,6975,3965,884,225,165,6974,228,163],"class_list":{"0":"post-10557","1":"product","2":"type-product","3":"status-publish","4":"has-post-thumbnail","6":"product_cat-yerbas","7":"product_tag-argentina","8":"product_tag-argentine","9":"product_tag-argentino","10":"product_tag-cachamate","11":"product_tag-herbs","12":"product_tag-hierbas","13":"product_tag-infusion","14":"product_tag-mate","15":"product_tag-pampeanas","16":"product_tag-tradicional","17":"product_tag-yerba","19":"first","20":"instock","21":"taxable","22":"shipping-taxable","23":"purchasable","24":"product-type-simple"},"acf":[],"aioseo_notices":[],"_links":{"self":[{"href":"https:\/\/www.argensend.com\/en\/wp-json\/wp\/v2\/product\/10557","targetHints":{"allow":["GET"]}}],"collection":[{"href":"https:\/\/www.argensend.com\/en\/wp-json\/wp\/v2\/product"}],"about":[{"href":"https:\/\/www.argensend.com\/en\/wp-json\/wp\/v2\/types\/product"}],"replies":[{"embeddable":true,"href":"https:\/\/www.argensend.com\/en\/wp-json\/wp\/v2\/comments?post=10557"}],"version-history":[{"count":4,"href":"https:\/\/www.argensend.com\/en\/wp-json\/wp\/v2\/product\/10557\/revisions"}],"predecessor-version":[{"id":116472,"href":"https:\/\/www.argensend.com\/en\/wp-json\/wp\/v2\/product\/10557\/revisions\/116472"}],"wp:featuredmedia":[{"embeddable":true,"href":"https:\/\/www.argensend.com\/en\/wp-json\/wp\/v2\/media\/52365"}],"wp:attachment":[{"href":"https:\/\/www.argensend.com\/en\/wp-json\/wp\/v2\/media?parent=10557"}],"wp:term":[{"taxonomy":"brand","embeddable":true,"href":"https:\/\/www.argensend.com\/en\/wp-json\/wp\/v2\/etheme_brands?post=10557"},{"taxonomy":"product_brand","embeddable":true,"href":"https:\/\/www.argensend.com\/en\/wp-json\/wp\/v2\/product_brand?post=10557"},{"taxonomy":"product_cat","embeddable":true,"href":"https:\/\/www.argensend.com\/en\/wp-json\/wp\/v2\/product_cat?post=10557"},{"taxonomy":"product_tag","embeddable":true,"href":"https:\/\/www.argensend.com\/en\/wp-json\/wp\/v2\/product_tag?post=10557"}],"curies":[{"name":"wp","href":"https:\/\/api.w.org\/{rel}","templated":true}]}}