{"id":10626,"date":"2020-10-04T18:00:41","date_gmt":"2020-10-04T21:00:41","guid":{"rendered":"https:\/\/www.argensend.com\/?post_type=product&#038;p=10626"},"modified":"2026-04-21T02:56:07","modified_gmt":"2026-04-21T05:56:07","slug":"taragui-yerba-mate-sin-palo-500-gr-azul-yerba-mate-without-palo-17-63-oz-blue","status":"publish","type":"product","link":"https:\/\/www.argensend.com\/en\/product\/taragui-yerba-mate-sin-palo-500-gr-azul-yerba-mate-without-palo-17-63-oz-blue\/","title":{"rendered":"Tarag\u00fci &#8211; Yerba Mate Sin Palo 500gr Azul"},"content":{"rendered":"<p>Variedad Sin Palo: De car\u00e1cter acentuado, su molienda de pura hoja le aporta mayor sabor.<\/p>\n<p>Tarag\u00fci es la yerba l\u00edder en la Argentina y posee una personalidad que la hace \u00fanica en su tipo. Desde 1940 es cultivada, cosechada y elaborada en origen por aut\u00e9nticos especialistas. Sus diferentes presentaciones permiten disfrutar siempre de todas las caracter\u00edsticas que distinguen a Tarag\u00fci.<\/p>","protected":false},"excerpt":{"rendered":"<p>Variedad Sin Palo: De car\u00e1cter acentuado, su molienda de pura hoja le aporta mayor sabor. Tarag\u00fci es la yerba l\u00edder en la Argentina y posee&#8230;<\/p>","protected":false},"featured_media":10627,"comment_status":"closed","ping_status":"closed","template":"","meta":{"_acf_changed":false,"om_disable_all_campaigns":false,"_monsterinsights_skip_tracking":false,"_monsterinsights_sitenote_active":false,"_monsterinsights_sitenote_note":"","_monsterinsights_sitenote_category":0},"etheme_brands":[],"product_brand":[],"product_cat":[2124],"product_tag":[203,234,714,935,225,165,5772,292,228,736,163],"class_list":{"0":"post-10626","1":"product","2":"type-product","3":"status-publish","4":"has-post-thumbnail","6":"product_cat-yerbas","7":"product_tag-argentina","8":"product_tag-argentine","9":"product_tag-azul","10":"product_tag-blue","11":"product_tag-infusion","12":"product_tag-mate","13":"product_tag-palo","14":"product_tag-taragui","15":"product_tag-tradicional","16":"product_tag-without","17":"product_tag-yerba","19":"first","20":"instock","21":"sale","22":"taxable","23":"shipping-taxable","24":"purchasable","25":"product-type-simple"},"acf":[],"aioseo_notices":[],"_links":{"self":[{"href":"https:\/\/www.argensend.com\/en\/wp-json\/wp\/v2\/product\/10626","targetHints":{"allow":["GET"]}}],"collection":[{"href":"https:\/\/www.argensend.com\/en\/wp-json\/wp\/v2\/product"}],"about":[{"href":"https:\/\/www.argensend.com\/en\/wp-json\/wp\/v2\/types\/product"}],"replies":[{"embeddable":true,"href":"https:\/\/www.argensend.com\/en\/wp-json\/wp\/v2\/comments?post=10626"}],"version-history":[{"count":5,"href":"https:\/\/www.argensend.com\/en\/wp-json\/wp\/v2\/product\/10626\/revisions"}],"predecessor-version":[{"id":116474,"href":"https:\/\/www.argensend.com\/en\/wp-json\/wp\/v2\/product\/10626\/revisions\/116474"}],"wp:featuredmedia":[{"embeddable":true,"href":"https:\/\/www.argensend.com\/en\/wp-json\/wp\/v2\/media\/10627"}],"wp:attachment":[{"href":"https:\/\/www.argensend.com\/en\/wp-json\/wp\/v2\/media?parent=10626"}],"wp:term":[{"taxonomy":"brand","embeddable":true,"href":"https:\/\/www.argensend.com\/en\/wp-json\/wp\/v2\/etheme_brands?post=10626"},{"taxonomy":"product_brand","embeddable":true,"href":"https:\/\/www.argensend.com\/en\/wp-json\/wp\/v2\/product_brand?post=10626"},{"taxonomy":"product_cat","embeddable":true,"href":"https:\/\/www.argensend.com\/en\/wp-json\/wp\/v2\/product_cat?post=10626"},{"taxonomy":"product_tag","embeddable":true,"href":"https:\/\/www.argensend.com\/en\/wp-json\/wp\/v2\/product_tag?post=10626"}],"curies":[{"name":"wp","href":"https:\/\/api.w.org\/{rel}","templated":true}]}}