{"id":10860,"date":"2020-10-13T19:07:42","date_gmt":"2020-10-13T22:07:42","guid":{"rendered":"https:\/\/www.argensend.com\/?post_type=product&#038;p=10860"},"modified":"2025-04-21T14:13:19","modified_gmt":"2025-04-21T17:13:19","slug":"mananita-yerba-mate-con-palo-1-kg-yerba-mate-with-palo-35-27-oz","status":"publish","type":"product","link":"https:\/\/www.argensend.com\/en\/product\/mananita-yerba-mate-con-palo-1-kg-yerba-mate-with-palo-35-27-oz\/","title":{"rendered":"Ma\u00f1anita &#8211; Yerba Mate con Palo 1kg"},"content":{"rendered":"<div class=\"ui-pdp-container__row\">\n<div class=\"ui-pdp-container__col col-1\">\n<div class=\"ui-pdp-collapsable ui-pdp-description-collapse\">\n<div class=\"ui-pdp-collapsable__container\">\n<div class=\"ui-pdp-description pl-45 pr-45 ui-pdp-collapsable--is-collapsed\">\n<p class=\"ui-pdp-description__content\">Disfruta de una experiencia \u00fanica con la Yerba Mate Ma\u00f1anita Con Palo Sin Tacc de 1kg. Esta yerba mate de marca reconocida y calidad garantizada te ofrece un sabor suave y equilibrado, ideal para compartir con amigos y familiares en cualquier momento del d\u00eda. Al ser libre de gluten, es apta para cel\u00edacos y aquellos que buscan una opci\u00f3n m\u00e1s saludable en su mate. Adem\u00e1s, su presentaci\u00f3n con palo y bajo contenido de polvo asegura una infusi\u00f3n m\u00e1s limpia y sin residuos, permiti\u00e9ndote disfrutar de un mate perfecto en cada cebada. No esperes m\u00e1s para probar la Yerba Mate Ma\u00f1anita Con Palo Sin Tacc 1kg y lleva tu experiencia matera al siguiente nivel.<\/p>\n<\/div>\n<\/div>\n<\/div>\n<\/div>\n<\/div>\n<div class=\"ui-pdp-container__row\">\n<div class=\"ui-pdp-container__col col-1\"><\/div>\n<\/div>\n<div class=\"ui-pdp-container__row ui-pdp-recommendations-row\">\n<div class=\"ui-pdp-container__col col-1\">\n<div class=\"ui-pdp-spot-middle\">\n<section class=\"ui-recommendations-carousel-wrapper-ref\">\n<div class=\"ui-recommendations-carousel-snapped mt-40 mb-40 ui-pdp-spot-middle__separator recos-override__card-vertical\">\n<div class=\"ui-recommendations-carousel-snapped__header\">\n<div class=\"ui-recommendations-carousel-snapped__header-titles\"><\/div>\n<\/div>\n<\/div>\n<\/section>\n<\/div>\n<\/div>\n<\/div>","protected":false},"excerpt":{"rendered":"<p>Disfruta de una experiencia \u00fanica con la Yerba Mate Ma\u00f1anita Con Palo Sin Tacc de 1kg. Esta yerba mate de marca reconocida y calidad garantizada&#8230;<\/p>","protected":false},"featured_media":10861,"comment_status":"closed","ping_status":"closed","template":"","meta":{"_acf_changed":false,"om_disable_all_campaigns":false,"_monsterinsights_skip_tracking":false,"_monsterinsights_sitenote_active":false,"_monsterinsights_sitenote_note":"","_monsterinsights_sitenote_category":0},"etheme_brands":[],"product_brand":[],"product_cat":[2124],"product_tag":[203,234,224,225,3268,165,5772,228,163,9850,3978],"class_list":{"0":"post-10860","1":"product","2":"type-product","3":"status-publish","4":"has-post-thumbnail","6":"product_cat-yerbas","7":"product_tag-argentina","8":"product_tag-argentine","9":"product_tag-argentino","10":"product_tag-infusion","11":"product_tag-mananita","12":"product_tag-mate","13":"product_tag-palo","14":"product_tag-tradicional","15":"product_tag-yerba","16":"product_tag-yerba-mananita","17":"product_tag-yerba-mate","19":"first","20":"instock","21":"taxable","22":"shipping-taxable","23":"purchasable","24":"product-type-simple"},"acf":[],"aioseo_notices":[],"_links":{"self":[{"href":"https:\/\/www.argensend.com\/en\/wp-json\/wp\/v2\/product\/10860","targetHints":{"allow":["GET"]}}],"collection":[{"href":"https:\/\/www.argensend.com\/en\/wp-json\/wp\/v2\/product"}],"about":[{"href":"https:\/\/www.argensend.com\/en\/wp-json\/wp\/v2\/types\/product"}],"replies":[{"embeddable":true,"href":"https:\/\/www.argensend.com\/en\/wp-json\/wp\/v2\/comments?post=10860"}],"version-history":[{"count":5,"href":"https:\/\/www.argensend.com\/en\/wp-json\/wp\/v2\/product\/10860\/revisions"}],"predecessor-version":[{"id":116477,"href":"https:\/\/www.argensend.com\/en\/wp-json\/wp\/v2\/product\/10860\/revisions\/116477"}],"wp:featuredmedia":[{"embeddable":true,"href":"https:\/\/www.argensend.com\/en\/wp-json\/wp\/v2\/media\/10861"}],"wp:attachment":[{"href":"https:\/\/www.argensend.com\/en\/wp-json\/wp\/v2\/media?parent=10860"}],"wp:term":[{"taxonomy":"brand","embeddable":true,"href":"https:\/\/www.argensend.com\/en\/wp-json\/wp\/v2\/etheme_brands?post=10860"},{"taxonomy":"product_brand","embeddable":true,"href":"https:\/\/www.argensend.com\/en\/wp-json\/wp\/v2\/product_brand?post=10860"},{"taxonomy":"product_cat","embeddable":true,"href":"https:\/\/www.argensend.com\/en\/wp-json\/wp\/v2\/product_cat?post=10860"},{"taxonomy":"product_tag","embeddable":true,"href":"https:\/\/www.argensend.com\/en\/wp-json\/wp\/v2\/product_tag?post=10860"}],"curies":[{"name":"wp","href":"https:\/\/api.w.org\/{rel}","templated":true}]}}