{"id":109522,"date":"2024-04-11T10:01:27","date_gmt":"2024-04-11T13:01:27","guid":{"rendered":"https:\/\/www.argensend.com\/?post_type=product&#038;p=109522"},"modified":"2024-12-06T16:46:57","modified_gmt":"2024-12-06T19:46:57","slug":"jarra-de-mesa-pinguino-de-ceramica-amarillo","status":"publish","type":"product","link":"https:\/\/www.argensend.com\/en\/product\/jarra-de-mesa-pinguino-de-ceramica-amarillo\/","title":{"rendered":"Jarra de Mesa Ping\u00fcino de Cer\u00e1mica Amarillo"},"content":{"rendered":"<p><strong>Calidad y versatilidad:<\/strong> Fabricadas con cer\u00e1mica duradera, nuestras jarras son ideales para servir una amplia gama de l\u00edquidos, desde bebidas refrescantes hasta bebidas calientes. Adem\u00e1s, su dise\u00f1o vers\u00e1til las convierte en el accesorio perfecto para agregar un toque \u00fanico a tu decoraci\u00f3n, ya sea como floreros, porta l\u00e1pices, porta cepillos de dientes o simplemente como piezas decorativas.<\/p>\n<p><strong>Variedad de opciones:<\/strong> Con un surtido de 12 vibrantes colores para elegir, seguro encontrar\u00e1s la jarra perfecta que se adapte a tu estilo y preferencias. Adem\u00e1s, ofrecemos tres tama\u00f1os diferentes: 250cc (8.45oz), 500cc (16.9oz) y 1 litro (33.8oz).<\/p>\n<ul>\n<li><a href=\"https:\/\/www.argensend.com\/en\/?s=Jarra+de+Mesa+Ping%C3%BCino+de+Cer%C3%A1mica&amp;post_type=product&amp;et_search=true\">Colores de Jarras Cl\u00e1sicas:<\/a> Amarillo, Azul, Blanco, Gris, Naranja, Negro, Rojo, Verde Militar, Amarillo Pastel, Celeste Pastel, Rosa Pastel, Verde Pastel.<\/li>\n<\/ul>\n<p><strong>Opciones de personalizaci\u00f3n:<\/strong> \u00bfBuscas algo \u00fanico? \u00a1Nosotros te tenemos cubierto! Ofrecemos la opci\u00f3n de personalizar nuestras jarras tanto en color como en presencia de marca, dependiendo de tus necesidades y la cantidad requerida. Ya sea que desees resaltar tu marca o crear un regalo especial, podemos adaptarnos a tus requerimientos. Contactanos por <a href=\"https:\/\/www.argensend.com\/en\/contacto\/\">aqu\u00ed.<\/a><\/p>","protected":false},"excerpt":{"rendered":"<p>Eleg\u00ed el tama\u00f1o que m\u00e1s te guste entre las 3 opciones: 250cc (8.45oz), 500cc (16.9oz) y 1 litro (33.8oz) o compra la oferte de los 3 tama\u00f1os juntos.<\/p>","protected":false},"featured_media":109383,"comment_status":"closed","ping_status":"closed","template":"","meta":{"_acf_changed":false,"om_disable_all_campaigns":false,"_monsterinsights_skip_tracking":false,"_monsterinsights_sitenote_active":false,"_monsterinsights_sitenote_note":"","_monsterinsights_sitenote_category":0,"jetpack_post_was_ever_published":false},"etheme_brands":[],"product_brand":[],"product_cat":[8575,606],"product_tag":[1236,1538,3223,720,3840,10204,933,3851,907],"class_list":{"0":"post-109522","1":"product","2":"type-product","3":"status-publish","4":"has-post-thumbnail","6":"product_cat-cocina-deco-bazar-tradicional","7":"product_cat-cocina-deco-bazar","8":"product_tag-amarillo","9":"product_tag-bebidas","10":"product_tag-ceramica","11":"product_tag-clasica","12":"product_tag-jarra","13":"product_tag-jpc","14":"product_tag-original","15":"product_tag-pinguino","16":"product_tag-vino","18":"first","19":"instock","20":"sale","21":"taxable","22":"shipping-taxable","23":"purchasable","24":"product-type-variable"},"acf":[],"aioseo_notices":[],"jetpack_sharing_enabled":true,"_links":{"self":[{"href":"https:\/\/www.argensend.com\/en\/wp-json\/wp\/v2\/product\/109522","targetHints":{"allow":["GET"]}}],"collection":[{"href":"https:\/\/www.argensend.com\/en\/wp-json\/wp\/v2\/product"}],"about":[{"href":"https:\/\/www.argensend.com\/en\/wp-json\/wp\/v2\/types\/product"}],"replies":[{"embeddable":true,"href":"https:\/\/www.argensend.com\/en\/wp-json\/wp\/v2\/comments?post=109522"}],"version-history":[{"count":5,"href":"https:\/\/www.argensend.com\/en\/wp-json\/wp\/v2\/product\/109522\/revisions"}],"predecessor-version":[{"id":109552,"href":"https:\/\/www.argensend.com\/en\/wp-json\/wp\/v2\/product\/109522\/revisions\/109552"}],"wp:featuredmedia":[{"embeddable":true,"href":"https:\/\/www.argensend.com\/en\/wp-json\/wp\/v2\/media\/109383"}],"wp:attachment":[{"href":"https:\/\/www.argensend.com\/en\/wp-json\/wp\/v2\/media?parent=109522"}],"wp:term":[{"taxonomy":"brand","embeddable":true,"href":"https:\/\/www.argensend.com\/en\/wp-json\/wp\/v2\/etheme_brands?post=109522"},{"taxonomy":"product_brand","embeddable":true,"href":"https:\/\/www.argensend.com\/en\/wp-json\/wp\/v2\/product_brand?post=109522"},{"taxonomy":"product_cat","embeddable":true,"href":"https:\/\/www.argensend.com\/en\/wp-json\/wp\/v2\/product_cat?post=109522"},{"taxonomy":"product_tag","embeddable":true,"href":"https:\/\/www.argensend.com\/en\/wp-json\/wp\/v2\/product_tag?post=109522"}],"curies":[{"name":"wp","href":"https:\/\/api.w.org\/{rel}","templated":true}]}}