{"id":109544,"date":"2024-04-11T10:36:26","date_gmt":"2024-04-11T13:36:26","guid":{"rendered":"https:\/\/www.argensend.com\/?post_type=product&#038;p=109544"},"modified":"2024-12-06T16:46:55","modified_gmt":"2024-12-06T19:46:55","slug":"jarra-de-mesa-pinguino-de-ceramica-hexagonal-gris","status":"publish","type":"product","link":"https:\/\/www.argensend.com\/en\/product\/jarra-de-mesa-pinguino-de-ceramica-hexagonal-gris\/","title":{"rendered":"Jarra de Mesa Ping\u00fcino de Cer\u00e1mica Hexagonal Gris"},"content":{"rendered":"<p><strong>Tama\u00f1o:\u00a0<\/strong>500cc (16.9oz).<\/p>\n<p><strong>Calidad y versatilidad:<\/strong> Fabricadas con cer\u00e1mica duradera, nuestras jarras son ideales para servir una amplia gama de l\u00edquidos, desde bebidas refrescantes hasta bebidas calientes. Adem\u00e1s, su dise\u00f1o vers\u00e1til las convierte en el accesorio perfecto para agregar un toque \u00fanico a tu decoraci\u00f3n, ya sea como floreros, porta l\u00e1pices, porta cepillos de dientes o simplemente como piezas decorativas.<\/p>\n<p><strong>Variedad de opciones:<\/strong> Con un surtido de 10 vibrantes colores para elegir, seguro encontrar\u00e1s la jarra perfecta que se adapte a tu estilo y preferencias.<\/p>\n<ul>\n<li>Colores de Jarras Hexagonales: Amarillo, Blanco, Crema, Gris, Negro, Rojo, Verde, Azul Cemento, Celeste Pastel, Rosa Pastel<\/li>\n<\/ul>\n<p><strong>Opciones de personalizaci\u00f3n:<\/strong> \u00bfBuscas algo \u00fanico? \u00a1Nosotros te tenemos cubierto! Ofrecemos la opci\u00f3n de personalizar nuestras jarras tanto en color como en presencia de marca, dependiendo de tus necesidades y la cantidad requerida. Ya sea que desees resaltar tu marca o crear un regalo especial, podemos adaptarnos a tus requerimientos. Contactanos por <a href=\"https:\/\/www.argensend.com\/en\/contacto\/\">aqu\u00ed.<\/a><\/p>","protected":false},"excerpt":{"rendered":"<p>Tama\u00f1o:\u00a0500cc (16.9oz). Calidad y versatilidad: Fabricadas con cer\u00e1mica duradera, nuestras jarras son ideales para servir una amplia gama de l\u00edquidos, desde bebidas refrescantes hasta bebidas&#8230;<\/p>","protected":false},"featured_media":109397,"comment_status":"closed","ping_status":"closed","template":"","meta":{"_acf_changed":false,"om_disable_all_campaigns":false,"_monsterinsights_skip_tracking":false,"_monsterinsights_sitenote_active":false,"_monsterinsights_sitenote_note":"","_monsterinsights_sitenote_category":0},"etheme_brands":[],"product_brand":[],"product_cat":[8575,606],"product_tag":[1538,3223,2100,10211,3840,933,3851,907],"class_list":{"0":"post-109544","1":"product","2":"type-product","3":"status-publish","4":"has-post-thumbnail","6":"product_cat-cocina-deco-bazar-tradicional","7":"product_cat-cocina-deco-bazar","8":"product_tag-bebidas","9":"product_tag-ceramica","10":"product_tag-gris","11":"product_tag-hexagonal","12":"product_tag-jarra","13":"product_tag-original","14":"product_tag-pinguino","15":"product_tag-vino","17":"first","18":"instock","19":"sale","20":"taxable","21":"shipping-taxable","22":"purchasable","23":"product-type-simple"},"acf":[],"aioseo_notices":[],"_links":{"self":[{"href":"https:\/\/www.argensend.com\/en\/wp-json\/wp\/v2\/product\/109544","targetHints":{"allow":["GET"]}}],"collection":[{"href":"https:\/\/www.argensend.com\/en\/wp-json\/wp\/v2\/product"}],"about":[{"href":"https:\/\/www.argensend.com\/en\/wp-json\/wp\/v2\/types\/product"}],"replies":[{"embeddable":true,"href":"https:\/\/www.argensend.com\/en\/wp-json\/wp\/v2\/comments?post=109544"}],"version-history":[{"count":2,"href":"https:\/\/www.argensend.com\/en\/wp-json\/wp\/v2\/product\/109544\/revisions"}],"predecessor-version":[{"id":109557,"href":"https:\/\/www.argensend.com\/en\/wp-json\/wp\/v2\/product\/109544\/revisions\/109557"}],"wp:featuredmedia":[{"embeddable":true,"href":"https:\/\/www.argensend.com\/en\/wp-json\/wp\/v2\/media\/109397"}],"wp:attachment":[{"href":"https:\/\/www.argensend.com\/en\/wp-json\/wp\/v2\/media?parent=109544"}],"wp:term":[{"taxonomy":"brand","embeddable":true,"href":"https:\/\/www.argensend.com\/en\/wp-json\/wp\/v2\/etheme_brands?post=109544"},{"taxonomy":"product_brand","embeddable":true,"href":"https:\/\/www.argensend.com\/en\/wp-json\/wp\/v2\/product_brand?post=109544"},{"taxonomy":"product_cat","embeddable":true,"href":"https:\/\/www.argensend.com\/en\/wp-json\/wp\/v2\/product_cat?post=109544"},{"taxonomy":"product_tag","embeddable":true,"href":"https:\/\/www.argensend.com\/en\/wp-json\/wp\/v2\/product_tag?post=109544"}],"curies":[{"name":"wp","href":"https:\/\/api.w.org\/{rel}","templated":true}]}}