{"id":109877,"date":"2024-04-18T11:40:25","date_gmt":"2024-04-18T14:40:25","guid":{"rendered":"https:\/\/www.argensend.com\/?post_type=product&#038;p=109877"},"modified":"2024-12-06T16:47:10","modified_gmt":"2024-12-06T19:47:10","slug":"la-puissance-kit-nutricion-argan-shampoo-acond-mascara","status":"publish","type":"product","link":"https:\/\/www.argensend.com\/en\/product\/la-puissance-kit-nutricion-argan-shampoo-acond-mascara\/","title":{"rendered":"La Puissance Kit Nutrici\u00f3n Arg\u00e1n Shampoo + Acond. + M\u00e1scara"},"content":{"rendered":"","protected":false},"excerpt":{"rendered":"","protected":false},"featured_media":109878,"comment_status":"open","ping_status":"closed","template":"","meta":{"_acf_changed":false,"om_disable_all_campaigns":false,"_monsterinsights_skip_tracking":false,"_monsterinsights_sitenote_active":false,"_monsterinsights_sitenote_note":"","_monsterinsights_sitenote_category":0},"etheme_brands":[],"product_brand":[],"product_cat":[8935],"product_tag":[],"class_list":{"0":"post-109877","1":"product","2":"type-product","3":"status-publish","4":"has-post-thumbnail","6":"product_cat-belleza-y-salud","8":"first","9":"instock","10":"taxable","11":"shipping-taxable","12":"purchasable","13":"product-type-simple"},"acf":[],"aioseo_notices":[],"_links":{"self":[{"href":"https:\/\/www.argensend.com\/en\/wp-json\/wp\/v2\/product\/109877","targetHints":{"allow":["GET"]}}],"collection":[{"href":"https:\/\/www.argensend.com\/en\/wp-json\/wp\/v2\/product"}],"about":[{"href":"https:\/\/www.argensend.com\/en\/wp-json\/wp\/v2\/types\/product"}],"replies":[{"embeddable":true,"href":"https:\/\/www.argensend.com\/en\/wp-json\/wp\/v2\/comments?post=109877"}],"version-history":[{"count":1,"href":"https:\/\/www.argensend.com\/en\/wp-json\/wp\/v2\/product\/109877\/revisions"}],"predecessor-version":[{"id":109879,"href":"https:\/\/www.argensend.com\/en\/wp-json\/wp\/v2\/product\/109877\/revisions\/109879"}],"wp:featuredmedia":[{"embeddable":true,"href":"https:\/\/www.argensend.com\/en\/wp-json\/wp\/v2\/media\/109878"}],"wp:attachment":[{"href":"https:\/\/www.argensend.com\/en\/wp-json\/wp\/v2\/media?parent=109877"}],"wp:term":[{"taxonomy":"brand","embeddable":true,"href":"https:\/\/www.argensend.com\/en\/wp-json\/wp\/v2\/etheme_brands?post=109877"},{"taxonomy":"product_brand","embeddable":true,"href":"https:\/\/www.argensend.com\/en\/wp-json\/wp\/v2\/product_brand?post=109877"},{"taxonomy":"product_cat","embeddable":true,"href":"https:\/\/www.argensend.com\/en\/wp-json\/wp\/v2\/product_cat?post=109877"},{"taxonomy":"product_tag","embeddable":true,"href":"https:\/\/www.argensend.com\/en\/wp-json\/wp\/v2\/product_tag?post=109877"}],"curies":[{"name":"wp","href":"https:\/\/api.w.org\/{rel}","templated":true}]}}