{"id":11196,"date":"2020-10-18T19:14:56","date_gmt":"2020-10-18T22:14:56","guid":{"rendered":"https:\/\/www.argensend.com\/?post_type=product&#038;p=11196"},"modified":"2025-04-21T14:13:15","modified_gmt":"2025-04-21T17:13:15","slug":"la-virginia-te-de-tilo-con-manzanilla-y-cedron-caja-25-saquitos-linden-tea-with-chamomile-cedron-box-25-tea-bags","status":"publish","type":"product","link":"https:\/\/www.argensend.com\/en\/product\/la-virginia-te-de-tilo-con-manzanilla-y-cedron-caja-25-saquitos-linden-tea-with-chamomile-cedron-box-25-tea-bags\/","title":{"rendered":"La Virginia &#8211; T\u00e9 de Tilo con Manzanilla y Cedr\u00f3n Caja 25 SAqu\u00edtos"},"content":{"rendered":"","protected":false},"excerpt":{"rendered":"","protected":false},"featured_media":11197,"comment_status":"closed","ping_status":"closed","template":"","meta":{"_acf_changed":false,"om_disable_all_campaigns":false,"_monsterinsights_skip_tracking":false,"_monsterinsights_sitenote_active":false,"_monsterinsights_sitenote_note":"","_monsterinsights_sitenote_category":0},"etheme_brands":[],"product_brand":[],"product_cat":[2125],"product_tag":[8682,8683,203,234,224,1512,921,4143,4494,5581,8695,1846,2985,3393,8694],"class_list":{"0":"post-11196","1":"product","2":"type-product","3":"status-publish","4":"has-post-thumbnail","6":"product_cat-te-mate-cocido","7":"product_tag-25-saquitos","8":"product_tag-25-tea-bags","9":"product_tag-argentina","10":"product_tag-argentine","11":"product_tag-argentino","12":"product_tag-box","13":"product_tag-caja","14":"product_tag-cedron","15":"product_tag-chamomile","16":"product_tag-la-virginia","17":"product_tag-linden","18":"product_tag-manzanilla","19":"product_tag-te","20":"product_tag-tea","21":"product_tag-tilo","23":"first","24":"instock","25":"taxable","26":"shipping-taxable","27":"purchasable","28":"product-type-simple"},"acf":[],"aioseo_notices":[],"_links":{"self":[{"href":"https:\/\/www.argensend.com\/en\/wp-json\/wp\/v2\/product\/11196","targetHints":{"allow":["GET"]}}],"collection":[{"href":"https:\/\/www.argensend.com\/en\/wp-json\/wp\/v2\/product"}],"about":[{"href":"https:\/\/www.argensend.com\/en\/wp-json\/wp\/v2\/types\/product"}],"replies":[{"embeddable":true,"href":"https:\/\/www.argensend.com\/en\/wp-json\/wp\/v2\/comments?post=11196"}],"version-history":[{"count":5,"href":"https:\/\/www.argensend.com\/en\/wp-json\/wp\/v2\/product\/11196\/revisions"}],"predecessor-version":[{"id":117247,"href":"https:\/\/www.argensend.com\/en\/wp-json\/wp\/v2\/product\/11196\/revisions\/117247"}],"wp:featuredmedia":[{"embeddable":true,"href":"https:\/\/www.argensend.com\/en\/wp-json\/wp\/v2\/media\/11197"}],"wp:attachment":[{"href":"https:\/\/www.argensend.com\/en\/wp-json\/wp\/v2\/media?parent=11196"}],"wp:term":[{"taxonomy":"brand","embeddable":true,"href":"https:\/\/www.argensend.com\/en\/wp-json\/wp\/v2\/etheme_brands?post=11196"},{"taxonomy":"product_brand","embeddable":true,"href":"https:\/\/www.argensend.com\/en\/wp-json\/wp\/v2\/product_brand?post=11196"},{"taxonomy":"product_cat","embeddable":true,"href":"https:\/\/www.argensend.com\/en\/wp-json\/wp\/v2\/product_cat?post=11196"},{"taxonomy":"product_tag","embeddable":true,"href":"https:\/\/www.argensend.com\/en\/wp-json\/wp\/v2\/product_tag?post=11196"}],"curies":[{"name":"wp","href":"https:\/\/api.w.org\/{rel}","templated":true}]}}