{"id":11218,"date":"2020-10-18T20:06:33","date_gmt":"2020-10-18T23:06:33","guid":{"rendered":"https:\/\/www.argensend.com\/?post_type=product&#038;p=11218"},"modified":"2025-04-21T14:13:12","modified_gmt":"2025-04-21T17:13:12","slug":"te-mezcla-de-hierbas-taragui-ensuenos-caja-25-saquitos","status":"publish","type":"product","link":"https:\/\/www.argensend.com\/en\/product\/te-mezcla-de-hierbas-taragui-ensuenos-caja-25-saquitos\/","title":{"rendered":"Tarag\u00fci &#8211; T\u00e9 Mezcla de Hierbas Ensue\u00f1os Caja 25 SAqu\u00edtos"},"content":{"rendered":"","protected":false},"excerpt":{"rendered":"","protected":false},"featured_media":11219,"comment_status":"closed","ping_status":"closed","template":"","meta":{"_acf_changed":false,"om_disable_all_campaigns":false,"_monsterinsights_skip_tracking":false,"_monsterinsights_sitenote_active":false,"_monsterinsights_sitenote_note":"","_monsterinsights_sitenote_category":0},"etheme_brands":[],"product_brand":[],"product_cat":[2125,89],"product_tag":[158,236,165,2208,2985,163],"class_list":{"0":"post-11218","1":"product","2":"type-product","3":"status-publish","4":"has-post-thumbnail","6":"product_cat-te-mate-cocido","7":"product_cat-yerba-e-infusiones","8":"product_tag-clasico","9":"product_tag-delicious","10":"product_tag-mate","11":"product_tag-saquitos","12":"product_tag-te","13":"product_tag-yerba","15":"first","16":"instock","17":"taxable","18":"shipping-taxable","19":"purchasable","20":"product-type-simple"},"acf":[],"aioseo_notices":[],"_links":{"self":[{"href":"https:\/\/www.argensend.com\/en\/wp-json\/wp\/v2\/product\/11218","targetHints":{"allow":["GET"]}}],"collection":[{"href":"https:\/\/www.argensend.com\/en\/wp-json\/wp\/v2\/product"}],"about":[{"href":"https:\/\/www.argensend.com\/en\/wp-json\/wp\/v2\/types\/product"}],"replies":[{"embeddable":true,"href":"https:\/\/www.argensend.com\/en\/wp-json\/wp\/v2\/comments?post=11218"}],"version-history":[{"count":5,"href":"https:\/\/www.argensend.com\/en\/wp-json\/wp\/v2\/product\/11218\/revisions"}],"predecessor-version":[{"id":112639,"href":"https:\/\/www.argensend.com\/en\/wp-json\/wp\/v2\/product\/11218\/revisions\/112639"}],"wp:featuredmedia":[{"embeddable":true,"href":"https:\/\/www.argensend.com\/en\/wp-json\/wp\/v2\/media\/11219"}],"wp:attachment":[{"href":"https:\/\/www.argensend.com\/en\/wp-json\/wp\/v2\/media?parent=11218"}],"wp:term":[{"taxonomy":"brand","embeddable":true,"href":"https:\/\/www.argensend.com\/en\/wp-json\/wp\/v2\/etheme_brands?post=11218"},{"taxonomy":"product_brand","embeddable":true,"href":"https:\/\/www.argensend.com\/en\/wp-json\/wp\/v2\/product_brand?post=11218"},{"taxonomy":"product_cat","embeddable":true,"href":"https:\/\/www.argensend.com\/en\/wp-json\/wp\/v2\/product_cat?post=11218"},{"taxonomy":"product_tag","embeddable":true,"href":"https:\/\/www.argensend.com\/en\/wp-json\/wp\/v2\/product_tag?post=11218"}],"curies":[{"name":"wp","href":"https:\/\/api.w.org\/{rel}","templated":true}]}}