{"id":11230,"date":"2020-10-18T20:39:41","date_gmt":"2020-10-18T23:39:41","guid":{"rendered":"https:\/\/www.argensend.com\/?post_type=product&#038;p=11230"},"modified":"2025-04-21T14:13:10","modified_gmt":"2025-04-21T17:13:10","slug":"te-limon-y-miel-taragui-caja-20-saquitos","status":"publish","type":"product","link":"https:\/\/www.argensend.com\/en\/product\/te-limon-y-miel-taragui-caja-20-saquitos\/","title":{"rendered":"Tarag\u00fci &#8211; T\u00e9 Lim\u00f3n y Miel Caja 20 SAqu\u00edtos"},"content":{"rendered":"","protected":false},"excerpt":{"rendered":"","protected":false},"featured_media":11231,"comment_status":"closed","ping_status":"closed","template":"","meta":{"_acf_changed":false,"om_disable_all_campaigns":false,"_monsterinsights_skip_tracking":false,"_monsterinsights_sitenote_active":false,"_monsterinsights_sitenote_note":"","_monsterinsights_sitenote_category":0},"etheme_brands":[],"product_brand":[],"product_cat":[2125,89],"product_tag":[158,236,165,2208,2985,163],"class_list":{"0":"post-11230","1":"product","2":"type-product","3":"status-publish","4":"has-post-thumbnail","6":"product_cat-te-mate-cocido","7":"product_cat-yerba-e-infusiones","8":"product_tag-clasico","9":"product_tag-delicious","10":"product_tag-mate","11":"product_tag-saquitos","12":"product_tag-te","13":"product_tag-yerba","15":"first","16":"instock","17":"taxable","18":"shipping-taxable","19":"purchasable","20":"product-type-simple"},"acf":[],"aioseo_notices":[],"_links":{"self":[{"href":"https:\/\/www.argensend.com\/en\/wp-json\/wp\/v2\/product\/11230","targetHints":{"allow":["GET"]}}],"collection":[{"href":"https:\/\/www.argensend.com\/en\/wp-json\/wp\/v2\/product"}],"about":[{"href":"https:\/\/www.argensend.com\/en\/wp-json\/wp\/v2\/types\/product"}],"replies":[{"embeddable":true,"href":"https:\/\/www.argensend.com\/en\/wp-json\/wp\/v2\/comments?post=11230"}],"version-history":[{"count":6,"href":"https:\/\/www.argensend.com\/en\/wp-json\/wp\/v2\/product\/11230\/revisions"}],"predecessor-version":[{"id":112636,"href":"https:\/\/www.argensend.com\/en\/wp-json\/wp\/v2\/product\/11230\/revisions\/112636"}],"wp:featuredmedia":[{"embeddable":true,"href":"https:\/\/www.argensend.com\/en\/wp-json\/wp\/v2\/media\/11231"}],"wp:attachment":[{"href":"https:\/\/www.argensend.com\/en\/wp-json\/wp\/v2\/media?parent=11230"}],"wp:term":[{"taxonomy":"brand","embeddable":true,"href":"https:\/\/www.argensend.com\/en\/wp-json\/wp\/v2\/etheme_brands?post=11230"},{"taxonomy":"product_brand","embeddable":true,"href":"https:\/\/www.argensend.com\/en\/wp-json\/wp\/v2\/product_brand?post=11230"},{"taxonomy":"product_cat","embeddable":true,"href":"https:\/\/www.argensend.com\/en\/wp-json\/wp\/v2\/product_cat?post=11230"},{"taxonomy":"product_tag","embeddable":true,"href":"https:\/\/www.argensend.com\/en\/wp-json\/wp\/v2\/product_tag?post=11230"}],"curies":[{"name":"wp","href":"https:\/\/api.w.org\/{rel}","templated":true}]}}