{"id":112975,"date":"2024-05-03T11:23:31","date_gmt":"2024-05-03T14:23:31","guid":{"rendered":"https:\/\/www.argensend.com\/?post_type=product&#038;p=112975"},"modified":"2024-12-06T16:47:31","modified_gmt":"2024-12-06T19:47:31","slug":"cuadro-faith-no-more-king-for-a-day-tapa-lp-firmada-y-disco-oro-replica","status":"publish","type":"product","link":"https:\/\/www.argensend.com\/en\/product\/cuadro-faith-no-more-king-for-a-day-tapa-lp-firmada-y-disco-oro-replica\/","title":{"rendered":"Cuadro Faith No More King For A Day Tapa Lp Firmada Y Disco Oro (replica)"},"content":{"rendered":"<p>El display case est\u00e1 montado sobre un cuadro vidriado de 40&#215;50 cm listo para colgar. Incluye la reproducci\u00f3n de una tapa del LP King for a Day, fool for a lifetime, m\u00e1s un vinilo simil disco de oro. Todo presentado de un modo impecable sobre passpartout negro.<\/p>\n<p>The display case is mounted on a 40&#215;50 cm glazed frame ready to hang. It includes a reproduction of a cover of the LP King for a Day, fool for a lifetime, plus a vinyl similar to a gold record. All presented in an impeccable way on a black passpartout.<\/p>","protected":false},"excerpt":{"rendered":"<p>El display case est\u00e1 montado sobre un cuadro vidriado de 40&#215;50 cm listo para colgar. Incluye la reproducci\u00f3n de una tapa del LP King for&#8230;<\/p>","protected":false},"featured_media":112976,"comment_status":"open","ping_status":"closed","template":"","meta":{"_acf_changed":false,"om_disable_all_campaigns":false,"_monsterinsights_skip_tracking":false,"_monsterinsights_sitenote_active":false,"_monsterinsights_sitenote_note":"","_monsterinsights_sitenote_category":0},"etheme_brands":[],"product_brand":[],"product_cat":[18],"product_tag":[3367,3876,10271,10272,3993],"class_list":{"0":"post-112975","1":"product","2":"type-product","3":"status-publish","4":"has-post-thumbnail","6":"product_cat-musica","7":"product_tag-cuadro","8":"product_tag-disco","9":"product_tag-faith-no-more","10":"product_tag-king-for-a-day","11":"product_tag-musica","13":"first","14":"instock","15":"sale","16":"taxable","17":"shipping-taxable","18":"purchasable","19":"product-type-simple"},"acf":[],"aioseo_notices":[],"_links":{"self":[{"href":"https:\/\/www.argensend.com\/en\/wp-json\/wp\/v2\/product\/112975","targetHints":{"allow":["GET"]}}],"collection":[{"href":"https:\/\/www.argensend.com\/en\/wp-json\/wp\/v2\/product"}],"about":[{"href":"https:\/\/www.argensend.com\/en\/wp-json\/wp\/v2\/types\/product"}],"replies":[{"embeddable":true,"href":"https:\/\/www.argensend.com\/en\/wp-json\/wp\/v2\/comments?post=112975"}],"version-history":[{"count":1,"href":"https:\/\/www.argensend.com\/en\/wp-json\/wp\/v2\/product\/112975\/revisions"}],"predecessor-version":[{"id":112977,"href":"https:\/\/www.argensend.com\/en\/wp-json\/wp\/v2\/product\/112975\/revisions\/112977"}],"wp:featuredmedia":[{"embeddable":true,"href":"https:\/\/www.argensend.com\/en\/wp-json\/wp\/v2\/media\/112976"}],"wp:attachment":[{"href":"https:\/\/www.argensend.com\/en\/wp-json\/wp\/v2\/media?parent=112975"}],"wp:term":[{"taxonomy":"brand","embeddable":true,"href":"https:\/\/www.argensend.com\/en\/wp-json\/wp\/v2\/etheme_brands?post=112975"},{"taxonomy":"product_brand","embeddable":true,"href":"https:\/\/www.argensend.com\/en\/wp-json\/wp\/v2\/product_brand?post=112975"},{"taxonomy":"product_cat","embeddable":true,"href":"https:\/\/www.argensend.com\/en\/wp-json\/wp\/v2\/product_cat?post=112975"},{"taxonomy":"product_tag","embeddable":true,"href":"https:\/\/www.argensend.com\/en\/wp-json\/wp\/v2\/product_tag?post=112975"}],"curies":[{"name":"wp","href":"https:\/\/api.w.org\/{rel}","templated":true}]}}