{"id":112981,"date":"2024-05-03T11:27:58","date_gmt":"2024-05-03T14:27:58","guid":{"rendered":"https:\/\/www.argensend.com\/?post_type=product&#038;p=112981"},"modified":"2024-12-06T16:47:32","modified_gmt":"2024-12-06T19:47:32","slug":"cuadro-kiss-love-gun-tapa-lp-firmada-y-disco-oro-replica","status":"publish","type":"product","link":"https:\/\/www.argensend.com\/en\/product\/cuadro-kiss-love-gun-tapa-lp-firmada-y-disco-oro-replica\/","title":{"rendered":"Cuadro Kiss Love Gun Tapa Lp Firmada Y Disco Oro (replica)"},"content":{"rendered":"<p>El display case est\u00e1 montado sobre un cuadro vidriado de 40&#215;50 cm listo para colgar. Incluye la reproducci\u00f3n de la tapa del LP &#8220;Love Gun&#8221; m\u00e1s un vinilo simil disco de oro. Todo presentado de un modo impecable sobre passpartout negro.<\/p>\n<p>The display case is mounted on a 40&#215;50 cm glazed frame ready to hang. It includes the reproduction of the cover of the LP &#8220;Love Gun&#8221; plus a vinyl similar to a gold record. All presented in an impeccable way on a black passpartout.<\/p>","protected":false},"excerpt":{"rendered":"<p>El display case est\u00e1 montado sobre un cuadro vidriado de 40&#215;50 cm listo para colgar. Incluye la reproducci\u00f3n de la tapa del LP &#8220;Love Gun&#8221;&#8230;<\/p>","protected":false},"featured_media":112982,"comment_status":"open","ping_status":"closed","template":"","meta":{"_acf_changed":false,"om_disable_all_campaigns":false,"_monsterinsights_skip_tracking":false,"_monsterinsights_sitenote_active":false,"_monsterinsights_sitenote_note":"","_monsterinsights_sitenote_category":0},"etheme_brands":[],"product_brand":[],"product_cat":[18],"product_tag":[3367,3876,10275,10276,3993],"class_list":{"0":"post-112981","1":"product","2":"type-product","3":"status-publish","4":"has-post-thumbnail","6":"product_cat-musica","7":"product_tag-cuadro","8":"product_tag-disco","9":"product_tag-kiss","10":"product_tag-love-gun","11":"product_tag-musica","13":"first","14":"instock","15":"sale","16":"taxable","17":"shipping-taxable","18":"purchasable","19":"product-type-simple"},"acf":[],"aioseo_notices":[],"_links":{"self":[{"href":"https:\/\/www.argensend.com\/en\/wp-json\/wp\/v2\/product\/112981","targetHints":{"allow":["GET"]}}],"collection":[{"href":"https:\/\/www.argensend.com\/en\/wp-json\/wp\/v2\/product"}],"about":[{"href":"https:\/\/www.argensend.com\/en\/wp-json\/wp\/v2\/types\/product"}],"replies":[{"embeddable":true,"href":"https:\/\/www.argensend.com\/en\/wp-json\/wp\/v2\/comments?post=112981"}],"version-history":[{"count":2,"href":"https:\/\/www.argensend.com\/en\/wp-json\/wp\/v2\/product\/112981\/revisions"}],"predecessor-version":[{"id":112985,"href":"https:\/\/www.argensend.com\/en\/wp-json\/wp\/v2\/product\/112981\/revisions\/112985"}],"wp:featuredmedia":[{"embeddable":true,"href":"https:\/\/www.argensend.com\/en\/wp-json\/wp\/v2\/media\/112982"}],"wp:attachment":[{"href":"https:\/\/www.argensend.com\/en\/wp-json\/wp\/v2\/media?parent=112981"}],"wp:term":[{"taxonomy":"brand","embeddable":true,"href":"https:\/\/www.argensend.com\/en\/wp-json\/wp\/v2\/etheme_brands?post=112981"},{"taxonomy":"product_brand","embeddable":true,"href":"https:\/\/www.argensend.com\/en\/wp-json\/wp\/v2\/product_brand?post=112981"},{"taxonomy":"product_cat","embeddable":true,"href":"https:\/\/www.argensend.com\/en\/wp-json\/wp\/v2\/product_cat?post=112981"},{"taxonomy":"product_tag","embeddable":true,"href":"https:\/\/www.argensend.com\/en\/wp-json\/wp\/v2\/product_tag?post=112981"}],"curies":[{"name":"wp","href":"https:\/\/api.w.org\/{rel}","templated":true}]}}