{"id":113011,"date":"2024-05-03T12:00:47","date_gmt":"2024-05-03T15:00:47","guid":{"rendered":"https:\/\/www.argensend.com\/?post_type=product&#038;p=113011"},"modified":"2024-12-06T16:47:32","modified_gmt":"2024-12-06T19:47:32","slug":"cuadro-usa-for-africa-we-are-the-world-tapa-lp-firmada-y-disco-oro-replica","status":"publish","type":"product","link":"https:\/\/www.argensend.com\/en\/product\/cuadro-usa-for-africa-we-are-the-world-tapa-lp-firmada-y-disco-oro-replica\/","title":{"rendered":"Cuadro Usa For Africa &#8211; We Are The World Tapa Lp Firmada Y Disco Oro (replica)"},"content":{"rendered":"<p>El display case est\u00e1 montado sobre un cuadro vidriado de 40&#215;50 cm listo para colgar. Incluye la reproducci\u00f3n de una tapa del EP We Are The World el hit de los 80 que surgi\u00f3 de la campa\u00f1a solidaria con Africa autografiada por Lionel Richie, Stevie Wonder, Paul Simon,<br \/>\nKenny Rogers, James Ingram, Tina Turner, Billy Joel, Michael Jackson, Diana Ross, Dionne Warwick, Willie Nelson, Al Jarreau, Bruce Springsteen, Kenny Loggins, Steve Perry, Daryl Hall, Huey Lewis, Cyndi Lauper, Kim Carnes, Bob Dylan, Ray Charles, cuyo original fue subastado en USA, m\u00e1s un vinilo simil disco de oro. Todo presentado de un modo impecable sobre passpartout negro.<\/p>\n<p>The display case is mounted on a 40&#215;50 cm glazed frame ready to hang. It includes a reproduction of a cover of the EP We Are The World, the 80&#8217;s hit that came out of the Africa solidarity campaign, autographed by Lionel Richie, Stevie Wonder, Paul Simon,<br \/>\nKenny Rogers, James Ingram, Tina Turner, Billy Joel, Michael Jackson, Diana Ross, Dionne Warwick, Willie Nelson, Al Jarreau, Bruce Springsteen, Kenny Loggins, Steve Perry, Daryl Hall, Huey Lewis, Cyndi Lauper, Kim Carnes, Bob Dylan, Ray Charles, whose original was auctioned in the USA, plus a similar vinyl gold record. All presented in an impeccable way on black passpartout.<\/p>","protected":false},"excerpt":{"rendered":"<p>El display case est\u00e1 montado sobre un cuadro vidriado de 40&#215;50 cm listo para colgar. Incluye la reproducci\u00f3n de una tapa del EP We Are&#8230;<\/p>","protected":false},"featured_media":113012,"comment_status":"open","ping_status":"closed","template":"","meta":{"_acf_changed":false,"om_disable_all_campaigns":false,"_monsterinsights_skip_tracking":false,"_monsterinsights_sitenote_active":false,"_monsterinsights_sitenote_note":"","_monsterinsights_sitenote_category":0,"jetpack_post_was_ever_published":false},"etheme_brands":[],"product_brand":[],"product_cat":[18],"product_tag":[3367,3876,10278,3993,10288,10289],"class_list":{"0":"post-113011","1":"product","2":"type-product","3":"status-publish","4":"has-post-thumbnail","6":"product_cat-musica","7":"product_tag-cuadro","8":"product_tag-disco","9":"product_tag-michael-jackson","10":"product_tag-musica","11":"product_tag-usa-for-africa","12":"product_tag-we-are-the-world","14":"first","15":"instock","16":"sale","17":"taxable","18":"shipping-taxable","19":"purchasable","20":"product-type-simple"},"acf":[],"aioseo_notices":[],"jetpack_sharing_enabled":true,"_links":{"self":[{"href":"https:\/\/www.argensend.com\/en\/wp-json\/wp\/v2\/product\/113011","targetHints":{"allow":["GET"]}}],"collection":[{"href":"https:\/\/www.argensend.com\/en\/wp-json\/wp\/v2\/product"}],"about":[{"href":"https:\/\/www.argensend.com\/en\/wp-json\/wp\/v2\/types\/product"}],"replies":[{"embeddable":true,"href":"https:\/\/www.argensend.com\/en\/wp-json\/wp\/v2\/comments?post=113011"}],"version-history":[{"count":1,"href":"https:\/\/www.argensend.com\/en\/wp-json\/wp\/v2\/product\/113011\/revisions"}],"predecessor-version":[{"id":113013,"href":"https:\/\/www.argensend.com\/en\/wp-json\/wp\/v2\/product\/113011\/revisions\/113013"}],"wp:featuredmedia":[{"embeddable":true,"href":"https:\/\/www.argensend.com\/en\/wp-json\/wp\/v2\/media\/113012"}],"wp:attachment":[{"href":"https:\/\/www.argensend.com\/en\/wp-json\/wp\/v2\/media?parent=113011"}],"wp:term":[{"taxonomy":"brand","embeddable":true,"href":"https:\/\/www.argensend.com\/en\/wp-json\/wp\/v2\/etheme_brands?post=113011"},{"taxonomy":"product_brand","embeddable":true,"href":"https:\/\/www.argensend.com\/en\/wp-json\/wp\/v2\/product_brand?post=113011"},{"taxonomy":"product_cat","embeddable":true,"href":"https:\/\/www.argensend.com\/en\/wp-json\/wp\/v2\/product_cat?post=113011"},{"taxonomy":"product_tag","embeddable":true,"href":"https:\/\/www.argensend.com\/en\/wp-json\/wp\/v2\/product_tag?post=113011"}],"curies":[{"name":"wp","href":"https:\/\/api.w.org\/{rel}","templated":true}]}}