{"id":114414,"date":"2024-05-24T11:07:31","date_gmt":"2024-05-24T14:07:31","guid":{"rendered":"https:\/\/www.argensend.com\/?post_type=product&#038;p=114414"},"modified":"2024-12-06T16:47:42","modified_gmt":"2024-12-06T19:47:42","slug":"habitos-vida-despues-reseteo-pereyra-2-libros","status":"publish","type":"product","link":"https:\/\/www.argensend.com\/en\/product\/habitos-vida-despues-reseteo-pereyra-2-libros\/","title":{"rendered":"Habitos + Vida Despues Reseteo &#8211; Pereyra  2 Libros"},"content":{"rendered":"<p>Todos queremos crear nuevos habitos para sentirnos bien: comer saludable, hacer ejercicio, respetar las horas de descanso, limitar el uso del celular, destinar un tiempo para relajarnos y conectarnos con la vida social, tomar mas agua y la lista sigue. Sabemos que incorporandolos dejariamos de tener muchos malestares y viviriamos mejor. Pero como armar rutinas posibles y sostenerlas? Facundo Pereyra, especialista en medicina interna, gastroenterologia y endoscopia digestiva, y autor del best seller Resetea tus intestinos, nos ofrece esta guia practicapara generar habitos sanos de manera facil, eliminar para siempre los sintomas y volver a disfrutar de la vida.<\/p>\n<p>SINOPSIS La vida despues del reseteo:<br \/>\nYa hice el reseteo y ahora, \u00bfc\u00f3mo sigo?<\/p>\n<p>\u2022 Qu\u00e9 como en las reuniones sociales<br \/>\n\u2022 C\u00f3mo reemplazo las harinas y los edulcorantes<br \/>\n\u2022 De qu\u00e9 manera organizo una alacena saludable<br \/>\n\u2022 C\u00f3mo creo el h\u00e1bito del ejercicio f\u00edsico<br \/>\n\u2022 Cu\u00e1les son las claves para integrar la alimentaci\u00f3n sana<br \/>\nen mi familia<br \/>\n\u2022 De qu\u00e9 manera incorporo el ayuno intermitente y los<br \/>\nsuplementos<\/p>","protected":false},"excerpt":{"rendered":"<p>Todos queremos crear nuevos habitos para sentirnos bien: comer saludable, hacer ejercicio, respetar las horas de descanso, limitar el uso del celular, destinar un tiempo&#8230;<\/p>","protected":false},"featured_media":114415,"comment_status":"closed","ping_status":"closed","template":"","meta":{"_acf_changed":false,"om_disable_all_campaigns":false,"_monsterinsights_skip_tracking":false,"_monsterinsights_sitenote_active":false,"_monsterinsights_sitenote_note":"","_monsterinsights_sitenote_category":0},"etheme_brands":[],"product_brand":[],"product_cat":[685],"product_tag":[203,814,812,811,815,817,816,813],"class_list":{"0":"post-114414","1":"product","2":"type-product","3":"status-publish","4":"has-post-thumbnail","6":"product_cat-libros","7":"product_tag-argentina","8":"product_tag-first-time","9":"product_tag-macri","10":"product_tag-mauricio","11":"product_tag-planeta","12":"product_tag-president","13":"product_tag-presidente","14":"product_tag-primer-tiempo","16":"first","17":"instock","18":"taxable","19":"shipping-taxable","20":"purchasable","21":"product-type-simple"},"acf":[],"aioseo_notices":[],"_links":{"self":[{"href":"https:\/\/www.argensend.com\/en\/wp-json\/wp\/v2\/product\/114414","targetHints":{"allow":["GET"]}}],"collection":[{"href":"https:\/\/www.argensend.com\/en\/wp-json\/wp\/v2\/product"}],"about":[{"href":"https:\/\/www.argensend.com\/en\/wp-json\/wp\/v2\/types\/product"}],"replies":[{"embeddable":true,"href":"https:\/\/www.argensend.com\/en\/wp-json\/wp\/v2\/comments?post=114414"}],"version-history":[{"count":1,"href":"https:\/\/www.argensend.com\/en\/wp-json\/wp\/v2\/product\/114414\/revisions"}],"predecessor-version":[{"id":114416,"href":"https:\/\/www.argensend.com\/en\/wp-json\/wp\/v2\/product\/114414\/revisions\/114416"}],"wp:featuredmedia":[{"embeddable":true,"href":"https:\/\/www.argensend.com\/en\/wp-json\/wp\/v2\/media\/114415"}],"wp:attachment":[{"href":"https:\/\/www.argensend.com\/en\/wp-json\/wp\/v2\/media?parent=114414"}],"wp:term":[{"taxonomy":"brand","embeddable":true,"href":"https:\/\/www.argensend.com\/en\/wp-json\/wp\/v2\/etheme_brands?post=114414"},{"taxonomy":"product_brand","embeddable":true,"href":"https:\/\/www.argensend.com\/en\/wp-json\/wp\/v2\/product_brand?post=114414"},{"taxonomy":"product_cat","embeddable":true,"href":"https:\/\/www.argensend.com\/en\/wp-json\/wp\/v2\/product_cat?post=114414"},{"taxonomy":"product_tag","embeddable":true,"href":"https:\/\/www.argensend.com\/en\/wp-json\/wp\/v2\/product_tag?post=114414"}],"curies":[{"name":"wp","href":"https:\/\/api.w.org\/{rel}","templated":true}]}}