{"id":114417,"date":"2024-05-24T11:56:21","date_gmt":"2024-05-24T14:56:21","guid":{"rendered":"https:\/\/www.argensend.com\/?post_type=product&#038;p=114417"},"modified":"2024-12-06T16:47:42","modified_gmt":"2024-12-06T19:47:42","slug":"campera-adidas-argentina-afa-prematch-dorada","status":"publish","type":"product","link":"https:\/\/www.argensend.com\/en\/product\/campera-adidas-argentina-afa-prematch-dorada\/","title":{"rendered":"Campera Adidas Argentina AFA prematch Dorada"},"content":{"rendered":"<p><strong>Importante: <\/strong>Consultar talle disponible antes de realizar la compra desde el S al XXL<\/p>","protected":false},"excerpt":{"rendered":"<h3 class=\"subtitle___9ljbp\">UNA CAMPERA DEPORTIVA HECHA CON MATERIALES RECICLADOS PARA HINCHAS DE LA SELECCI\u00d3N CAMPEONA DEL MUNDO<\/h3>\n<p class=\"gl-vspace\">Campera de la selecci\u00f3n Argentina sus pu\u00f1os el\u00e1sticos, capucha regulable y tejido impermeable te aseguran la mejor experiencia con esta prenda. C\u00f3modo forro interno. Hecho con materiales 100% reciclados. Material: poli\u00e9ster. cuello alto. Dos bolsillos laterales. Logo de la marca y escudo de AFA en el frente de la prenda. Origen Vietnam.<\/p>","protected":false},"featured_media":114425,"comment_status":"closed","ping_status":"closed","template":"","meta":{"_acf_changed":false,"om_disable_all_campaigns":false,"_monsterinsights_skip_tracking":false,"_monsterinsights_sitenote_active":false,"_monsterinsights_sitenote_note":"","_monsterinsights_sitenote_category":0,"jetpack_post_was_ever_published":false},"etheme_brands":[],"product_brand":[],"product_cat":[9012,1212],"product_tag":[669,1977,1125,203,191,1050,5939,3302],"class_list":{"0":"post-114417","1":"product","2":"type-product","3":"status-publish","4":"has-post-thumbnail","6":"product_cat-argentina-campeon-del-mundo","7":"product_cat-seleccion-argentina","8":"product_tag-adidas","9":"product_tag-afa","10":"product_tag-alternativa","11":"product_tag-argentina","12":"product_tag-campera","13":"product_tag-futbol","14":"product_tag-seleccion-argentina","15":"product_tag-shirt","17":"first","18":"instock","19":"taxable","20":"shipping-taxable","21":"purchasable","22":"product-type-simple"},"acf":[],"aioseo_notices":[],"jetpack_sharing_enabled":true,"_links":{"self":[{"href":"https:\/\/www.argensend.com\/en\/wp-json\/wp\/v2\/product\/114417","targetHints":{"allow":["GET"]}}],"collection":[{"href":"https:\/\/www.argensend.com\/en\/wp-json\/wp\/v2\/product"}],"about":[{"href":"https:\/\/www.argensend.com\/en\/wp-json\/wp\/v2\/types\/product"}],"replies":[{"embeddable":true,"href":"https:\/\/www.argensend.com\/en\/wp-json\/wp\/v2\/comments?post=114417"}],"version-history":[{"count":1,"href":"https:\/\/www.argensend.com\/en\/wp-json\/wp\/v2\/product\/114417\/revisions"}],"predecessor-version":[{"id":114445,"href":"https:\/\/www.argensend.com\/en\/wp-json\/wp\/v2\/product\/114417\/revisions\/114445"}],"wp:featuredmedia":[{"embeddable":true,"href":"https:\/\/www.argensend.com\/en\/wp-json\/wp\/v2\/media\/114425"}],"wp:attachment":[{"href":"https:\/\/www.argensend.com\/en\/wp-json\/wp\/v2\/media?parent=114417"}],"wp:term":[{"taxonomy":"brand","embeddable":true,"href":"https:\/\/www.argensend.com\/en\/wp-json\/wp\/v2\/etheme_brands?post=114417"},{"taxonomy":"product_brand","embeddable":true,"href":"https:\/\/www.argensend.com\/en\/wp-json\/wp\/v2\/product_brand?post=114417"},{"taxonomy":"product_cat","embeddable":true,"href":"https:\/\/www.argensend.com\/en\/wp-json\/wp\/v2\/product_cat?post=114417"},{"taxonomy":"product_tag","embeddable":true,"href":"https:\/\/www.argensend.com\/en\/wp-json\/wp\/v2\/product_tag?post=114417"}],"curies":[{"name":"wp","href":"https:\/\/api.w.org\/{rel}","templated":true}]}}