{"id":114565,"date":"2024-05-30T14:18:27","date_gmt":"2024-05-30T17:18:27","guid":{"rendered":"https:\/\/www.argensend.com\/?post_type=product&#038;p=114565"},"modified":"2025-04-21T14:02:29","modified_gmt":"2025-04-21T17:02:29","slug":"fronteras-yerba-mate-manzanilla-y-naranja-500-gr","status":"publish","type":"product","link":"https:\/\/www.argensend.com\/en\/product\/fronteras-yerba-mate-manzanilla-y-naranja-500-gr\/","title":{"rendered":"FRONTERAS YERBA MATE, MANZANILLA Y NARANJA 500GR"},"content":{"rendered":"<p>Notas florales que te sorprenden y te relajan. Ideal para arrancar el d\u00eda.<\/p>\n<p>Si ya sabes cu\u00e1l es la Fronteras que m\u00e1s te gusta, este producto es para vos: 500 gr. de tu mezcla preferida!<\/p>\n<p>Tambi\u00e9n es ideal para rellenar tus latas y tener siempre Fronteras para disfrutar en compa\u00f1\u00eda.<\/p>\n<p>Floral notes that surprise and relax you. Ideal to start the day.<\/p>\n<p>If you already know which Fronteras you like best, this product is for you: 500 gr. of your favorite blend!<\/p>\n<p>It is also ideal to refill your cans and always have Fronteras to enjoy in company.<\/p>\n<p>&nbsp;<\/p>","protected":false},"excerpt":{"rendered":"<p>Un perfume que invade tus sentidos. Una mezcla con aroma floral y gusto fresco que pide a gritos que lo combines con algo dulce.<\/p>\n<p>Si ya sabes cu\u00e1l es la Fronteras que m\u00e1s te gusta, este producto es para vos: 500 gr. de tu mezcla preferida!<\/p>\n<p>Tambi\u00e9n es ideal para rellenar tus latas y tener siempre Fronteras para disfrutar en compa\u00f1\u00eda.<\/p>\n<p>A perfume that invades your senses. A blend with a floral aroma and fresh taste that cries out for you to combine it with something sweet.<\/p>\n<p>If you already know which Fronteras you like the most, this product is for you: 500 gr. of your favorite blend!<\/p>\n<p>It is also ideal to refill your cans and always have Fronteras to enjoy in company.<\/p>","protected":false},"featured_media":114569,"comment_status":"open","ping_status":"closed","template":"","meta":{"_acf_changed":false,"om_disable_all_campaigns":false,"_monsterinsights_skip_tracking":false,"_monsterinsights_sitenote_active":false,"_monsterinsights_sitenote_note":"","_monsterinsights_sitenote_category":0},"etheme_brands":[],"product_brand":[],"product_cat":[8941,2124],"product_tag":[10302,163],"class_list":{"0":"post-114565","1":"product","2":"type-product","3":"status-publish","4":"has-post-thumbnail","6":"product_cat-sin-categoria","7":"product_cat-yerbas","8":"product_tag-fronteras","9":"product_tag-yerba","11":"first","12":"instock","13":"taxable","14":"shipping-taxable","15":"purchasable","16":"product-type-simple"},"acf":[],"aioseo_notices":[],"_links":{"self":[{"href":"https:\/\/www.argensend.com\/en\/wp-json\/wp\/v2\/product\/114565","targetHints":{"allow":["GET"]}}],"collection":[{"href":"https:\/\/www.argensend.com\/en\/wp-json\/wp\/v2\/product"}],"about":[{"href":"https:\/\/www.argensend.com\/en\/wp-json\/wp\/v2\/types\/product"}],"replies":[{"embeddable":true,"href":"https:\/\/www.argensend.com\/en\/wp-json\/wp\/v2\/comments?post=114565"}],"version-history":[{"count":3,"href":"https:\/\/www.argensend.com\/en\/wp-json\/wp\/v2\/product\/114565\/revisions"}],"predecessor-version":[{"id":114571,"href":"https:\/\/www.argensend.com\/en\/wp-json\/wp\/v2\/product\/114565\/revisions\/114571"}],"wp:featuredmedia":[{"embeddable":true,"href":"https:\/\/www.argensend.com\/en\/wp-json\/wp\/v2\/media\/114569"}],"wp:attachment":[{"href":"https:\/\/www.argensend.com\/en\/wp-json\/wp\/v2\/media?parent=114565"}],"wp:term":[{"taxonomy":"brand","embeddable":true,"href":"https:\/\/www.argensend.com\/en\/wp-json\/wp\/v2\/etheme_brands?post=114565"},{"taxonomy":"product_brand","embeddable":true,"href":"https:\/\/www.argensend.com\/en\/wp-json\/wp\/v2\/product_brand?post=114565"},{"taxonomy":"product_cat","embeddable":true,"href":"https:\/\/www.argensend.com\/en\/wp-json\/wp\/v2\/product_cat?post=114565"},{"taxonomy":"product_tag","embeddable":true,"href":"https:\/\/www.argensend.com\/en\/wp-json\/wp\/v2\/product_tag?post=114565"}],"curies":[{"name":"wp","href":"https:\/\/api.w.org\/{rel}","templated":true}]}}