{"id":114575,"date":"2024-05-30T14:54:30","date_gmt":"2024-05-30T17:54:30","guid":{"rendered":"https:\/\/www.argensend.com\/?post_type=product&#038;p=114575"},"modified":"2025-04-21T14:02:28","modified_gmt":"2025-04-21T17:02:28","slug":"fronteras-yerba-mate-poleo-y-cardamomo","status":"publish","type":"product","link":"https:\/\/www.argensend.com\/en\/product\/fronteras-yerba-mate-poleo-y-cardamomo\/","title":{"rendered":"FRONTERAS YERBA MATE, POLEO Y CARDAMOMO"},"content":{"rendered":"","protected":false},"excerpt":{"rendered":"<p>Sabor salvaje y especiado. La frescura justa para encarar bien tu dia.<\/p>\n<p>Si ya sabes cu\u00e1l es la Fronteras que m\u00e1s te gusta, este producto es para vos: 500 gr. de tu mezcla preferida!<\/p>\n<p>Tambi\u00e9n es ideal para rellenar tus latas y tener siempre Fronteras para disfrutar en compa\u00f1\u00eda.<\/p>\n<p>&nbsp;<\/p>","protected":false},"featured_media":114577,"comment_status":"open","ping_status":"closed","template":"","meta":{"_acf_changed":false,"om_disable_all_campaigns":false,"_monsterinsights_skip_tracking":false,"_monsterinsights_sitenote_active":false,"_monsterinsights_sitenote_note":"","_monsterinsights_sitenote_category":0},"etheme_brands":[],"product_brand":[],"product_cat":[8941,2124],"product_tag":[10302,163],"class_list":{"0":"post-114575","1":"product","2":"type-product","3":"status-publish","4":"has-post-thumbnail","6":"product_cat-sin-categoria","7":"product_cat-yerbas","8":"product_tag-fronteras","9":"product_tag-yerba","11":"first","12":"instock","13":"taxable","14":"shipping-taxable","15":"purchasable","16":"product-type-simple"},"acf":[],"aioseo_notices":[],"_links":{"self":[{"href":"https:\/\/www.argensend.com\/en\/wp-json\/wp\/v2\/product\/114575","targetHints":{"allow":["GET"]}}],"collection":[{"href":"https:\/\/www.argensend.com\/en\/wp-json\/wp\/v2\/product"}],"about":[{"href":"https:\/\/www.argensend.com\/en\/wp-json\/wp\/v2\/types\/product"}],"replies":[{"embeddable":true,"href":"https:\/\/www.argensend.com\/en\/wp-json\/wp\/v2\/comments?post=114575"}],"version-history":[{"count":1,"href":"https:\/\/www.argensend.com\/en\/wp-json\/wp\/v2\/product\/114575\/revisions"}],"predecessor-version":[{"id":114578,"href":"https:\/\/www.argensend.com\/en\/wp-json\/wp\/v2\/product\/114575\/revisions\/114578"}],"wp:featuredmedia":[{"embeddable":true,"href":"https:\/\/www.argensend.com\/en\/wp-json\/wp\/v2\/media\/114577"}],"wp:attachment":[{"href":"https:\/\/www.argensend.com\/en\/wp-json\/wp\/v2\/media?parent=114575"}],"wp:term":[{"taxonomy":"brand","embeddable":true,"href":"https:\/\/www.argensend.com\/en\/wp-json\/wp\/v2\/etheme_brands?post=114575"},{"taxonomy":"product_brand","embeddable":true,"href":"https:\/\/www.argensend.com\/en\/wp-json\/wp\/v2\/product_brand?post=114575"},{"taxonomy":"product_cat","embeddable":true,"href":"https:\/\/www.argensend.com\/en\/wp-json\/wp\/v2\/product_cat?post=114575"},{"taxonomy":"product_tag","embeddable":true,"href":"https:\/\/www.argensend.com\/en\/wp-json\/wp\/v2\/product_tag?post=114575"}],"curies":[{"name":"wp","href":"https:\/\/api.w.org\/{rel}","templated":true}]}}