{"id":114597,"date":"2024-05-31T14:13:42","date_gmt":"2024-05-31T17:13:42","guid":{"rendered":"https:\/\/www.argensend.com\/?post_type=product&#038;p=114597"},"modified":"2024-12-06T16:47:49","modified_gmt":"2024-12-06T19:47:49","slug":"wall-art-3d-mapa-argentina-mediterraneo","status":"publish","type":"product","link":"https:\/\/www.argensend.com\/en\/product\/wall-art-3d-mapa-argentina-mediterraneo\/","title":{"rendered":"WALL ART 3D &#8211; MAPA ARGENTINA { MEDITERR\u00c1NEO }"},"content":{"rendered":"","protected":false},"excerpt":{"rendered":"<p style=\"font-weight: 400;\"><b><i>Mapa Argentina 3D<\/i><\/b><b>\u00a0\u00a0<\/b><\/p>\n<p style=\"font-weight: 400;\"><b><i>Realizado en distintas maderas texturadas con nombres grabados en todas las provincias<\/i><\/b><\/p>\n<p style=\"font-weight: 400;\"><i>Dise\u00f1o super original y con mucha onda para tu hogar, creando un efecto de relieve sobre la pared que queda realmente incre\u00edble!<\/i><\/p>\n<p style=\"font-weight: 400;\"><i>\u00a1Empez\u00e1 a mirar el pa\u00eds desde otro \u00e1ngulo y eleg\u00ed tus pr\u00f3ximos destinos!<\/i><\/p>\n<p style=\"font-weight: 400;\">\n<p style=\"font-weight: 400;\"><b>CARACTER\u00cdSTICAS &#8211;<\/b><\/p>\n<p style=\"font-weight: 400;\">&#8211; 1cm de espesor total. En maderas de distintos espesores, pegadas y unidas<\/p>\n<p style=\"font-weight: 400;\">&#8211; Industria 100% nacional<\/p>\n<p style=\"font-weight: 400;\">&#8211; Cortado y grabado a l\u00e1ser con la mayor precisi\u00f3n y terminado todo a mano!<\/p>\n<p style=\"font-weight: 400;\">&#8211; Se pega directamente a la pared con cinta bifaz que posee en el dorso del producto<\/p>\n<p style=\"font-weight: 400;\"><b>EL PRODUCTO INCLUYE: Rosa de los vientos + Pack X4 Aviones\u00a0<\/b><\/p>\n<p style=\"font-weight: 400;\"><b>MEDIDAS &#8211;<\/b><\/p>\n<p style=\"font-weight: 400;\">\n<p style=\"font-weight: 400;\"><b>75 cm de alto x 40 <\/b><strong><i>cm<\/i> de ancho<\/strong><\/p>","protected":false},"featured_media":114599,"comment_status":"open","ping_status":"closed","template":"","meta":{"_acf_changed":false,"om_disable_all_campaigns":false,"_monsterinsights_skip_tracking":false,"_monsterinsights_sitenote_active":false,"_monsterinsights_sitenote_note":"","_monsterinsights_sitenote_category":0},"etheme_brands":[],"product_brand":[],"product_cat":[8792,3944,8941],"product_tag":[203,3367,3946],"class_list":{"0":"post-114597","1":"product","2":"type-product","3":"status-publish","4":"has-post-thumbnail","6":"product_cat-arte","7":"product_cat-articulos-decorativos","8":"product_cat-sin-categoria","9":"product_tag-argentina","10":"product_tag-cuadro","11":"product_tag-mapa","13":"first","14":"instock","15":"taxable","16":"shipping-taxable","17":"purchasable","18":"product-type-simple"},"acf":[],"aioseo_notices":[],"_links":{"self":[{"href":"https:\/\/www.argensend.com\/en\/wp-json\/wp\/v2\/product\/114597","targetHints":{"allow":["GET"]}}],"collection":[{"href":"https:\/\/www.argensend.com\/en\/wp-json\/wp\/v2\/product"}],"about":[{"href":"https:\/\/www.argensend.com\/en\/wp-json\/wp\/v2\/types\/product"}],"replies":[{"embeddable":true,"href":"https:\/\/www.argensend.com\/en\/wp-json\/wp\/v2\/comments?post=114597"}],"version-history":[{"count":2,"href":"https:\/\/www.argensend.com\/en\/wp-json\/wp\/v2\/product\/114597\/revisions"}],"predecessor-version":[{"id":114600,"href":"https:\/\/www.argensend.com\/en\/wp-json\/wp\/v2\/product\/114597\/revisions\/114600"}],"wp:featuredmedia":[{"embeddable":true,"href":"https:\/\/www.argensend.com\/en\/wp-json\/wp\/v2\/media\/114599"}],"wp:attachment":[{"href":"https:\/\/www.argensend.com\/en\/wp-json\/wp\/v2\/media?parent=114597"}],"wp:term":[{"taxonomy":"brand","embeddable":true,"href":"https:\/\/www.argensend.com\/en\/wp-json\/wp\/v2\/etheme_brands?post=114597"},{"taxonomy":"product_brand","embeddable":true,"href":"https:\/\/www.argensend.com\/en\/wp-json\/wp\/v2\/product_brand?post=114597"},{"taxonomy":"product_cat","embeddable":true,"href":"https:\/\/www.argensend.com\/en\/wp-json\/wp\/v2\/product_cat?post=114597"},{"taxonomy":"product_tag","embeddable":true,"href":"https:\/\/www.argensend.com\/en\/wp-json\/wp\/v2\/product_tag?post=114597"}],"curies":[{"name":"wp","href":"https:\/\/api.w.org\/{rel}","templated":true}]}}