{"id":114953,"date":"2024-07-05T12:43:13","date_gmt":"2024-07-05T15:43:13","guid":{"rendered":"https:\/\/www.argensend.com\/?post_type=product&#038;p=114953"},"modified":"2024-12-06T16:47:55","modified_gmt":"2024-12-06T19:47:55","slug":"libro-revolucion-scaloni-alejandro-wall","status":"publish","type":"product","link":"https:\/\/www.argensend.com\/en\/product\/libro-revolucion-scaloni-alejandro-wall\/","title":{"rendered":"Libro &#8220;Revoluci\u00f3n Scaloni&#8221; &#8211; Alejandro Wall"},"content":{"rendered":"","protected":false},"excerpt":{"rendered":"<ul class=\"ui-pdp-list__wrapper\">\n<li class=\"ui-pdp-list__item\">\n<p class=\"ui-pdp-family--REGULAR ui-pdp-list__text\">Lionel Scaloni ingres\u00f3 al templo de los entrenadores-dioses, y seguir\u00e1 all\u00ed hasta que la \u00faltima pelota deje de rodar en Argentina, sin que los hinchas supieran mucho de su historia. El constructor menos esperado de la selecci\u00f3n -nuestro Ministerio de la Alegr\u00eda- esculpi\u00f3 su obra en movimiento, primero durante los cuatro a\u00f1os en los que eludi\u00f3 con savoir faire a los cr\u00edticos que dudaban de su falta de antecedentes y luego, ya bendecido por las multitudes, durante Qatar 2022. Pero aun sin la biograf\u00eda previa de sus dos predecesores en la gloria, C\u00e9sar Menotti y Carlos Bilardo, la tercera estrella no fue un edificio sin planos. Scaloni construy\u00f3 su cabeza futbol\u00edstica durante 30 a\u00f1os, primero en su no tan conocida carrera como futbolista, lejos de los focos principales -porque fue m\u00e1s un jugador de entrega que de habilidad y porque nunca pas\u00f3 por los llamados clubes grandes- y despu\u00e9s como integrante del cuerpo t\u00e9cnico en el desorden de Rusia 2018. Todo lo que comenz\u00f3 a aplicar en la selecci\u00f3n desde septiembre de 2018 lo hab\u00eda aprendido desde sus or\u00edgenes en el f\u00fatbol, a inicios de los 90. Revoluci\u00f3n Scaloni es una magn\u00edfica road movie con dos l\u00edneas de tiempo. Una, como jugador por Argentina (su Pujato natal, Newells en Rosario y Estudiantes de La Plata), Espa\u00f1a (Deportivo La Coru\u00f1a, Racing de Santander, Mallorca), Inglaterra (West Ham) e Italia (Lazio y Atalanta), casi siempre en paralelo a su pertenencia a las selecciones de Jos\u00e9 Pekerman, la juvenil y la mayor. Y la otra, como t\u00e9cnico por todas las ciudades por las que la Argentina de los Lioneles, Scaloni y Messi, jug\u00f3 en su camino a la perpetuidad: desde el debut en Los \u00c1ngeles hasta el cielo en Doha, con las paradas intermedias en el Maracan\u00e1, Wembley y el resto del ciclo. Erigido en una referencia del periodismo deportivo actual, Alejandro Wall lo volvi\u00f3 a conseguir: nadie conocer\u00e1 a Scaloni hasta que no termine este libro<\/p>\n<\/li>\n<\/ul>","protected":false},"featured_media":114954,"comment_status":"closed","ping_status":"closed","template":"","meta":{"_acf_changed":false,"om_disable_all_campaigns":false,"_monsterinsights_skip_tracking":false,"_monsterinsights_sitenote_active":false,"_monsterinsights_sitenote_note":"","_monsterinsights_sitenote_category":0},"etheme_brands":[],"product_brand":[],"product_cat":[685],"product_tag":[203,755,752,3895,3896,10321,10320,1213,5939],"class_list":{"0":"post-114953","1":"product","2":"type-product","3":"status-publish","4":"has-post-thumbnail","6":"product_cat-libros","7":"product_tag-argentina","8":"product_tag-book","9":"product_tag-libro","10":"product_tag-papel","11":"product_tag-paper","12":"product_tag-revolucion-scaloni","13":"product_tag-scaloni","14":"product_tag-seleccion","15":"product_tag-seleccion-argentina","17":"first","18":"instock","19":"taxable","20":"shipping-taxable","21":"purchasable","22":"product-type-simple"},"acf":[],"aioseo_notices":[],"_links":{"self":[{"href":"https:\/\/www.argensend.com\/en\/wp-json\/wp\/v2\/product\/114953","targetHints":{"allow":["GET"]}}],"collection":[{"href":"https:\/\/www.argensend.com\/en\/wp-json\/wp\/v2\/product"}],"about":[{"href":"https:\/\/www.argensend.com\/en\/wp-json\/wp\/v2\/types\/product"}],"replies":[{"embeddable":true,"href":"https:\/\/www.argensend.com\/en\/wp-json\/wp\/v2\/comments?post=114953"}],"version-history":[{"count":2,"href":"https:\/\/www.argensend.com\/en\/wp-json\/wp\/v2\/product\/114953\/revisions"}],"predecessor-version":[{"id":114956,"href":"https:\/\/www.argensend.com\/en\/wp-json\/wp\/v2\/product\/114953\/revisions\/114956"}],"wp:featuredmedia":[{"embeddable":true,"href":"https:\/\/www.argensend.com\/en\/wp-json\/wp\/v2\/media\/114954"}],"wp:attachment":[{"href":"https:\/\/www.argensend.com\/en\/wp-json\/wp\/v2\/media?parent=114953"}],"wp:term":[{"taxonomy":"brand","embeddable":true,"href":"https:\/\/www.argensend.com\/en\/wp-json\/wp\/v2\/etheme_brands?post=114953"},{"taxonomy":"product_brand","embeddable":true,"href":"https:\/\/www.argensend.com\/en\/wp-json\/wp\/v2\/product_brand?post=114953"},{"taxonomy":"product_cat","embeddable":true,"href":"https:\/\/www.argensend.com\/en\/wp-json\/wp\/v2\/product_cat?post=114953"},{"taxonomy":"product_tag","embeddable":true,"href":"https:\/\/www.argensend.com\/en\/wp-json\/wp\/v2\/product_tag?post=114953"}],"curies":[{"name":"wp","href":"https:\/\/api.w.org\/{rel}","templated":true}]}}