{"id":114965,"date":"2024-07-08T14:10:05","date_gmt":"2024-07-08T17:10:05","guid":{"rendered":"https:\/\/www.argensend.com\/?post_type=product&#038;p=114965"},"modified":"2024-12-06T16:47:55","modified_gmt":"2024-12-06T19:47:55","slug":"perfume-luna-radiante-edp-natura-75ml-copia","status":"publish","type":"product","link":"https:\/\/www.argensend.com\/en\/product\/perfume-luna-radiante-edp-natura-75ml-copia\/","title":{"rendered":"Perfume Luna Radiante Edp Natura 50ml"},"content":{"rendered":"","protected":false},"excerpt":{"rendered":"<p>En Luna Radiante el chipre brasile\u00f1o, acorde exclusivo de Luna, gana luminosidad con notas c\u00edtricas intensas.<br \/>\nUna fragancia sensual y vibrante con el toque dorado de la flor de la paramela y enriquecida con priprioca y pimienta rosa, ingredientes naturales de la biodiversidad brasile\u00f1a.<\/p>\n<p>Fragancia<br \/>\nCamino Olfativo: Chipre.<br \/>\nIngredientes principales:Patchouli, Flor de Paramela, naranja amarga.<br \/>\nIntensidad: Moderado.<\/p>\n<p>Formas de uso<br \/>\nPara resaltar m\u00e1s el perfume, aplica en las mu\u00f1ecas, cuello, hombro y detr\u00e1s de las orejas.<\/p>\n<p>Concepto de marca<br \/>\nPara las mujeres que valoran lo m\u00e1s bello, Luna ofrece perfumes llamativos y con personalidad, vers\u00e1tiles, para el d\u00eda y la noche, que se diferencian por tener el acorde Chipre brasile\u00f1o.<\/p>","protected":false},"featured_media":114967,"comment_status":"closed","ping_status":"closed","template":"","meta":{"_acf_changed":false,"om_disable_all_campaigns":false,"_monsterinsights_skip_tracking":false,"_monsterinsights_sitenote_active":false,"_monsterinsights_sitenote_note":"","_monsterinsights_sitenote_category":0},"etheme_brands":[],"product_brand":[],"product_cat":[8818],"product_tag":[203,234,224,1855,1612,9648,2014,9155,4007,449,1159,10323,652,651,8859],"class_list":{"0":"post-114965","1":"product","2":"type-product","3":"status-publish","4":"has-post-thumbnail","6":"product_cat-perfumeria","7":"product_tag-argentina","8":"product_tag-argentine","9":"product_tag-argentino","10":"product_tag-bano","11":"product_tag-belleza","12":"product_tag-caballero","13":"product_tag-colonia","14":"product_tag-ekos","15":"product_tag-hogar","16":"product_tag-natura","17":"product_tag-perfume","18":"product_tag-perfume-luna-radiante-edp-natura-75ml","19":"product_tag-vegan","20":"product_tag-vegano","21":"product_tag-veggie","23":"first","24":"instock","25":"taxable","26":"shipping-taxable","27":"purchasable","28":"product-type-simple"},"acf":[],"aioseo_notices":[],"_links":{"self":[{"href":"https:\/\/www.argensend.com\/en\/wp-json\/wp\/v2\/product\/114965","targetHints":{"allow":["GET"]}}],"collection":[{"href":"https:\/\/www.argensend.com\/en\/wp-json\/wp\/v2\/product"}],"about":[{"href":"https:\/\/www.argensend.com\/en\/wp-json\/wp\/v2\/types\/product"}],"replies":[{"embeddable":true,"href":"https:\/\/www.argensend.com\/en\/wp-json\/wp\/v2\/comments?post=114965"}],"version-history":[{"count":3,"href":"https:\/\/www.argensend.com\/en\/wp-json\/wp\/v2\/product\/114965\/revisions"}],"predecessor-version":[{"id":117235,"href":"https:\/\/www.argensend.com\/en\/wp-json\/wp\/v2\/product\/114965\/revisions\/117235"}],"wp:featuredmedia":[{"embeddable":true,"href":"https:\/\/www.argensend.com\/en\/wp-json\/wp\/v2\/media\/114967"}],"wp:attachment":[{"href":"https:\/\/www.argensend.com\/en\/wp-json\/wp\/v2\/media?parent=114965"}],"wp:term":[{"taxonomy":"brand","embeddable":true,"href":"https:\/\/www.argensend.com\/en\/wp-json\/wp\/v2\/etheme_brands?post=114965"},{"taxonomy":"product_brand","embeddable":true,"href":"https:\/\/www.argensend.com\/en\/wp-json\/wp\/v2\/product_brand?post=114965"},{"taxonomy":"product_cat","embeddable":true,"href":"https:\/\/www.argensend.com\/en\/wp-json\/wp\/v2\/product_cat?post=114965"},{"taxonomy":"product_tag","embeddable":true,"href":"https:\/\/www.argensend.com\/en\/wp-json\/wp\/v2\/product_tag?post=114965"}],"curies":[{"name":"wp","href":"https:\/\/api.w.org\/{rel}","templated":true}]}}