{"id":114969,"date":"2024-07-08T14:59:56","date_gmt":"2024-07-08T17:59:56","guid":{"rendered":"https:\/\/www.argensend.com\/?post_type=product&#038;p=114969"},"modified":"2024-12-06T16:47:55","modified_gmt":"2024-12-06T19:47:55","slug":"natura-homem-essence-deo-parfum-100-ml-para-hombre-copia","status":"publish","type":"product","link":"https:\/\/www.argensend.com\/en\/product\/natura-homem-essence-deo-parfum-100-ml-para-hombre-copia\/","title":{"rendered":"Natura Homem Essence Deo parfum 100 ml para hombre"},"content":{"rendered":"","protected":false},"excerpt":{"rendered":"<p>Homem Essence de Natura es una fragancia de la familia olfativa Arom\u00e1tica Especiada para Hombres. Las Notas de Salida son jengibre, toronja (pomelo), lim\u00f3n (lima \u00e1cida) y bergamota; las Notas de Coraz\u00f3n son cardamomo, pimienta negra, violeta, canela y cilantro; las Notas de Fondo son Iso E Super, \u00e1mbar, cedro, cachemira, madera de gaiac y pachul\u00ed.<\/p>","protected":false},"featured_media":115012,"comment_status":"closed","ping_status":"closed","template":"","meta":{"_acf_changed":false,"om_disable_all_campaigns":false,"_monsterinsights_skip_tracking":false,"_monsterinsights_sitenote_active":false,"_monsterinsights_sitenote_note":"","_monsterinsights_sitenote_category":0},"etheme_brands":[],"product_brand":[],"product_cat":[8818],"product_tag":[203,234,224,1855,1612,9648,2014,9155,4007,449,10329,1159,652,651,8859],"class_list":{"0":"post-114969","1":"product","2":"type-product","3":"status-publish","4":"has-post-thumbnail","6":"product_cat-perfumeria","7":"product_tag-argentina","8":"product_tag-argentine","9":"product_tag-argentino","10":"product_tag-bano","11":"product_tag-belleza","12":"product_tag-caballero","13":"product_tag-colonia","14":"product_tag-ekos","15":"product_tag-hogar","16":"product_tag-natura","17":"product_tag-natura-homem-essence-deo-parfum-100-ml","18":"product_tag-perfume","19":"product_tag-vegan","20":"product_tag-vegano","21":"product_tag-veggie","23":"first","24":"instock","25":"taxable","26":"shipping-taxable","27":"purchasable","28":"product-type-simple"},"acf":[],"aioseo_notices":[],"_links":{"self":[{"href":"https:\/\/www.argensend.com\/en\/wp-json\/wp\/v2\/product\/114969","targetHints":{"allow":["GET"]}}],"collection":[{"href":"https:\/\/www.argensend.com\/en\/wp-json\/wp\/v2\/product"}],"about":[{"href":"https:\/\/www.argensend.com\/en\/wp-json\/wp\/v2\/types\/product"}],"replies":[{"embeddable":true,"href":"https:\/\/www.argensend.com\/en\/wp-json\/wp\/v2\/comments?post=114969"}],"version-history":[{"count":2,"href":"https:\/\/www.argensend.com\/en\/wp-json\/wp\/v2\/product\/114969\/revisions"}],"predecessor-version":[{"id":115013,"href":"https:\/\/www.argensend.com\/en\/wp-json\/wp\/v2\/product\/114969\/revisions\/115013"}],"wp:featuredmedia":[{"embeddable":true,"href":"https:\/\/www.argensend.com\/en\/wp-json\/wp\/v2\/media\/115012"}],"wp:attachment":[{"href":"https:\/\/www.argensend.com\/en\/wp-json\/wp\/v2\/media?parent=114969"}],"wp:term":[{"taxonomy":"brand","embeddable":true,"href":"https:\/\/www.argensend.com\/en\/wp-json\/wp\/v2\/etheme_brands?post=114969"},{"taxonomy":"product_brand","embeddable":true,"href":"https:\/\/www.argensend.com\/en\/wp-json\/wp\/v2\/product_brand?post=114969"},{"taxonomy":"product_cat","embeddable":true,"href":"https:\/\/www.argensend.com\/en\/wp-json\/wp\/v2\/product_cat?post=114969"},{"taxonomy":"product_tag","embeddable":true,"href":"https:\/\/www.argensend.com\/en\/wp-json\/wp\/v2\/product_tag?post=114969"}],"curies":[{"name":"wp","href":"https:\/\/api.w.org\/{rel}","templated":true}]}}