{"id":114976,"date":"2024-07-08T15:38:45","date_gmt":"2024-07-08T18:38:45","guid":{"rendered":"https:\/\/www.argensend.com\/?post_type=product&#038;p=114976"},"modified":"2024-12-06T16:47:56","modified_gmt":"2024-12-06T19:47:56","slug":"luna-atitude-edp-50ml-natura-copia","status":"publish","type":"product","link":"https:\/\/www.argensend.com\/en\/product\/luna-atitude-edp-50ml-natura-copia\/","title":{"rendered":"Luna Atitude Edp 50ml Natura"},"content":{"rendered":"","protected":false},"excerpt":{"rendered":"<p>Luna Attitude EDP femenina<br \/>\neau de parfum femenina<\/p>\n<p>Chipre. flor de metamorfosis, patchul\u00ed, priprioca.Camino olfativo<br \/>\natitude<\/p>\n<p>Contenido<br \/>\n50 ml<\/p>\n<p>Sobre la l\u00ednea Luna<br \/>\nLuna es la fragancia de la mujer llena de vida, sensual por naturaleza. De belleza espontanea, atrae miradas y despierta sentimientos. Es inesperadamente bella en su manera de ser y vivir.<\/p>\n<p>Luna trae una innovaci\u00f3n olfativa donde las notas amaderadas ganan m\u00e1s fuerza con la presencia del cedro y del vetiver. Un cuerpo floral s\u00faper femenino con un toque de pimienta rosa dan vida a esta fragancia sensual y elegante.<\/p>","protected":false},"featured_media":114980,"comment_status":"closed","ping_status":"closed","template":"","meta":{"_acf_changed":false,"om_disable_all_campaigns":false,"_monsterinsights_skip_tracking":false,"_monsterinsights_sitenote_active":false,"_monsterinsights_sitenote_note":"","_monsterinsights_sitenote_category":0},"etheme_brands":[],"product_brand":[],"product_cat":[8818],"product_tag":[203,234,224,1855,1612,9648,2014,9155,4007,10325,449,1159,652,651,8859],"class_list":{"0":"post-114976","1":"product","2":"type-product","3":"status-publish","4":"has-post-thumbnail","6":"product_cat-perfumeria","7":"product_tag-argentina","8":"product_tag-argentine","9":"product_tag-argentino","10":"product_tag-bano","11":"product_tag-belleza","12":"product_tag-caballero","13":"product_tag-colonia","14":"product_tag-ekos","15":"product_tag-hogar","16":"product_tag-luna-atitude-edp-50ml-natura","17":"product_tag-natura","18":"product_tag-perfume","19":"product_tag-vegan","20":"product_tag-vegano","21":"product_tag-veggie","23":"first","24":"instock","25":"taxable","26":"shipping-taxable","27":"purchasable","28":"product-type-simple"},"acf":[],"aioseo_notices":[],"_links":{"self":[{"href":"https:\/\/www.argensend.com\/en\/wp-json\/wp\/v2\/product\/114976","targetHints":{"allow":["GET"]}}],"collection":[{"href":"https:\/\/www.argensend.com\/en\/wp-json\/wp\/v2\/product"}],"about":[{"href":"https:\/\/www.argensend.com\/en\/wp-json\/wp\/v2\/types\/product"}],"replies":[{"embeddable":true,"href":"https:\/\/www.argensend.com\/en\/wp-json\/wp\/v2\/comments?post=114976"}],"version-history":[{"count":2,"href":"https:\/\/www.argensend.com\/en\/wp-json\/wp\/v2\/product\/114976\/revisions"}],"predecessor-version":[{"id":114981,"href":"https:\/\/www.argensend.com\/en\/wp-json\/wp\/v2\/product\/114976\/revisions\/114981"}],"wp:featuredmedia":[{"embeddable":true,"href":"https:\/\/www.argensend.com\/en\/wp-json\/wp\/v2\/media\/114980"}],"wp:attachment":[{"href":"https:\/\/www.argensend.com\/en\/wp-json\/wp\/v2\/media?parent=114976"}],"wp:term":[{"taxonomy":"brand","embeddable":true,"href":"https:\/\/www.argensend.com\/en\/wp-json\/wp\/v2\/etheme_brands?post=114976"},{"taxonomy":"product_brand","embeddable":true,"href":"https:\/\/www.argensend.com\/en\/wp-json\/wp\/v2\/product_brand?post=114976"},{"taxonomy":"product_cat","embeddable":true,"href":"https:\/\/www.argensend.com\/en\/wp-json\/wp\/v2\/product_cat?post=114976"},{"taxonomy":"product_tag","embeddable":true,"href":"https:\/\/www.argensend.com\/en\/wp-json\/wp\/v2\/product_tag?post=114976"}],"curies":[{"name":"wp","href":"https:\/\/api.w.org\/{rel}","templated":true}]}}