{"id":114994,"date":"2024-07-10T13:57:07","date_gmt":"2024-07-10T16:57:07","guid":{"rendered":"https:\/\/www.argensend.com\/?post_type=product&#038;p=114994"},"modified":"2024-12-06T16:47:56","modified_gmt":"2024-12-06T19:47:56","slug":"combos-libros-revolucion-messi-revolucion-scaloni-alejandro-wall","status":"publish","type":"product","link":"https:\/\/www.argensend.com\/en\/product\/combos-libros-revolucion-messi-revolucion-scaloni-alejandro-wall\/","title":{"rendered":"Combos Libros &#8220;Revoluci\u00f3n Messi&#8221; + &#8220;Revoluci\u00f3n Scaloni&#8221; &#8211; Alejandro Wall"},"content":{"rendered":"","protected":false},"excerpt":{"rendered":"<ul>\n<li>MESSI REVOLUCION<br \/>\nGanar un Mundial y reinventar un deporte: la aventura de Leo en Miami.<\/p>\n<p>Despu\u00e9s de llevar a la selecci\u00f3n argentina a su tercera estrella y tras plantar bandera en la cumbre del f\u00fatbol mundial, todo deb\u00eda ser id\u00edlico para Lionel Andr\u00e9s Messi. Y, sin embargo, pasaron cosas: recibimiento fr\u00edo en Par\u00eds, salida amarga del PSG, vuelta frustrada al Barcelona Hasta que, como siempre, el capit\u00e1n hizo la gambeta menos pensada y en un movimiento magistral se encontr\u00f3 con un lugar en el que seguir siendo feliz jugando al f\u00fatbol: el Inter Miami CF.<\/p>\n<p>Gast\u00f3n Edul fue y sigue siendo un testigo privilegiado del recorrido del h\u00e9roe, de ese Messi en estado de gracia que consigui\u00f3 romper la sequ\u00eda con la Copa Am\u00e9rica de 2021, que condujo la consagraci\u00f3n planetaria en Qatar y que, como si anduviera corto de desaf\u00edos, lleg\u00f3 al f\u00fatbol de Estados Unidos para ponerlo patas arriba, refrescarlo, hacerlo brillar \u00a1Revolucionarlo!<\/p>\n<p>Mientras la selecci\u00f3n, sus hinchas y el mundo del f\u00fatbol se animan muy t\u00edmidamente a pensar en lo impensable qui\u00e9n heredar\u00e1 la 10 en la albiceleste , Leo est\u00e1 ocupado rompiendo nuevos r\u00e9cords, encandilando a nuevos p\u00fablicos, poniendo el rosa de moda y disfrutando de jugar a la pelota con su familia ah\u00ed cerquita, al costado de la cancha. Esta es la cr\u00f3nica viva del \u00faltimo baile del mejor del mundo, un relato hecho de cercan\u00eda, datos incre\u00edbles, grandes an\u00e9cdotas y, sobre todo, coraz\u00f3n y pases cortos.<\/li>\n<li>REVOLUCION SCALONI<br \/>\nUn viaje por la formaci\u00f3n del entrenador campe\u00f3n del mundo.<\/p>\n<p>Lionel Scaloni ingres\u00f3 al templo de los entrenadores-dioses, y seguir\u00e1 all\u00ed hasta que la \u00faltima pelota deje de rodar en Argentina, sin que los hinchas supieran mucho de su historia. El constructor menos esperado de la selecci\u00f3n -nuestro Ministerio de la Alegr\u00eda- esculpi\u00f3 su obra en movimiento, primero durante los cuatro a\u00f1os en los que eludi\u00f3 con savoir faire a los cr\u00edticos que dudaban de su falta de antecedentes y luego, ya bendecido por las multitudes, durante Qatar 2022.<\/p>\n<p>Pero aun sin la biograf\u00eda previa de sus dos predecesores en la gloria, C\u00e9sar Menotti y Carlos Bilardo, la tercera estrella no fue un edificio sin planos. Scaloni construy\u00f3 su cabeza futbol\u00edstica durante 30 a\u00f1os, primero en su no tan conocida carrera como futbolista, lejos de los focos principales -porque fue m\u00e1s un jugador de entrega que de habilidad y porque nunca pas\u00f3 por los llamados clubes grandes- y despu\u00e9s como integrante del cuerpo t\u00e9cnico en el desorden de Rusia 2018. Todo lo que comenz\u00f3 a aplicar en la selecci\u00f3n desde septiembre de 2018 lo hab\u00eda aprendido desde sus or\u00edgenes en el f\u00fatbol, a inicios de los 90.<\/li>\n<\/ul>","protected":false},"featured_media":114995,"comment_status":"closed","ping_status":"closed","template":"","meta":{"_acf_changed":false,"om_disable_all_campaigns":false,"_monsterinsights_skip_tracking":false,"_monsterinsights_sitenote_active":false,"_monsterinsights_sitenote_note":"","_monsterinsights_sitenote_category":0},"etheme_brands":[],"product_brand":[],"product_cat":[685],"product_tag":[10322,203,755,752,1976,3895,3896,10321,10320,1213,5939],"class_list":{"0":"post-114994","1":"product","2":"type-product","3":"status-publish","4":"has-post-thumbnail","6":"product_cat-libros","7":"product_tag-alejandro-wall","8":"product_tag-argentina","9":"product_tag-book","10":"product_tag-libro","11":"product_tag-messi","12":"product_tag-papel","13":"product_tag-paper","14":"product_tag-revolucion-scaloni","15":"product_tag-scaloni","16":"product_tag-seleccion","17":"product_tag-seleccion-argentina","19":"first","20":"instock","21":"taxable","22":"shipping-taxable","23":"purchasable","24":"product-type-simple"},"acf":[],"aioseo_notices":[],"_links":{"self":[{"href":"https:\/\/www.argensend.com\/en\/wp-json\/wp\/v2\/product\/114994","targetHints":{"allow":["GET"]}}],"collection":[{"href":"https:\/\/www.argensend.com\/en\/wp-json\/wp\/v2\/product"}],"about":[{"href":"https:\/\/www.argensend.com\/en\/wp-json\/wp\/v2\/types\/product"}],"replies":[{"embeddable":true,"href":"https:\/\/www.argensend.com\/en\/wp-json\/wp\/v2\/comments?post=114994"}],"version-history":[{"count":1,"href":"https:\/\/www.argensend.com\/en\/wp-json\/wp\/v2\/product\/114994\/revisions"}],"predecessor-version":[{"id":114996,"href":"https:\/\/www.argensend.com\/en\/wp-json\/wp\/v2\/product\/114994\/revisions\/114996"}],"wp:featuredmedia":[{"embeddable":true,"href":"https:\/\/www.argensend.com\/en\/wp-json\/wp\/v2\/media\/114995"}],"wp:attachment":[{"href":"https:\/\/www.argensend.com\/en\/wp-json\/wp\/v2\/media?parent=114994"}],"wp:term":[{"taxonomy":"brand","embeddable":true,"href":"https:\/\/www.argensend.com\/en\/wp-json\/wp\/v2\/etheme_brands?post=114994"},{"taxonomy":"product_brand","embeddable":true,"href":"https:\/\/www.argensend.com\/en\/wp-json\/wp\/v2\/product_brand?post=114994"},{"taxonomy":"product_cat","embeddable":true,"href":"https:\/\/www.argensend.com\/en\/wp-json\/wp\/v2\/product_cat?post=114994"},{"taxonomy":"product_tag","embeddable":true,"href":"https:\/\/www.argensend.com\/en\/wp-json\/wp\/v2\/product_tag?post=114994"}],"curies":[{"name":"wp","href":"https:\/\/api.w.org\/{rel}","templated":true}]}}