{"id":115019,"date":"2024-07-11T13:54:15","date_gmt":"2024-07-11T16:54:15","guid":{"rendered":"https:\/\/www.argensend.com\/?post_type=product&#038;p=115019"},"modified":"2024-12-06T16:47:56","modified_gmt":"2024-12-06T19:47:56","slug":"natura-kaiak-oceano-deo-colonia-100-ml-para-hombre-copia","status":"publish","type":"product","link":"https:\/\/www.argensend.com\/en\/product\/natura-kaiak-oceano-deo-colonia-100-ml-para-hombre-copia\/","title":{"rendered":"Natura Kaiak Oceano Deo colonia 100 ml para hombre"},"content":{"rendered":"","protected":false},"excerpt":{"rendered":"<p>El secreto de los mejores perfumes es la combinaci\u00f3n perfecta entre ingredientes que se potencian entre s\u00ed y hacen que sea posible trasladarnos a lugares \u00fanicos. Disfrut\u00e1 de esta fragancia en todo momento.<\/p>","protected":false},"featured_media":115021,"comment_status":"closed","ping_status":"closed","template":"","meta":{"_acf_changed":false,"om_disable_all_campaigns":false,"_monsterinsights_skip_tracking":false,"_monsterinsights_sitenote_active":false,"_monsterinsights_sitenote_note":"","_monsterinsights_sitenote_category":0},"etheme_brands":[],"product_brand":[],"product_cat":[8818],"product_tag":[203,234,224,1855,1612,9648,2014,9155,4007,183,3672,449,10331,1159,652,651,8859],"class_list":{"0":"post-115019","1":"product","2":"type-product","3":"status-publish","4":"has-post-thumbnail","6":"product_cat-perfumeria","7":"product_tag-argentina","8":"product_tag-argentine","9":"product_tag-argentino","10":"product_tag-bano","11":"product_tag-belleza","12":"product_tag-caballero","13":"product_tag-colonia","14":"product_tag-ekos","15":"product_tag-hogar","16":"product_tag-hombre","17":"product_tag-men","18":"product_tag-natura","19":"product_tag-natura-kaiak-oceano-deo-colonia-100-ml","20":"product_tag-perfume","21":"product_tag-vegan","22":"product_tag-vegano","23":"product_tag-veggie","25":"first","26":"instock","27":"taxable","28":"shipping-taxable","29":"purchasable","30":"product-type-simple"},"acf":[],"aioseo_notices":[],"_links":{"self":[{"href":"https:\/\/www.argensend.com\/en\/wp-json\/wp\/v2\/product\/115019","targetHints":{"allow":["GET"]}}],"collection":[{"href":"https:\/\/www.argensend.com\/en\/wp-json\/wp\/v2\/product"}],"about":[{"href":"https:\/\/www.argensend.com\/en\/wp-json\/wp\/v2\/types\/product"}],"replies":[{"embeddable":true,"href":"https:\/\/www.argensend.com\/en\/wp-json\/wp\/v2\/comments?post=115019"}],"version-history":[{"count":2,"href":"https:\/\/www.argensend.com\/en\/wp-json\/wp\/v2\/product\/115019\/revisions"}],"predecessor-version":[{"id":115022,"href":"https:\/\/www.argensend.com\/en\/wp-json\/wp\/v2\/product\/115019\/revisions\/115022"}],"wp:featuredmedia":[{"embeddable":true,"href":"https:\/\/www.argensend.com\/en\/wp-json\/wp\/v2\/media\/115021"}],"wp:attachment":[{"href":"https:\/\/www.argensend.com\/en\/wp-json\/wp\/v2\/media?parent=115019"}],"wp:term":[{"taxonomy":"brand","embeddable":true,"href":"https:\/\/www.argensend.com\/en\/wp-json\/wp\/v2\/etheme_brands?post=115019"},{"taxonomy":"product_brand","embeddable":true,"href":"https:\/\/www.argensend.com\/en\/wp-json\/wp\/v2\/product_brand?post=115019"},{"taxonomy":"product_cat","embeddable":true,"href":"https:\/\/www.argensend.com\/en\/wp-json\/wp\/v2\/product_cat?post=115019"},{"taxonomy":"product_tag","embeddable":true,"href":"https:\/\/www.argensend.com\/en\/wp-json\/wp\/v2\/product_tag?post=115019"}],"curies":[{"name":"wp","href":"https:\/\/api.w.org\/{rel}","templated":true}]}}