{"id":115024,"date":"2024-07-11T14:18:13","date_gmt":"2024-07-11T17:18:13","guid":{"rendered":"https:\/\/www.argensend.com\/?post_type=product&#038;p=115024"},"modified":"2024-12-06T16:47:57","modified_gmt":"2024-12-06T19:47:57","slug":"perfume-natura-kaiak-aero-masculino-edt-100ml-copia","status":"publish","type":"product","link":"https:\/\/www.argensend.com\/en\/product\/perfume-natura-kaiak-aero-masculino-edt-100ml-copia\/","title":{"rendered":"Perfume Natura Kaiak Aero Masculino Edt 100ml"},"content":{"rendered":"","protected":false},"excerpt":{"rendered":"<p>El encuentro del viento con el agua del mar. Una fragancia moderna que revela la refrescante explosi\u00f3n de notas tonicas con el poder en notas verdes como el enebro y el ruibarbo.<\/p>\n<p>Sab\u00edas que los frascos que hace Natura para Kaiak son realizados con piezas pl\u00e1sticas elaboradas con m\u00e1s del 50% de pl\u00e1stico reciclado de las ciudades costeras brasile\u00f1as?<\/p>\n<p>Notas de Salida: ruibarbo, enebro de Virginia y cardamomo;<br \/>\nNotas de Coraz\u00f3n: notas marinas, geranio y hojas de violeta;<br \/>\nNotas de Fondo: Ambrocenide, almizcle, cedro y madera de s\u00e1ndalo.<\/p>\n<p>Permanencia en la piel moderada.<br \/>\nModo de uso: para aprovechar todo el potencial de la fragancia, nuestra recomendaci\u00f3n es aplicarla en \u00e1reas como pu\u00f1os, cuello y detr\u00e1s de las orejas.<\/p>","protected":false},"featured_media":115025,"comment_status":"closed","ping_status":"closed","template":"","meta":{"_acf_changed":false,"om_disable_all_campaigns":false,"_monsterinsights_skip_tracking":false,"_monsterinsights_sitenote_active":false,"_monsterinsights_sitenote_note":"","_monsterinsights_sitenote_category":0},"etheme_brands":[],"product_brand":[],"product_cat":[8818],"product_tag":[203,234,224,1855,1612,9648,2014,9155,4007,183,3672,449,1159,10332,652,651,8859],"class_list":{"0":"post-115024","1":"product","2":"type-product","3":"status-publish","4":"has-post-thumbnail","6":"product_cat-perfumeria","7":"product_tag-argentina","8":"product_tag-argentine","9":"product_tag-argentino","10":"product_tag-bano","11":"product_tag-belleza","12":"product_tag-caballero","13":"product_tag-colonia","14":"product_tag-ekos","15":"product_tag-hogar","16":"product_tag-hombre","17":"product_tag-men","18":"product_tag-natura","19":"product_tag-perfume","20":"product_tag-perfume-natura-kaiak-aero-masculino-edt-100ml","21":"product_tag-vegan","22":"product_tag-vegano","23":"product_tag-veggie","25":"first","26":"instock","27":"taxable","28":"shipping-taxable","29":"purchasable","30":"product-type-simple"},"acf":[],"aioseo_notices":[],"_links":{"self":[{"href":"https:\/\/www.argensend.com\/en\/wp-json\/wp\/v2\/product\/115024","targetHints":{"allow":["GET"]}}],"collection":[{"href":"https:\/\/www.argensend.com\/en\/wp-json\/wp\/v2\/product"}],"about":[{"href":"https:\/\/www.argensend.com\/en\/wp-json\/wp\/v2\/types\/product"}],"replies":[{"embeddable":true,"href":"https:\/\/www.argensend.com\/en\/wp-json\/wp\/v2\/comments?post=115024"}],"version-history":[{"count":2,"href":"https:\/\/www.argensend.com\/en\/wp-json\/wp\/v2\/product\/115024\/revisions"}],"predecessor-version":[{"id":115027,"href":"https:\/\/www.argensend.com\/en\/wp-json\/wp\/v2\/product\/115024\/revisions\/115027"}],"wp:featuredmedia":[{"embeddable":true,"href":"https:\/\/www.argensend.com\/en\/wp-json\/wp\/v2\/media\/115025"}],"wp:attachment":[{"href":"https:\/\/www.argensend.com\/en\/wp-json\/wp\/v2\/media?parent=115024"}],"wp:term":[{"taxonomy":"brand","embeddable":true,"href":"https:\/\/www.argensend.com\/en\/wp-json\/wp\/v2\/etheme_brands?post=115024"},{"taxonomy":"product_brand","embeddable":true,"href":"https:\/\/www.argensend.com\/en\/wp-json\/wp\/v2\/product_brand?post=115024"},{"taxonomy":"product_cat","embeddable":true,"href":"https:\/\/www.argensend.com\/en\/wp-json\/wp\/v2\/product_cat?post=115024"},{"taxonomy":"product_tag","embeddable":true,"href":"https:\/\/www.argensend.com\/en\/wp-json\/wp\/v2\/product_tag?post=115024"}],"curies":[{"name":"wp","href":"https:\/\/api.w.org\/{rel}","templated":true}]}}