{"id":115068,"date":"2024-07-17T10:21:17","date_gmt":"2024-07-17T13:21:17","guid":{"rendered":"https:\/\/www.argensend.com\/?post_type=product&#038;p=115068"},"modified":"2024-12-06T16:47:57","modified_gmt":"2024-12-06T19:47:57","slug":"mate-imperial-personalizado-como-quieras-calabaza-alpaca-pico-loro-inoxidable","status":"publish","type":"product","link":"https:\/\/www.argensend.com\/en\/product\/mate-imperial-personalizado-como-quieras-calabaza-alpaca-pico-loro-inoxidable\/","title":{"rendered":"Mate Imperial Personalizado como quieras, Calabaza Alpaca + Pico Loro Inoxidable"},"content":{"rendered":"","protected":false},"excerpt":{"rendered":"<p>Imperial de alpaca personalizado Grabado a l\u00e1ser + Bombilla pico de loro de acero INOX. Dise\u00f1os a grabar: Nombres, n\u00fameros, frases, logos vectorizados, Escudos de f\u00fatbol, etc.<\/p>\n<p>Cintas varias (Pampa, Abstracta)<br \/>\nConsultar disponibles antes de ofertar.<\/p>\n<p>&#8211; Calabaza Brasile\u00f1a de selecci\u00f3n especial<br \/>\n&#8211; Virola de alpaca maciza<br \/>\n&#8211; Fleje de alpaca cincelado<br \/>\n&#8211; Forrado en cuero vacuno leg\u00edtimo natural<br \/>\n&#8211; Producto 100% artesanal<br \/>\n&#8211; Costura fina con t\u00e9cnicas especiales<br \/>\n&#8211; Base reforzada de 4 patas firme<br \/>\n&#8211; Colores: Negro, Marr\u00f3n y Suela<\/p>","protected":false},"featured_media":0,"comment_status":"closed","ping_status":"closed","template":"","meta":{"_acf_changed":false,"om_disable_all_campaigns":false,"_monsterinsights_skip_tracking":false,"_monsterinsights_sitenote_active":false,"_monsterinsights_sitenote_note":"","_monsterinsights_sitenote_category":0},"etheme_brands":[],"product_brand":[],"product_cat":[3008],"product_tag":[203,234,224,162,5850,165,1763,1768,562,3275,751],"class_list":{"0":"post-115068","1":"product","2":"type-product","3":"status-publish","5":"product_cat-mates","6":"product_tag-argentina","7":"product_tag-argentine","8":"product_tag-argentino","9":"product_tag-blanco","10":"product_tag-imperial","11":"product_tag-mate","12":"product_tag-metal","13":"product_tag-personalizado","14":"product_tag-stanley","15":"product_tag-steel","16":"product_tag-white","18":"first","19":"instock","20":"taxable","21":"shipping-taxable","22":"purchasable","23":"product-type-simple"},"acf":[],"aioseo_notices":[],"_links":{"self":[{"href":"https:\/\/www.argensend.com\/en\/wp-json\/wp\/v2\/product\/115068","targetHints":{"allow":["GET"]}}],"collection":[{"href":"https:\/\/www.argensend.com\/en\/wp-json\/wp\/v2\/product"}],"about":[{"href":"https:\/\/www.argensend.com\/en\/wp-json\/wp\/v2\/types\/product"}],"replies":[{"embeddable":true,"href":"https:\/\/www.argensend.com\/en\/wp-json\/wp\/v2\/comments?post=115068"}],"version-history":[{"count":0,"href":"https:\/\/www.argensend.com\/en\/wp-json\/wp\/v2\/product\/115068\/revisions"}],"wp:attachment":[{"href":"https:\/\/www.argensend.com\/en\/wp-json\/wp\/v2\/media?parent=115068"}],"wp:term":[{"taxonomy":"brand","embeddable":true,"href":"https:\/\/www.argensend.com\/en\/wp-json\/wp\/v2\/etheme_brands?post=115068"},{"taxonomy":"product_brand","embeddable":true,"href":"https:\/\/www.argensend.com\/en\/wp-json\/wp\/v2\/product_brand?post=115068"},{"taxonomy":"product_cat","embeddable":true,"href":"https:\/\/www.argensend.com\/en\/wp-json\/wp\/v2\/product_cat?post=115068"},{"taxonomy":"product_tag","embeddable":true,"href":"https:\/\/www.argensend.com\/en\/wp-json\/wp\/v2\/product_tag?post=115068"}],"curies":[{"name":"wp","href":"https:\/\/api.w.org\/{rel}","templated":true}]}}