{"id":115087,"date":"2024-07-17T11:55:49","date_gmt":"2024-07-17T14:55:49","guid":{"rendered":"https:\/\/www.argensend.com\/?post_type=product&#038;p=115087"},"modified":"2024-12-06T16:48:01","modified_gmt":"2024-12-06T19:48:01","slug":"remera-argentina-bi-campeon-copa-america-2024","status":"publish","type":"product","link":"https:\/\/www.argensend.com\/en\/product\/remera-argentina-bi-campeon-copa-america-2024\/","title":{"rendered":"Remera Argentina Bi Campeon Copa America 2024"},"content":{"rendered":"","protected":false},"excerpt":{"rendered":"<h1 class=\"ui-pdp-title\">Seleccionar talle. Disponible del S al XXL<\/h1>\n<h1 class=\"ui-pdp-title\">Remera poli\u00e9ster talles reales confecci\u00f3n super cuidada, fabricaci\u00f3n propia. Materiales de primera calidad producido por la fabrica de tela mas importante de la Argentina.<br \/>\nEstampado Digital de Alta resoluci\u00f3n, plotter de producci\u00f3n con tinta Coreana que garantizan colores vibrantes y una definici\u00f3n ultra HD.<br \/>\nATENCION!!! Muy Importante Medidas\u2026Toma una remera que te quede bien\u2026 medila y compara con la gu\u00eda de talles que esta en la descripci\u00f3n.-<br \/>\nAncho Axila a Axila<br \/>\nLargo desde la parte de atr\u00e1s del cuello hasta el dobladillo de la remera<\/p>\n<p>GUIA DE TALLES:<\/p>\n<p>HOMBRE \/UNISEX<br \/>\nANCHO X LARGO<\/p>\n<p>S 50cm x 64cm<br \/>\nM 52cm x 68cm<br \/>\nL 54cm x 70cm<br \/>\nXL 56cm x 72cm<br \/>\nXXL 58cm x 76cm<\/h1>\n<div>\n<h1 class=\"ui-pdp-title\"><\/h1>\n<\/div>","protected":false},"featured_media":115088,"comment_status":"open","ping_status":"closed","template":"","meta":{"_acf_changed":false,"om_disable_all_campaigns":false,"_monsterinsights_skip_tracking":false,"_monsterinsights_sitenote_active":false,"_monsterinsights_sitenote_note":"","_monsterinsights_sitenote_category":0},"etheme_brands":[],"product_brand":[],"product_cat":[8941],"product_tag":[203,3416,9449,1976,1004,10341,10339],"class_list":{"0":"post-115087","1":"product","2":"type-product","3":"status-publish","4":"has-post-thumbnail","6":"product_cat-sin-categoria","7":"product_tag-argentina","8":"product_tag-copa-america","9":"product_tag-dibu","10":"product_tag-messi","11":"product_tag-remera","12":"product_tag-remera-argentina-bi-campeon-copa-america-2024","13":"product_tag-remera-de-algodon","15":"first","16":"instock","17":"taxable","18":"shipping-taxable","19":"purchasable","20":"product-type-simple"},"acf":[],"aioseo_notices":[],"_links":{"self":[{"href":"https:\/\/www.argensend.com\/en\/wp-json\/wp\/v2\/product\/115087","targetHints":{"allow":["GET"]}}],"collection":[{"href":"https:\/\/www.argensend.com\/en\/wp-json\/wp\/v2\/product"}],"about":[{"href":"https:\/\/www.argensend.com\/en\/wp-json\/wp\/v2\/types\/product"}],"replies":[{"embeddable":true,"href":"https:\/\/www.argensend.com\/en\/wp-json\/wp\/v2\/comments?post=115087"}],"version-history":[{"count":1,"href":"https:\/\/www.argensend.com\/en\/wp-json\/wp\/v2\/product\/115087\/revisions"}],"predecessor-version":[{"id":115089,"href":"https:\/\/www.argensend.com\/en\/wp-json\/wp\/v2\/product\/115087\/revisions\/115089"}],"wp:featuredmedia":[{"embeddable":true,"href":"https:\/\/www.argensend.com\/en\/wp-json\/wp\/v2\/media\/115088"}],"wp:attachment":[{"href":"https:\/\/www.argensend.com\/en\/wp-json\/wp\/v2\/media?parent=115087"}],"wp:term":[{"taxonomy":"brand","embeddable":true,"href":"https:\/\/www.argensend.com\/en\/wp-json\/wp\/v2\/etheme_brands?post=115087"},{"taxonomy":"product_brand","embeddable":true,"href":"https:\/\/www.argensend.com\/en\/wp-json\/wp\/v2\/product_brand?post=115087"},{"taxonomy":"product_cat","embeddable":true,"href":"https:\/\/www.argensend.com\/en\/wp-json\/wp\/v2\/product_cat?post=115087"},{"taxonomy":"product_tag","embeddable":true,"href":"https:\/\/www.argensend.com\/en\/wp-json\/wp\/v2\/product_tag?post=115087"}],"curies":[{"name":"wp","href":"https:\/\/api.w.org\/{rel}","templated":true}]}}