{"id":115163,"date":"2024-07-18T10:44:31","date_gmt":"2024-07-18T13:44:31","guid":{"rendered":"https:\/\/www.argensend.com\/?post_type=product&#038;p=115163"},"modified":"2024-12-06T16:48:03","modified_gmt":"2024-12-06T19:48:03","slug":"buzo-hoodie-copa-america-2024-entrenamiento-argentina","status":"publish","type":"product","link":"https:\/\/www.argensend.com\/en\/product\/buzo-hoodie-copa-america-2024-entrenamiento-argentina\/","title":{"rendered":"Buzo Hoodie Copa America 2024 entrenamiento Argentina"},"content":{"rendered":"","protected":false},"excerpt":{"rendered":"<p><span style=\"font-family: Arial; font-size: large;\">Descubre la excelencia en estilo con nuestras remeras 100% sublimadas. Sum\u00e9rgete en la viveza de colores intensos y dise\u00f1os detallados que perduran con el tiempo. La sublimaci\u00f3n garantiza una personalizaci\u00f3n completa, creando prendas \u00fanicas que destacan. Experimenta la comodidad y la durabilidad con nuestras remeras sublimadas, donde la moda se encuentra con la calidad.<br \/>\n<\/span><\/p>\n<div>\n<div><span style=\"color: #666666; font-family: Arial; font-size: large;\">\u00a0<\/span><\/div>\n<div>\n<div class=\"size-chart-disclaimer\"><span class=\"size-chart-disclaimer__label\"><span style=\"font-family: Arial; font-size: large;\">Las medidas son aproximadas y pueden variar.<\/span><\/span><\/div>\n<div class=\"chart\">\n<div class=\"ui-sizechart-desktop\">\n<table style=\"height: 322px;\" role=\"table\" width=\"640\" aria-label=\"Gu\u00eda de talles\">\n<thead>\n<tr>\n<th tabindex=\"0\" scope=\"col\"><span style=\"font-family: Arial; font-size: large;\">Talla de la etiqueta<\/span><\/th>\n<th tabindex=\"0\" scope=\"col\"><span style=\"font-family: Arial; font-size: large;\">Equivalencias<\/span><\/th>\n<th tabindex=\"0\" scope=\"col\"><span style=\"font-family: Arial; font-size: large;\">Contorno del pecho<\/span><\/th>\n<th tabindex=\"0\" scope=\"col\"><span style=\"font-family: Arial; font-size: large;\">Contorno de la cintura<\/span><\/th>\n<\/tr>\n<\/thead>\n<tbody>\n<tr>\n<th tabindex=\"0\" scope=\"row\" aria-label=\"Talla de la etiqueta XS\"><span style=\"font-family: Arial; font-size: large;\">XS<\/span><\/th>\n<td tabindex=\"0\" aria-label=\"XS Equivalencias\"><span style=\"font-family: Arial; font-size: large;\">XS<\/span><\/td>\n<td tabindex=\"0\" aria-label=\"Contorno del pecho 88 cm\"><span style=\"font-family: Arial; font-size: large;\">88 cm<\/span><\/td>\n<td tabindex=\"0\" aria-label=\"Contorno de la cintura 88 cm\"><span style=\"font-family: Arial; font-size: large;\">88 cm<\/span><\/td>\n<\/tr>\n<tr>\n<th tabindex=\"0\" scope=\"row\" aria-label=\"Talla de la etiqueta S\"><span style=\"font-family: Arial; font-size: large;\">S<\/span><\/th>\n<td tabindex=\"0\" aria-label=\"S Equivalencias\"><span style=\"font-family: Arial; font-size: large;\">S<\/span><\/td>\n<td tabindex=\"0\" aria-label=\"Contorno del pecho 94 cm\"><span style=\"font-family: Arial; font-size: large;\">94 cm<\/span><\/td>\n<td tabindex=\"0\" aria-label=\"Contorno de la cintura 94 cm\"><span style=\"font-family: Arial; font-size: large;\">94 cm<\/span><\/td>\n<\/tr>\n<tr>\n<th tabindex=\"0\" scope=\"row\" aria-label=\"Talla de la etiqueta M\"><span style=\"font-family: Arial; font-size: large;\">M<\/span><\/th>\n<td tabindex=\"0\" aria-label=\"M Equivalencias\"><span style=\"font-family: Arial; font-size: large;\">M<\/span><\/td>\n<td tabindex=\"0\" aria-label=\"Contorno del pecho 104 cm\"><span style=\"font-family: Arial; font-size: large;\">104 cm<\/span><\/td>\n<td tabindex=\"0\" aria-label=\"Contorno de la cintura 104 cm\"><span style=\"font-family: Arial; font-size: large;\">104 cm<\/span><\/td>\n<\/tr>\n<tr>\n<th tabindex=\"0\" scope=\"row\" aria-label=\"Talla de la etiqueta L\"><span style=\"font-family: Arial; font-size: large;\">L<\/span><\/th>\n<td tabindex=\"0\" aria-label=\"L Equivalencias\"><span style=\"font-family: Arial; font-size: large;\">L<\/span><\/td>\n<td tabindex=\"0\" aria-label=\"Contorno del pecho 110 cm\"><span style=\"font-family: Arial; font-size: large;\">110 cm<\/span><\/td>\n<td tabindex=\"0\" aria-label=\"Contorno de la cintura 110 cm\"><span style=\"font-family: Arial; font-size: large;\">110 cm<\/span><\/td>\n<\/tr>\n<tr>\n<th tabindex=\"0\" scope=\"row\" aria-label=\"Talla de la etiqueta XL\"><span style=\"font-family: Arial; font-size: large;\">XL<\/span><\/th>\n<td tabindex=\"0\" aria-label=\"XL Equivalencias\"><span style=\"font-family: Arial; font-size: large;\">XL<\/span><\/td>\n<td tabindex=\"0\" aria-label=\"Contorno del pecho 114 cm\"><span style=\"font-family: Arial; font-size: large;\">114 cm<\/span><\/td>\n<td tabindex=\"0\" aria-label=\"Contorno de la cintura 114 cm\"><span style=\"font-family: Arial; font-size: large;\">114 cm<\/span><\/td>\n<\/tr>\n<tr>\n<th tabindex=\"0\" scope=\"row\" aria-label=\"Talla de la etiqueta XXL\"><span style=\"font-family: Arial; font-size: large;\">XXL<\/span><\/th>\n<td tabindex=\"0\" aria-label=\"2XL Equivalencias\"><span style=\"font-family: Arial; font-size: large;\">2XL<\/span><\/td>\n<td tabindex=\"0\" aria-label=\"Contorno del pecho 126 cm\"><span style=\"font-family: Arial; font-size: large;\">126 cm<\/span><\/td>\n<td tabindex=\"0\" aria-label=\"Contorno de la cintura 126 cm\"><span style=\"font-family: Arial; font-size: large;\">126 cm<\/span><\/td>\n<\/tr>\n<tr>\n<th tabindex=\"0\" scope=\"row\" aria-label=\"Talla de la etiqueta 3XL\"><span style=\"font-family: Arial; font-size: large;\">3XL<\/span><\/th>\n<td tabindex=\"0\" aria-label=\"3XL Equivalencias\"><span style=\"font-family: Arial; font-size: large;\">3XL<\/span><\/td>\n<td tabindex=\"0\" aria-label=\"Contorno del pecho 132 cm\"><span style=\"font-family: Arial; font-size: large;\">132 cm<\/span><\/td>\n<td tabindex=\"0\" aria-label=\"Contorno de la cintura 132 cm\"><span style=\"font-family: Arial; font-size: large;\">132 cm<\/span><\/td>\n<\/tr>\n<tr>\n<th tabindex=\"0\" scope=\"row\" aria-label=\"Talla de la etiqueta 4XL\"><span style=\"font-family: Arial; font-size: large;\">4XL<\/span><\/th>\n<td tabindex=\"0\" aria-label=\"4XL Equivalencias\"><span style=\"font-family: Arial; font-size: large;\">4XL<\/span><\/td>\n<td tabindex=\"0\" aria-label=\"Contorno del pecho 146 cm\"><span style=\"font-family: Arial; font-size: large;\">146 cm<\/span><\/td>\n<td tabindex=\"0\" aria-label=\"Contorno de la cintura 146 cm\"><span style=\"font-family: Arial; font-size: large;\">146 cm<\/span><\/td>\n<\/tr>\n<tr>\n<th tabindex=\"0\" scope=\"row\" aria-label=\"Talla de la etiqueta 5XL\"><\/th>\n<td tabindex=\"0\" aria-label=\"5XL Equivalencias\"><\/td>\n<td tabindex=\"0\" aria-label=\"Contorno del pecho 152 cm\"><\/td>\n<td tabindex=\"0\" aria-label=\"Contorno de la cintura 152 cm\"><\/td>\n<\/tr>\n<\/tbody>\n<\/table>\n<\/div>\n<\/div>\n<\/div>\n<\/div>","protected":false},"featured_media":115165,"comment_status":"open","ping_status":"closed","template":"","meta":{"_acf_changed":false,"om_disable_all_campaigns":false,"_monsterinsights_skip_tracking":false,"_monsterinsights_sitenote_active":false,"_monsterinsights_sitenote_note":"","_monsterinsights_sitenote_category":0},"etheme_brands":[],"product_brand":[],"product_cat":[8941],"product_tag":[1977,203,1002,10358,3416,10351,3514],"class_list":{"0":"post-115163","1":"product","2":"type-product","3":"status-publish","4":"has-post-thumbnail","6":"product_cat-sin-categoria","7":"product_tag-afa","8":"product_tag-argentina","9":"product_tag-buzo","10":"product_tag-buzo-hoodie-copa-america-2024-entrenamiento-argentina","11":"product_tag-copa-america","12":"product_tag-copa-america-2024","13":"product_tag-hoodie","15":"first","16":"instock","17":"taxable","18":"shipping-taxable","19":"purchasable","20":"product-type-simple"},"acf":[],"aioseo_notices":[],"_links":{"self":[{"href":"https:\/\/www.argensend.com\/en\/wp-json\/wp\/v2\/product\/115163","targetHints":{"allow":["GET"]}}],"collection":[{"href":"https:\/\/www.argensend.com\/en\/wp-json\/wp\/v2\/product"}],"about":[{"href":"https:\/\/www.argensend.com\/en\/wp-json\/wp\/v2\/types\/product"}],"replies":[{"embeddable":true,"href":"https:\/\/www.argensend.com\/en\/wp-json\/wp\/v2\/comments?post=115163"}],"version-history":[{"count":2,"href":"https:\/\/www.argensend.com\/en\/wp-json\/wp\/v2\/product\/115163\/revisions"}],"predecessor-version":[{"id":115166,"href":"https:\/\/www.argensend.com\/en\/wp-json\/wp\/v2\/product\/115163\/revisions\/115166"}],"wp:featuredmedia":[{"embeddable":true,"href":"https:\/\/www.argensend.com\/en\/wp-json\/wp\/v2\/media\/115165"}],"wp:attachment":[{"href":"https:\/\/www.argensend.com\/en\/wp-json\/wp\/v2\/media?parent=115163"}],"wp:term":[{"taxonomy":"brand","embeddable":true,"href":"https:\/\/www.argensend.com\/en\/wp-json\/wp\/v2\/etheme_brands?post=115163"},{"taxonomy":"product_brand","embeddable":true,"href":"https:\/\/www.argensend.com\/en\/wp-json\/wp\/v2\/product_brand?post=115163"},{"taxonomy":"product_cat","embeddable":true,"href":"https:\/\/www.argensend.com\/en\/wp-json\/wp\/v2\/product_cat?post=115163"},{"taxonomy":"product_tag","embeddable":true,"href":"https:\/\/www.argensend.com\/en\/wp-json\/wp\/v2\/product_tag?post=115163"}],"curies":[{"name":"wp","href":"https:\/\/api.w.org\/{rel}","templated":true}]}}