{"id":115173,"date":"2024-07-18T11:12:36","date_gmt":"2024-07-18T14:12:36","guid":{"rendered":"https:\/\/www.argensend.com\/?post_type=product&#038;p=115173"},"modified":"2025-04-21T14:02:25","modified_gmt":"2025-04-21T17:02:25","slug":"fronteras-lata-yerba-mate-jengibre-y-naranja","status":"publish","type":"product","link":"https:\/\/www.argensend.com\/en\/product\/fronteras-lata-yerba-mate-jengibre-y-naranja\/","title":{"rendered":"Fronteras &#8211; Lata Yerba Mate, Jengibre Y Naranja"},"content":{"rendered":"","protected":false},"excerpt":{"rendered":"<p>YERBA MATE, JENGIBRE Y NARANJA<\/p>\n<p>Un toque c\u00edtrico que le da a tu tarde un segundo aire y un nuevo empezar \ud83d\ude42<\/p>\n<p>Sabemos que la yerba se merece m\u00e1s, sacala de la alacena. La lata Fronteras de 500 gr. lleg\u00f3 para quedarse con vos por muchos a\u00f1os.<\/p>","protected":false},"featured_media":115177,"comment_status":"closed","ping_status":"closed","template":"","meta":{"_acf_changed":false,"om_disable_all_campaigns":false,"_monsterinsights_skip_tracking":false,"_monsterinsights_sitenote_active":false,"_monsterinsights_sitenote_note":"","_monsterinsights_sitenote_category":0},"etheme_brands":[],"product_brand":[],"product_cat":[2124],"product_tag":[203,234,717,10302,3206,225,349,165,228,567,163],"class_list":{"0":"post-115173","1":"product","2":"type-product","3":"status-publish","4":"has-post-thumbnail","6":"product_cat-yerbas","7":"product_tag-argentina","8":"product_tag-argentine","9":"product_tag-can","10":"product_tag-fronteras","11":"product_tag-green","12":"product_tag-infusion","13":"product_tag-lata","14":"product_tag-mate","15":"product_tag-tradicional","16":"product_tag-verde","17":"product_tag-yerba","19":"first","20":"instock","21":"taxable","22":"shipping-taxable","23":"purchasable","24":"product-type-simple"},"acf":[],"aioseo_notices":[],"_links":{"self":[{"href":"https:\/\/www.argensend.com\/en\/wp-json\/wp\/v2\/product\/115173","targetHints":{"allow":["GET"]}}],"collection":[{"href":"https:\/\/www.argensend.com\/en\/wp-json\/wp\/v2\/product"}],"about":[{"href":"https:\/\/www.argensend.com\/en\/wp-json\/wp\/v2\/types\/product"}],"replies":[{"embeddable":true,"href":"https:\/\/www.argensend.com\/en\/wp-json\/wp\/v2\/comments?post=115173"}],"version-history":[{"count":1,"href":"https:\/\/www.argensend.com\/en\/wp-json\/wp\/v2\/product\/115173\/revisions"}],"predecessor-version":[{"id":115180,"href":"https:\/\/www.argensend.com\/en\/wp-json\/wp\/v2\/product\/115173\/revisions\/115180"}],"wp:featuredmedia":[{"embeddable":true,"href":"https:\/\/www.argensend.com\/en\/wp-json\/wp\/v2\/media\/115177"}],"wp:attachment":[{"href":"https:\/\/www.argensend.com\/en\/wp-json\/wp\/v2\/media?parent=115173"}],"wp:term":[{"taxonomy":"brand","embeddable":true,"href":"https:\/\/www.argensend.com\/en\/wp-json\/wp\/v2\/etheme_brands?post=115173"},{"taxonomy":"product_brand","embeddable":true,"href":"https:\/\/www.argensend.com\/en\/wp-json\/wp\/v2\/product_brand?post=115173"},{"taxonomy":"product_cat","embeddable":true,"href":"https:\/\/www.argensend.com\/en\/wp-json\/wp\/v2\/product_cat?post=115173"},{"taxonomy":"product_tag","embeddable":true,"href":"https:\/\/www.argensend.com\/en\/wp-json\/wp\/v2\/product_tag?post=115173"}],"curies":[{"name":"wp","href":"https:\/\/api.w.org\/{rel}","templated":true}]}}