{"id":115306,"date":"2024-07-24T08:44:27","date_gmt":"2024-07-24T11:44:27","guid":{"rendered":"https:\/\/www.argensend.com\/?post_type=product&#038;p=115306"},"modified":"2024-12-06T16:48:15","modified_gmt":"2024-12-06T19:48:15","slug":"weleda-gel-dentifrico-vegetal","status":"publish","type":"product","link":"https:\/\/www.argensend.com\/en\/product\/weleda-gel-dentifrico-vegetal\/","title":{"rendered":"Weleda Gel Dent\u00edfrico Vegetal"},"content":{"rendered":"","protected":false},"excerpt":{"rendered":"<p><span style=\"font-family: Arial; font-size: large;\">Nuestro Gel Vegetal es nuestra pasta de dientes m\u00e1s suave. Los extractos de mirra y manzanilla ayudan a prevenir irritaciones y mantener la salud oral. Los aceites esenciales de hierbabuena y menta verde dan a tu aliento una frescura duradera, y la ratania fortalece los tejidos blandos de la boca. Su uso regular ayuda a prevenir la formaci\u00f3n de caries. La limpieza con este\u00a0gel tambi\u00e9n se recomienda para ni\u00f1os con dientes definitivos.<\/span><\/p>\n<div class=\"description\"><span style=\"font-family: Arial; font-size: large;\">Una combinaci\u00f3n \u00fanica de extractos de plantas naturales para dientes y enc\u00edas sensibles<\/span><\/div>\n<div class=\"description\"><span style=\"font-family: Arial; font-size: large;\">El poder de las plantas en un suave gel para los dientes y enc\u00edas que refresca y limpia eficazmente<\/span><\/div>\n<div class=\"description\"><span style=\"font-family: Arial; font-size: large;\">Beneficios<\/span><\/div>\n<div class=\"description\"><span style=\"font-family: Arial; font-size: large;\">Limpieza efectiva para dientes y enc\u00edas sensibles. El cepillado regular protege contra las caries, previene las irritaciones y no da\u00f1a el esmalte dental.<\/span><\/div>","protected":false},"featured_media":115307,"comment_status":"open","ping_status":"closed","template":"","meta":{"_acf_changed":false,"om_disable_all_campaigns":false,"_monsterinsights_skip_tracking":false,"_monsterinsights_sitenote_active":false,"_monsterinsights_sitenote_note":"","_monsterinsights_sitenote_category":0},"etheme_brands":[],"product_brand":[],"product_cat":[8941],"product_tag":[10395,4249,9673,2368,10391,10393],"class_list":{"0":"post-115306","1":"product","2":"type-product","3":"status-publish","4":"has-post-thumbnail","6":"product_cat-sin-categoria","7":"product_tag-dentifrico","8":"product_tag-gel","9":"product_tag-higiene","10":"product_tag-productos-de-limpieza","11":"product_tag-weleda","12":"product_tag-weleda-gel-dentifrico-vegetal","14":"first","15":"instock","16":"taxable","17":"shipping-taxable","18":"product-type-simple"},"acf":[],"aioseo_notices":[],"_links":{"self":[{"href":"https:\/\/www.argensend.com\/en\/wp-json\/wp\/v2\/product\/115306","targetHints":{"allow":["GET"]}}],"collection":[{"href":"https:\/\/www.argensend.com\/en\/wp-json\/wp\/v2\/product"}],"about":[{"href":"https:\/\/www.argensend.com\/en\/wp-json\/wp\/v2\/types\/product"}],"replies":[{"embeddable":true,"href":"https:\/\/www.argensend.com\/en\/wp-json\/wp\/v2\/comments?post=115306"}],"version-history":[{"count":2,"href":"https:\/\/www.argensend.com\/en\/wp-json\/wp\/v2\/product\/115306\/revisions"}],"predecessor-version":[{"id":115316,"href":"https:\/\/www.argensend.com\/en\/wp-json\/wp\/v2\/product\/115306\/revisions\/115316"}],"wp:featuredmedia":[{"embeddable":true,"href":"https:\/\/www.argensend.com\/en\/wp-json\/wp\/v2\/media\/115307"}],"wp:attachment":[{"href":"https:\/\/www.argensend.com\/en\/wp-json\/wp\/v2\/media?parent=115306"}],"wp:term":[{"taxonomy":"brand","embeddable":true,"href":"https:\/\/www.argensend.com\/en\/wp-json\/wp\/v2\/etheme_brands?post=115306"},{"taxonomy":"product_brand","embeddable":true,"href":"https:\/\/www.argensend.com\/en\/wp-json\/wp\/v2\/product_brand?post=115306"},{"taxonomy":"product_cat","embeddable":true,"href":"https:\/\/www.argensend.com\/en\/wp-json\/wp\/v2\/product_cat?post=115306"},{"taxonomy":"product_tag","embeddable":true,"href":"https:\/\/www.argensend.com\/en\/wp-json\/wp\/v2\/product_tag?post=115306"}],"curies":[{"name":"wp","href":"https:\/\/api.w.org\/{rel}","templated":true}]}}