{"id":115319,"date":"2024-07-24T08:46:33","date_gmt":"2024-07-24T11:46:33","guid":{"rendered":"https:\/\/www.argensend.com\/?post_type=product&#038;p=115319"},"modified":"2024-12-06T16:48:15","modified_gmt":"2024-12-06T19:48:15","slug":"weleda-gel-dentifrico-para-ninos","status":"publish","type":"product","link":"https:\/\/www.argensend.com\/en\/product\/weleda-gel-dentifrico-para-ninos\/","title":{"rendered":"Weleda Gel Dent\u00edfrico para Ni\u00f1os"},"content":{"rendered":"","protected":false},"excerpt":{"rendered":"<div class=\"text-item\">\n<div class=\"rich-text\">\n<p>Nuestro Gel Dent\u00edfrico Para Ni\u00f1os cuida los dientes nuevos y en desarrollo y proporciona una protecci\u00f3n natural contra la formaci\u00f3n de caries. Contiene\u00a0extractos de flores de cal\u00e9ndula org\u00e1nica para mantener las enc\u00edas saludables. No contiene ingredientes que puedan causar da\u00f1os si se ingiere. Una alternativa perfecta para no acostumbrar a los peque\u00f1os a sabores artificiales y azucarados.<\/p>\n<\/div>\n<\/div>\n<div class=\"text-item\">\n<h3>Beneficios<\/h3>\n<div class=\"rich-text\">\n<p>Gel para los dientes suave y eficaz con aceites esenciales naturales de agradable sabor. No contiene fl\u00faor.<\/p>\n<\/div>\n<\/div>","protected":false},"featured_media":115320,"comment_status":"open","ping_status":"closed","template":"","meta":{"_acf_changed":false,"om_disable_all_campaigns":false,"_monsterinsights_skip_tracking":false,"_monsterinsights_sitenote_active":false,"_monsterinsights_sitenote_note":"","_monsterinsights_sitenote_category":0},"etheme_brands":[],"product_brand":[],"product_cat":[8941],"product_tag":[10395,4249,9673,2368,10391,10394],"class_list":{"0":"post-115319","1":"product","2":"type-product","3":"status-publish","4":"has-post-thumbnail","6":"product_cat-sin-categoria","7":"product_tag-dentifrico","8":"product_tag-gel","9":"product_tag-higiene","10":"product_tag-productos-de-limpieza","11":"product_tag-weleda","12":"product_tag-weleda-gel-dentifrico-para-ninos","14":"first","15":"instock","16":"taxable","17":"shipping-taxable","18":"purchasable","19":"product-type-simple"},"acf":[],"aioseo_notices":[],"_links":{"self":[{"href":"https:\/\/www.argensend.com\/en\/wp-json\/wp\/v2\/product\/115319","targetHints":{"allow":["GET"]}}],"collection":[{"href":"https:\/\/www.argensend.com\/en\/wp-json\/wp\/v2\/product"}],"about":[{"href":"https:\/\/www.argensend.com\/en\/wp-json\/wp\/v2\/types\/product"}],"replies":[{"embeddable":true,"href":"https:\/\/www.argensend.com\/en\/wp-json\/wp\/v2\/comments?post=115319"}],"version-history":[{"count":2,"href":"https:\/\/www.argensend.com\/en\/wp-json\/wp\/v2\/product\/115319\/revisions"}],"predecessor-version":[{"id":115322,"href":"https:\/\/www.argensend.com\/en\/wp-json\/wp\/v2\/product\/115319\/revisions\/115322"}],"wp:featuredmedia":[{"embeddable":true,"href":"https:\/\/www.argensend.com\/en\/wp-json\/wp\/v2\/media\/115320"}],"wp:attachment":[{"href":"https:\/\/www.argensend.com\/en\/wp-json\/wp\/v2\/media?parent=115319"}],"wp:term":[{"taxonomy":"brand","embeddable":true,"href":"https:\/\/www.argensend.com\/en\/wp-json\/wp\/v2\/etheme_brands?post=115319"},{"taxonomy":"product_brand","embeddable":true,"href":"https:\/\/www.argensend.com\/en\/wp-json\/wp\/v2\/product_brand?post=115319"},{"taxonomy":"product_cat","embeddable":true,"href":"https:\/\/www.argensend.com\/en\/wp-json\/wp\/v2\/product_cat?post=115319"},{"taxonomy":"product_tag","embeddable":true,"href":"https:\/\/www.argensend.com\/en\/wp-json\/wp\/v2\/product_tag?post=115319"}],"curies":[{"name":"wp","href":"https:\/\/api.w.org\/{rel}","templated":true}]}}