{"id":115323,"date":"2024-07-24T08:54:28","date_gmt":"2024-07-24T11:54:28","guid":{"rendered":"https:\/\/www.argensend.com\/?post_type=product&#038;p=115323"},"modified":"2024-12-06T16:48:15","modified_gmt":"2024-12-06T19:48:15","slug":"weleda-pasta-dentifrica-de-calendula","status":"publish","type":"product","link":"https:\/\/www.argensend.com\/en\/product\/weleda-pasta-dentifrica-de-calendula\/","title":{"rendered":"Weleda Pasta Dent\u00edfrica de Cal\u00e9ndula"},"content":{"rendered":"","protected":false},"excerpt":{"rendered":"<div class=\"text-item\">\n<div class=\"rich-text\">\n<p>En la Pasta Dent\u00edfrica de Cal\u00e9ndula, cada ingrediente cuenta. La cal\u00e9ndula\u00a0 antiinflamatoria ayuda a calmar las enc\u00edas sensibles, el mineral de calcio tiene una<br \/>\nacci\u00f3n suavemente abrasiva y el aceite esencial natural de hinojo proporciona un sabor fresco y agradable. No tiene menta, por lo que no hay acci\u00f3n contraria a la homeopat\u00eda.<\/p>\n<\/div>\n<\/div>\n<div class=\"text-item\">\n<h3>Beneficios<\/h3>\n<div class=\"rich-text\">\n<p>Limpieza y protecci\u00f3n natural para dientes y enc\u00edas. Pasta dental org\u00e1nica Ideal para las personas que toman medicamentos homeop\u00e1ticos.<\/p>\n<\/div>\n<\/div>","protected":false},"featured_media":115324,"comment_status":"open","ping_status":"closed","template":"","meta":{"_acf_changed":false,"om_disable_all_campaigns":false,"_monsterinsights_skip_tracking":false,"_monsterinsights_sitenote_active":false,"_monsterinsights_sitenote_note":"","_monsterinsights_sitenote_category":0},"etheme_brands":[],"product_brand":[],"product_cat":[8941],"product_tag":[9673,10396,2368,10391,10397],"class_list":{"0":"post-115323","1":"product","2":"type-product","3":"status-publish","4":"has-post-thumbnail","6":"product_cat-sin-categoria","7":"product_tag-higiene","8":"product_tag-pasta-de-dientes","9":"product_tag-productos-de-limpieza","10":"product_tag-weleda","11":"product_tag-weleda-pasta-dentifrica-de-calendula","13":"first","14":"instock","15":"taxable","16":"shipping-taxable","17":"purchasable","18":"product-type-simple"},"acf":[],"aioseo_notices":[],"_links":{"self":[{"href":"https:\/\/www.argensend.com\/en\/wp-json\/wp\/v2\/product\/115323","targetHints":{"allow":["GET"]}}],"collection":[{"href":"https:\/\/www.argensend.com\/en\/wp-json\/wp\/v2\/product"}],"about":[{"href":"https:\/\/www.argensend.com\/en\/wp-json\/wp\/v2\/types\/product"}],"replies":[{"embeddable":true,"href":"https:\/\/www.argensend.com\/en\/wp-json\/wp\/v2\/comments?post=115323"}],"version-history":[{"count":1,"href":"https:\/\/www.argensend.com\/en\/wp-json\/wp\/v2\/product\/115323\/revisions"}],"predecessor-version":[{"id":115325,"href":"https:\/\/www.argensend.com\/en\/wp-json\/wp\/v2\/product\/115323\/revisions\/115325"}],"wp:featuredmedia":[{"embeddable":true,"href":"https:\/\/www.argensend.com\/en\/wp-json\/wp\/v2\/media\/115324"}],"wp:attachment":[{"href":"https:\/\/www.argensend.com\/en\/wp-json\/wp\/v2\/media?parent=115323"}],"wp:term":[{"taxonomy":"brand","embeddable":true,"href":"https:\/\/www.argensend.com\/en\/wp-json\/wp\/v2\/etheme_brands?post=115323"},{"taxonomy":"product_brand","embeddable":true,"href":"https:\/\/www.argensend.com\/en\/wp-json\/wp\/v2\/product_brand?post=115323"},{"taxonomy":"product_cat","embeddable":true,"href":"https:\/\/www.argensend.com\/en\/wp-json\/wp\/v2\/product_cat?post=115323"},{"taxonomy":"product_tag","embeddable":true,"href":"https:\/\/www.argensend.com\/en\/wp-json\/wp\/v2\/product_tag?post=115323"}],"curies":[{"name":"wp","href":"https:\/\/api.w.org\/{rel}","templated":true}]}}