{"id":115326,"date":"2024-07-24T09:01:14","date_gmt":"2024-07-24T12:01:14","guid":{"rendered":"https:\/\/www.argensend.com\/?post_type=product&#038;p=115326"},"modified":"2024-12-06T16:48:15","modified_gmt":"2024-12-06T19:48:15","slug":"weleda-pasta-dentifrica-de-ratania","status":"publish","type":"product","link":"https:\/\/www.argensend.com\/en\/product\/weleda-pasta-dentifrica-de-ratania\/","title":{"rendered":"Weleda Pasta Dent\u00edfrica de Ratania"},"content":{"rendered":"","protected":false},"excerpt":{"rendered":"<div class=\"text-item\">\n<div class=\"rich-text\">\n<p>\u00bfSab\u00edas que los habitantes de los Andes peruanos usan tradicionalmente la ra\u00edz de ratania para limpiar sus dientes? En Weleda, respetamos esa sabidur\u00eda y\u00a0la desarrollamos para la salud bucal. La robusta ra\u00edz de la ratania es rica en sustancias que protegen y fortalecen las enc\u00edas sensibles y tiene cualidades\u00a0 antibacterianas naturales. Agregamos mirra calmante y refrescantes aceites esenciales de menta para tener un aliento fresco.<\/p>\n<\/div>\n<\/div>\n<div class=\"text-item\">\n<h3>Beneficios<\/h3>\n<div class=\"rich-text\">\n<p>Su uso regular fortalece y tonifica las enc\u00edas para prevenir el sangrado, limpia los dientes y deja un sabor fresco a menta de larga duraci\u00f3n.<\/p>\n<\/div>\n<\/div>","protected":false},"featured_media":115328,"comment_status":"open","ping_status":"closed","template":"","meta":{"_acf_changed":false,"om_disable_all_campaigns":false,"_monsterinsights_skip_tracking":false,"_monsterinsights_sitenote_active":false,"_monsterinsights_sitenote_note":"","_monsterinsights_sitenote_category":0},"etheme_brands":[],"product_brand":[],"product_cat":[8941],"product_tag":[9673,10396,2368,10391,10398],"class_list":{"0":"post-115326","1":"product","2":"type-product","3":"status-publish","4":"has-post-thumbnail","6":"product_cat-sin-categoria","7":"product_tag-higiene","8":"product_tag-pasta-de-dientes","9":"product_tag-productos-de-limpieza","10":"product_tag-weleda","11":"product_tag-weleda-pasta-dentifrica-de-ratania","13":"first","14":"instock","15":"taxable","16":"shipping-taxable","17":"purchasable","18":"product-type-simple"},"acf":[],"aioseo_notices":[],"_links":{"self":[{"href":"https:\/\/www.argensend.com\/en\/wp-json\/wp\/v2\/product\/115326","targetHints":{"allow":["GET"]}}],"collection":[{"href":"https:\/\/www.argensend.com\/en\/wp-json\/wp\/v2\/product"}],"about":[{"href":"https:\/\/www.argensend.com\/en\/wp-json\/wp\/v2\/types\/product"}],"replies":[{"embeddable":true,"href":"https:\/\/www.argensend.com\/en\/wp-json\/wp\/v2\/comments?post=115326"}],"version-history":[{"count":2,"href":"https:\/\/www.argensend.com\/en\/wp-json\/wp\/v2\/product\/115326\/revisions"}],"predecessor-version":[{"id":115329,"href":"https:\/\/www.argensend.com\/en\/wp-json\/wp\/v2\/product\/115326\/revisions\/115329"}],"wp:featuredmedia":[{"embeddable":true,"href":"https:\/\/www.argensend.com\/en\/wp-json\/wp\/v2\/media\/115328"}],"wp:attachment":[{"href":"https:\/\/www.argensend.com\/en\/wp-json\/wp\/v2\/media?parent=115326"}],"wp:term":[{"taxonomy":"brand","embeddable":true,"href":"https:\/\/www.argensend.com\/en\/wp-json\/wp\/v2\/etheme_brands?post=115326"},{"taxonomy":"product_brand","embeddable":true,"href":"https:\/\/www.argensend.com\/en\/wp-json\/wp\/v2\/product_brand?post=115326"},{"taxonomy":"product_cat","embeddable":true,"href":"https:\/\/www.argensend.com\/en\/wp-json\/wp\/v2\/product_cat?post=115326"},{"taxonomy":"product_tag","embeddable":true,"href":"https:\/\/www.argensend.com\/en\/wp-json\/wp\/v2\/product_tag?post=115326"}],"curies":[{"name":"wp","href":"https:\/\/api.w.org\/{rel}","templated":true}]}}