{"id":115330,"date":"2024-07-24T09:04:39","date_gmt":"2024-07-24T12:04:39","guid":{"rendered":"https:\/\/www.argensend.com\/?post_type=product&#038;p=115330"},"modified":"2024-12-06T16:48:15","modified_gmt":"2024-12-06T19:48:15","slug":"weleda-pasta-dentifrica-salina","status":"publish","type":"product","link":"https:\/\/www.argensend.com\/en\/product\/weleda-pasta-dentifrica-salina\/","title":{"rendered":"Weleda Pasta Dent\u00edfrica Salina"},"content":{"rendered":"","protected":false},"excerpt":{"rendered":"<div class=\"text-item\">\n<div class=\"rich-text\">\n<p><strong><span style=\"font-family: Arial; font-size: large;\">Modo de uso:<\/span><\/strong><\/p>\n<p><span style=\"font-family: Arial; font-size: large;\">El cepillado regular dos veces al d\u00eda con la pasta de dientes natural\u00a0 Weleda previene las manchas y la acumulaci\u00f3n de sarro. Para mejores resultados, \u00faselo en un cepillo de dientes seco.\u00a0<\/span><\/p>\n<\/div>\n<\/div>\n<div class=\"text-item\">\n<h3><span style=\"font-family: Arial; font-size: large;\">Beneficios<\/span><\/h3>\n<div class=\"rich-text\">\n<p><span style=\"font-family: Arial; font-size: large;\">La sal marina tiene un efecto que estimula la salivaci\u00f3n en la boca. En Weleda formulamos esta pasta dental salina para permitir que la saliva haga su trabajo<br \/>\nnatural, limpiando suavemente toda la boca. Los extractos naturales de ra\u00edz de ratania, mirra y corteza de casta\u00f1o, tonifican las enc\u00edas, mientras que las<br \/>\nsuaves part\u00edculas abrasivas limpian los dientes para evitar la formaci\u00f3n de placa y sarro, protegiendo contra la formaci\u00f3n de caries. El sabor \u00e1cido y salado es a\u00fan<br \/>\nm\u00e1s refrescante con el aceite esencial de menta, para una limpieza dental fresca y sin fl\u00faor.<\/span><\/p>\n<\/div>\n<\/div>","protected":false},"featured_media":115332,"comment_status":"open","ping_status":"closed","template":"","meta":{"_acf_changed":false,"om_disable_all_campaigns":false,"_monsterinsights_skip_tracking":false,"_monsterinsights_sitenote_active":false,"_monsterinsights_sitenote_note":"","_monsterinsights_sitenote_category":0},"etheme_brands":[],"product_brand":[],"product_cat":[8941],"product_tag":[10395,9673,10396,2368,10391,10399],"class_list":{"0":"post-115330","1":"product","2":"type-product","3":"status-publish","4":"has-post-thumbnail","6":"product_cat-sin-categoria","7":"product_tag-dentifrico","8":"product_tag-higiene","9":"product_tag-pasta-de-dientes","10":"product_tag-productos-de-limpieza","11":"product_tag-weleda","12":"product_tag-weleda-pasta-dentifrica-salina","14":"first","15":"instock","16":"taxable","17":"shipping-taxable","18":"purchasable","19":"product-type-simple"},"acf":[],"aioseo_notices":[],"_links":{"self":[{"href":"https:\/\/www.argensend.com\/en\/wp-json\/wp\/v2\/product\/115330","targetHints":{"allow":["GET"]}}],"collection":[{"href":"https:\/\/www.argensend.com\/en\/wp-json\/wp\/v2\/product"}],"about":[{"href":"https:\/\/www.argensend.com\/en\/wp-json\/wp\/v2\/types\/product"}],"replies":[{"embeddable":true,"href":"https:\/\/www.argensend.com\/en\/wp-json\/wp\/v2\/comments?post=115330"}],"version-history":[{"count":2,"href":"https:\/\/www.argensend.com\/en\/wp-json\/wp\/v2\/product\/115330\/revisions"}],"predecessor-version":[{"id":115333,"href":"https:\/\/www.argensend.com\/en\/wp-json\/wp\/v2\/product\/115330\/revisions\/115333"}],"wp:featuredmedia":[{"embeddable":true,"href":"https:\/\/www.argensend.com\/en\/wp-json\/wp\/v2\/media\/115332"}],"wp:attachment":[{"href":"https:\/\/www.argensend.com\/en\/wp-json\/wp\/v2\/media?parent=115330"}],"wp:term":[{"taxonomy":"brand","embeddable":true,"href":"https:\/\/www.argensend.com\/en\/wp-json\/wp\/v2\/etheme_brands?post=115330"},{"taxonomy":"product_brand","embeddable":true,"href":"https:\/\/www.argensend.com\/en\/wp-json\/wp\/v2\/product_brand?post=115330"},{"taxonomy":"product_cat","embeddable":true,"href":"https:\/\/www.argensend.com\/en\/wp-json\/wp\/v2\/product_cat?post=115330"},{"taxonomy":"product_tag","embeddable":true,"href":"https:\/\/www.argensend.com\/en\/wp-json\/wp\/v2\/product_tag?post=115330"}],"curies":[{"name":"wp","href":"https:\/\/api.w.org\/{rel}","templated":true}]}}