{"id":115334,"date":"2024-07-24T09:09:12","date_gmt":"2024-07-24T12:09:12","guid":{"rendered":"https:\/\/www.argensend.com\/?post_type=product&#038;p=115334"},"modified":"2024-12-06T16:48:15","modified_gmt":"2024-12-06T19:48:15","slug":"weleda-agua-dentifrica-de-ratania","status":"publish","type":"product","link":"https:\/\/www.argensend.com\/en\/product\/weleda-agua-dentifrica-de-ratania\/","title":{"rendered":"Weleda Agua Dent\u00edfrica de Ratania"},"content":{"rendered":"","protected":false},"excerpt":{"rendered":"<div class=\"text-item\">\n<div class=\"rich-text\">\n<p><span style=\"font-family: Arial; font-size: large;\">Las ra\u00edces de ratania, recolectadas de productores org\u00e1nicos en los Andes peruanos, se mezclan con mirra para tonificar y fortalecer las enc\u00edas previniendo su irritaci\u00f3n. Los aceites esenciales naturales de salvia, eucalipto y menta brindan una frescura duradera.<\/span><\/p>\n<p><span style=\"font-family: Arial; font-size: large;\">\u00a0<\/span><\/p>\n<\/div>\n<\/div>\n<div class=\"text-item\">\n<h3><span style=\"font-family: Arial; font-size: large;\">Beneficios<\/span><\/h3>\n<div class=\"rich-text\">\n<p><span style=\"font-family: Arial; font-size: large;\">El agua dent\u00edfrica de Ratania tonifica, fortalece y refresca el enjuague bucal. El uso diario reduce el mal aliento y fortalece las enc\u00edas sensibles.\u00a0 Es un cuidado dental natural certificado. No contiene\u00a0az\u00facar<\/span><\/p>\n<\/div>\n<\/div>","protected":false},"featured_media":115336,"comment_status":"open","ping_status":"closed","template":"","meta":{"_acf_changed":false,"om_disable_all_campaigns":false,"_monsterinsights_skip_tracking":false,"_monsterinsights_sitenote_active":false,"_monsterinsights_sitenote_note":"","_monsterinsights_sitenote_category":0},"etheme_brands":[],"product_brand":[],"product_cat":[8941],"product_tag":[10395,9673,2368,10391,10400],"class_list":{"0":"post-115334","1":"product","2":"type-product","3":"status-publish","4":"has-post-thumbnail","6":"product_cat-sin-categoria","7":"product_tag-dentifrico","8":"product_tag-higiene","9":"product_tag-productos-de-limpieza","10":"product_tag-weleda","11":"product_tag-weleda-agua-dentifrica-de-ratania","13":"first","14":"instock","15":"taxable","16":"shipping-taxable","17":"purchasable","18":"product-type-simple"},"acf":[],"aioseo_notices":[],"_links":{"self":[{"href":"https:\/\/www.argensend.com\/en\/wp-json\/wp\/v2\/product\/115334","targetHints":{"allow":["GET"]}}],"collection":[{"href":"https:\/\/www.argensend.com\/en\/wp-json\/wp\/v2\/product"}],"about":[{"href":"https:\/\/www.argensend.com\/en\/wp-json\/wp\/v2\/types\/product"}],"replies":[{"embeddable":true,"href":"https:\/\/www.argensend.com\/en\/wp-json\/wp\/v2\/comments?post=115334"}],"version-history":[{"count":2,"href":"https:\/\/www.argensend.com\/en\/wp-json\/wp\/v2\/product\/115334\/revisions"}],"predecessor-version":[{"id":115337,"href":"https:\/\/www.argensend.com\/en\/wp-json\/wp\/v2\/product\/115334\/revisions\/115337"}],"wp:featuredmedia":[{"embeddable":true,"href":"https:\/\/www.argensend.com\/en\/wp-json\/wp\/v2\/media\/115336"}],"wp:attachment":[{"href":"https:\/\/www.argensend.com\/en\/wp-json\/wp\/v2\/media?parent=115334"}],"wp:term":[{"taxonomy":"brand","embeddable":true,"href":"https:\/\/www.argensend.com\/en\/wp-json\/wp\/v2\/etheme_brands?post=115334"},{"taxonomy":"product_brand","embeddable":true,"href":"https:\/\/www.argensend.com\/en\/wp-json\/wp\/v2\/product_brand?post=115334"},{"taxonomy":"product_cat","embeddable":true,"href":"https:\/\/www.argensend.com\/en\/wp-json\/wp\/v2\/product_cat?post=115334"},{"taxonomy":"product_tag","embeddable":true,"href":"https:\/\/www.argensend.com\/en\/wp-json\/wp\/v2\/product_tag?post=115334"}],"curies":[{"name":"wp","href":"https:\/\/api.w.org\/{rel}","templated":true}]}}