{"id":115338,"date":"2024-07-24T09:15:34","date_gmt":"2024-07-24T12:15:34","guid":{"rendered":"https:\/\/www.argensend.com\/?post_type=product&#038;p=115338"},"modified":"2024-12-06T16:48:15","modified_gmt":"2024-12-06T19:48:15","slug":"weleda-aceite-capilar-nutritivo","status":"publish","type":"product","link":"https:\/\/www.argensend.com\/en\/product\/weleda-aceite-capilar-nutritivo\/","title":{"rendered":"Weleda Aceite Capilar Nutritivo"},"content":{"rendered":"","protected":false},"excerpt":{"rendered":"<div class=\"text-item\">\n<div class=\"rich-text\">\n<p>En Weleda, sabemos que la vieja sabidur\u00eda puede resultar bien fundada, por lo que para nosotros un tratamiento con aceite natural es justo lo que tu cabello y cuero cabelludo necesitan. Masaje\u00e1\u00a0unas gotas de este aceite acondicionador intensivo en el cuero cabelludo, o en el cabello mojado o seco mientras estiliza, para agregar brillo y nutrir intensamente el pelo seco y las puntas abiertas.<\/p>\n<p>Con vigorizantes extractos de aceite de romero, tr\u00e9bol y ra\u00edz de bardana, proporciona un tratamiento acondicionador profundo que hace que el cabello sea m\u00e1s manejable.<\/p>\n<\/div>\n<\/div>\n<div class=\"text-item\">\n<h3>Beneficios<\/h3>\n<div class=\"rich-text\">\n<p>Cuidados intensivos sin irritaci\u00f3n del cuero cabelludo. Aporta brillo, repara las puntas abiertas, deja el cabello suave y sedoso. Nutrici\u00f3n y acondicionamiento profundo.\u00a0 Adecuado para hombres y mujeres.<\/p>\n<\/div>\n<\/div>","protected":false},"featured_media":115340,"comment_status":"open","ping_status":"closed","template":"","meta":{"_acf_changed":false,"om_disable_all_campaigns":false,"_monsterinsights_skip_tracking":false,"_monsterinsights_sitenote_active":false,"_monsterinsights_sitenote_note":"","_monsterinsights_sitenote_category":0},"etheme_brands":[],"product_brand":[],"product_cat":[8941],"product_tag":[10402,9673,2368,10391,10401],"class_list":{"0":"post-115338","1":"product","2":"type-product","3":"status-publish","4":"has-post-thumbnail","6":"product_cat-sin-categoria","7":"product_tag-aceite-capilar","8":"product_tag-higiene","9":"product_tag-productos-de-limpieza","10":"product_tag-weleda","11":"product_tag-weleda-aceite-capilar-nutritivo","13":"first","14":"instock","15":"taxable","16":"shipping-taxable","17":"purchasable","18":"product-type-simple"},"acf":[],"aioseo_notices":[],"_links":{"self":[{"href":"https:\/\/www.argensend.com\/en\/wp-json\/wp\/v2\/product\/115338","targetHints":{"allow":["GET"]}}],"collection":[{"href":"https:\/\/www.argensend.com\/en\/wp-json\/wp\/v2\/product"}],"about":[{"href":"https:\/\/www.argensend.com\/en\/wp-json\/wp\/v2\/types\/product"}],"replies":[{"embeddable":true,"href":"https:\/\/www.argensend.com\/en\/wp-json\/wp\/v2\/comments?post=115338"}],"version-history":[{"count":1,"href":"https:\/\/www.argensend.com\/en\/wp-json\/wp\/v2\/product\/115338\/revisions"}],"predecessor-version":[{"id":115346,"href":"https:\/\/www.argensend.com\/en\/wp-json\/wp\/v2\/product\/115338\/revisions\/115346"}],"wp:featuredmedia":[{"embeddable":true,"href":"https:\/\/www.argensend.com\/en\/wp-json\/wp\/v2\/media\/115340"}],"wp:attachment":[{"href":"https:\/\/www.argensend.com\/en\/wp-json\/wp\/v2\/media?parent=115338"}],"wp:term":[{"taxonomy":"brand","embeddable":true,"href":"https:\/\/www.argensend.com\/en\/wp-json\/wp\/v2\/etheme_brands?post=115338"},{"taxonomy":"product_brand","embeddable":true,"href":"https:\/\/www.argensend.com\/en\/wp-json\/wp\/v2\/product_brand?post=115338"},{"taxonomy":"product_cat","embeddable":true,"href":"https:\/\/www.argensend.com\/en\/wp-json\/wp\/v2\/product_cat?post=115338"},{"taxonomy":"product_tag","embeddable":true,"href":"https:\/\/www.argensend.com\/en\/wp-json\/wp\/v2\/product_tag?post=115338"}],"curies":[{"name":"wp","href":"https:\/\/api.w.org\/{rel}","templated":true}]}}