{"id":115347,"date":"2024-07-24T09:21:44","date_gmt":"2024-07-24T12:21:44","guid":{"rendered":"https:\/\/www.argensend.com\/?post_type=product&#038;p=115347"},"modified":"2024-12-06T16:48:16","modified_gmt":"2024-12-06T19:48:16","slug":"weleda-locion-capilar-revitalizante","status":"publish","type":"product","link":"https:\/\/www.argensend.com\/en\/product\/weleda-locion-capilar-revitalizante\/","title":{"rendered":"Weleda Loci\u00f3n Capilar Revitalizante"},"content":{"rendered":"","protected":false},"excerpt":{"rendered":"<div class=\"text-item\">\n<div class=\"rich-text\">\n<p><span style=\"font-family: Arial; font-size: large;\">Toma extractos naturales de aceite de romero, r\u00e1bano picante y romero, pero no uses productos qu\u00edmicos agresivos. Suena como una receta de anta\u00f1o, y de hecho, la Loci\u00f3n Capilar de Romero\u00a0ha ayudado a los clientes desde 1921. Funciona gracias a los ingredientes clave que mantienen la salud del cuero cabelludo, llevan los nutrientes a la ra\u00edz del cabello y hacen cada cabello m\u00e1s fuerte. La ciencia demostr\u00f3 lo que la experiencia nos ense\u00f1\u00f3 hace mucho tiempo.<\/span><\/p>\n<\/div>\n<\/div>\n<div class=\"text-item\">\n<h3><span style=\"font-family: Arial; font-size: large;\">Beneficios<\/span><\/h3>\n<div class=\"rich-text\">\n<p><span style=\"font-family: Arial; font-size: large;\">Fortalece el cabello, tonifica el cuero cabelludo y nutre las ra\u00edces del cabello. Reduce la p\u00e9rdida del pelo y promueve su\u00a0crecimiento. Espectacular aroma a romero, apto para hombres y mujeres. Dermatol\u00f3gicamente testada.<\/span><\/p>\n<\/div>\n<\/div>","protected":false},"featured_media":115349,"comment_status":"open","ping_status":"closed","template":"","meta":{"_acf_changed":false,"om_disable_all_campaigns":false,"_monsterinsights_skip_tracking":false,"_monsterinsights_sitenote_active":false,"_monsterinsights_sitenote_note":"","_monsterinsights_sitenote_category":0},"etheme_brands":[],"product_brand":[],"product_cat":[8941],"product_tag":[9673,10404,2368,10391,10405],"class_list":{"0":"post-115347","1":"product","2":"type-product","3":"status-publish","4":"has-post-thumbnail","6":"product_cat-sin-categoria","7":"product_tag-higiene","8":"product_tag-locion-capilar","9":"product_tag-productos-de-limpieza","10":"product_tag-weleda","11":"product_tag-weleda-locion-capilar-revitalizante","13":"first","14":"instock","15":"taxable","16":"shipping-taxable","17":"purchasable","18":"product-type-simple"},"acf":[],"aioseo_notices":[],"_links":{"self":[{"href":"https:\/\/www.argensend.com\/en\/wp-json\/wp\/v2\/product\/115347","targetHints":{"allow":["GET"]}}],"collection":[{"href":"https:\/\/www.argensend.com\/en\/wp-json\/wp\/v2\/product"}],"about":[{"href":"https:\/\/www.argensend.com\/en\/wp-json\/wp\/v2\/types\/product"}],"replies":[{"embeddable":true,"href":"https:\/\/www.argensend.com\/en\/wp-json\/wp\/v2\/comments?post=115347"}],"version-history":[{"count":2,"href":"https:\/\/www.argensend.com\/en\/wp-json\/wp\/v2\/product\/115347\/revisions"}],"predecessor-version":[{"id":115357,"href":"https:\/\/www.argensend.com\/en\/wp-json\/wp\/v2\/product\/115347\/revisions\/115357"}],"wp:featuredmedia":[{"embeddable":true,"href":"https:\/\/www.argensend.com\/en\/wp-json\/wp\/v2\/media\/115349"}],"wp:attachment":[{"href":"https:\/\/www.argensend.com\/en\/wp-json\/wp\/v2\/media?parent=115347"}],"wp:term":[{"taxonomy":"brand","embeddable":true,"href":"https:\/\/www.argensend.com\/en\/wp-json\/wp\/v2\/etheme_brands?post=115347"},{"taxonomy":"product_brand","embeddable":true,"href":"https:\/\/www.argensend.com\/en\/wp-json\/wp\/v2\/product_brand?post=115347"},{"taxonomy":"product_cat","embeddable":true,"href":"https:\/\/www.argensend.com\/en\/wp-json\/wp\/v2\/product_cat?post=115347"},{"taxonomy":"product_tag","embeddable":true,"href":"https:\/\/www.argensend.com\/en\/wp-json\/wp\/v2\/product_tag?post=115347"}],"curies":[{"name":"wp","href":"https:\/\/api.w.org\/{rel}","templated":true}]}}