{"id":115363,"date":"2024-07-24T09:32:12","date_gmt":"2024-07-24T12:32:12","guid":{"rendered":"https:\/\/www.argensend.com\/?post_type=product&#038;p=115363"},"modified":"2024-12-06T16:48:17","modified_gmt":"2024-12-06T19:48:17","slug":"weleda-fitoacondicionador-reparador-de-argan","status":"publish","type":"product","link":"https:\/\/www.argensend.com\/en\/product\/weleda-fitoacondicionador-reparador-de-argan\/","title":{"rendered":"Weleda Fitoacondicionador Reparador de Arg\u00e1n"},"content":{"rendered":"","protected":false},"excerpt":{"rendered":"<p><span style=\"font-family: Arial; font-size: large;\">Nuestro Acondicionador de Arg\u00e1n nutre y repara profundamente el cabello quebradizo y debilitado por procesos qu\u00edmicos dej\u00e1ndolo d\u00f3cil y devolviendo su brillo natural.<\/span><\/p>\n<p><span style=\"font-family: Arial; font-size: large;\">Nuestra nueva f\u00f3rmula de Cuidados Capilares de origen natural est\u00e1n desarrollados para cuidar tu cabello y el medio ambiente.<\/span><\/p>\n<div class=\"description\"><span style=\"font-family: Arial; font-size: large;\">Nutre en profundidad el cabello fr\u00e1gil y quebradizo, facilitando su docilidad<\/span><\/div>\n<div class=\"product-info js-product-info\">\n<div class=\"product-summary\">\n<p><span style=\"font-family: Arial; font-size: large;\">Fitoacondicionador sustentable con ingredientes de 100% de origen natural, sin siliconas, sin sulfatos y biodegradable.<\/span><\/p>\n<p><span style=\"font-family: Arial; font-size: large;\">Cl\u00ednica y dermatol\u00f3gicamente testeado. Certificado por NATRUE.<\/span><\/p>\n<\/div>\n<\/div>","protected":false},"featured_media":115365,"comment_status":"open","ping_status":"closed","template":"","meta":{"_acf_changed":false,"om_disable_all_campaigns":false,"_monsterinsights_skip_tracking":false,"_monsterinsights_sitenote_active":false,"_monsterinsights_sitenote_note":"","_monsterinsights_sitenote_category":0},"etheme_brands":[],"product_brand":[],"product_cat":[8941],"product_tag":[5427,9673,2368,10391,10407],"class_list":{"0":"post-115363","1":"product","2":"type-product","3":"status-publish","4":"has-post-thumbnail","6":"product_cat-sin-categoria","7":"product_tag-acondicionador","8":"product_tag-higiene","9":"product_tag-productos-de-limpieza","10":"product_tag-weleda","11":"product_tag-weleda-fitoacondicionador-reparador-de-argan","13":"first","14":"instock","15":"taxable","16":"shipping-taxable","17":"purchasable","18":"product-type-simple"},"acf":[],"aioseo_notices":[],"_links":{"self":[{"href":"https:\/\/www.argensend.com\/en\/wp-json\/wp\/v2\/product\/115363","targetHints":{"allow":["GET"]}}],"collection":[{"href":"https:\/\/www.argensend.com\/en\/wp-json\/wp\/v2\/product"}],"about":[{"href":"https:\/\/www.argensend.com\/en\/wp-json\/wp\/v2\/types\/product"}],"replies":[{"embeddable":true,"href":"https:\/\/www.argensend.com\/en\/wp-json\/wp\/v2\/comments?post=115363"}],"version-history":[{"count":2,"href":"https:\/\/www.argensend.com\/en\/wp-json\/wp\/v2\/product\/115363\/revisions"}],"predecessor-version":[{"id":115367,"href":"https:\/\/www.argensend.com\/en\/wp-json\/wp\/v2\/product\/115363\/revisions\/115367"}],"wp:featuredmedia":[{"embeddable":true,"href":"https:\/\/www.argensend.com\/en\/wp-json\/wp\/v2\/media\/115365"}],"wp:attachment":[{"href":"https:\/\/www.argensend.com\/en\/wp-json\/wp\/v2\/media?parent=115363"}],"wp:term":[{"taxonomy":"brand","embeddable":true,"href":"https:\/\/www.argensend.com\/en\/wp-json\/wp\/v2\/etheme_brands?post=115363"},{"taxonomy":"product_brand","embeddable":true,"href":"https:\/\/www.argensend.com\/en\/wp-json\/wp\/v2\/product_brand?post=115363"},{"taxonomy":"product_cat","embeddable":true,"href":"https:\/\/www.argensend.com\/en\/wp-json\/wp\/v2\/product_cat?post=115363"},{"taxonomy":"product_tag","embeddable":true,"href":"https:\/\/www.argensend.com\/en\/wp-json\/wp\/v2\/product_tag?post=115363"}],"curies":[{"name":"wp","href":"https:\/\/api.w.org\/{rel}","templated":true}]}}