{"id":115369,"date":"2024-07-24T09:34:56","date_gmt":"2024-07-24T12:34:56","guid":{"rendered":"https:\/\/www.argensend.com\/?post_type=product&#038;p=115369"},"modified":"2024-12-06T16:48:17","modified_gmt":"2024-12-06T19:48:17","slug":"weleda-fitoacondicionador-hidratante-de-aloe-vera","status":"publish","type":"product","link":"https:\/\/www.argensend.com\/en\/product\/weleda-fitoacondicionador-hidratante-de-aloe-vera\/","title":{"rendered":"Weleda Fitoacondicionador Hidratante de Aloe Vera"},"content":{"rendered":"","protected":false},"excerpt":{"rendered":"<p><span style=\"font-family: Arial; font-size: large;\">Nuestro Fitoacondicionador de Aloe Vera hidrata en profundidad el cabello dej\u00e1ndolo suave y f\u00e1cil de peinar.<\/span><\/p>\n<p><span style=\"font-family: Arial; font-size: large;\">Nuestra nueva generaci\u00f3n de cuidados capilares de origen natural est\u00e1n desarrollados para cuidar tu cabello y el medio ambiente; son biodegradables, no contienen parabenos, sin micropl\u00e1sticos, son crueltyfree entre otras caracter\u00edsticas.<\/span><\/p>\n<div class=\"description\"><span style=\"font-family: Arial; font-size: large;\">Humecta en profundidad el cabello normal. Facilita el peinado dejando el cabello sedoso.<\/span><\/div>\n<div class=\"product-info js-product-info\">\n<div class=\"product-summary\">\n<p><span style=\"font-family: Arial; font-size: large;\">Fitoacondicionador sustentable con ingredientes de 100% de origen natural, sin siliconas, sin sulfatos y biodegradable.<\/span><\/p>\n<p><span style=\"font-family: Arial; font-size: large;\">Cl\u00ednica y dermatol\u00f3gicamente testeado. Certificado por NATRUE<\/span><\/p>\n<\/div>\n<\/div>","protected":false},"featured_media":115371,"comment_status":"open","ping_status":"closed","template":"","meta":{"_acf_changed":false,"om_disable_all_campaigns":false,"_monsterinsights_skip_tracking":false,"_monsterinsights_sitenote_active":false,"_monsterinsights_sitenote_note":"","_monsterinsights_sitenote_category":0},"etheme_brands":[],"product_brand":[],"product_cat":[8941],"product_tag":[5427,1614,9673,2368,10391,10408],"class_list":{"0":"post-115369","1":"product","2":"type-product","3":"status-publish","4":"has-post-thumbnail","6":"product_cat-sin-categoria","7":"product_tag-acondicionador","8":"product_tag-aloe-vera","9":"product_tag-higiene","10":"product_tag-productos-de-limpieza","11":"product_tag-weleda","12":"product_tag-weleda-fitoacondicionador-hidratante-de-aloe-vera","14":"first","15":"instock","16":"taxable","17":"shipping-taxable","18":"purchasable","19":"product-type-simple"},"acf":[],"aioseo_notices":[],"_links":{"self":[{"href":"https:\/\/www.argensend.com\/en\/wp-json\/wp\/v2\/product\/115369","targetHints":{"allow":["GET"]}}],"collection":[{"href":"https:\/\/www.argensend.com\/en\/wp-json\/wp\/v2\/product"}],"about":[{"href":"https:\/\/www.argensend.com\/en\/wp-json\/wp\/v2\/types\/product"}],"replies":[{"embeddable":true,"href":"https:\/\/www.argensend.com\/en\/wp-json\/wp\/v2\/comments?post=115369"}],"version-history":[{"count":2,"href":"https:\/\/www.argensend.com\/en\/wp-json\/wp\/v2\/product\/115369\/revisions"}],"predecessor-version":[{"id":115378,"href":"https:\/\/www.argensend.com\/en\/wp-json\/wp\/v2\/product\/115369\/revisions\/115378"}],"wp:featuredmedia":[{"embeddable":true,"href":"https:\/\/www.argensend.com\/en\/wp-json\/wp\/v2\/media\/115371"}],"wp:attachment":[{"href":"https:\/\/www.argensend.com\/en\/wp-json\/wp\/v2\/media?parent=115369"}],"wp:term":[{"taxonomy":"brand","embeddable":true,"href":"https:\/\/www.argensend.com\/en\/wp-json\/wp\/v2\/etheme_brands?post=115369"},{"taxonomy":"product_brand","embeddable":true,"href":"https:\/\/www.argensend.com\/en\/wp-json\/wp\/v2\/product_brand?post=115369"},{"taxonomy":"product_cat","embeddable":true,"href":"https:\/\/www.argensend.com\/en\/wp-json\/wp\/v2\/product_cat?post=115369"},{"taxonomy":"product_tag","embeddable":true,"href":"https:\/\/www.argensend.com\/en\/wp-json\/wp\/v2\/product_tag?post=115369"}],"curies":[{"name":"wp","href":"https:\/\/api.w.org\/{rel}","templated":true}]}}