{"id":115379,"date":"2024-07-24T09:39:05","date_gmt":"2024-07-24T12:39:05","guid":{"rendered":"https:\/\/www.argensend.com\/?post_type=product&#038;p=115379"},"modified":"2024-12-06T16:48:31","modified_gmt":"2024-12-06T19:48:31","slug":"weleda-fitoshampoo-reparador-de-argan","status":"publish","type":"product","link":"https:\/\/www.argensend.com\/en\/product\/weleda-fitoshampoo-reparador-de-argan\/","title":{"rendered":"Weleda Fitoshampoo Reparador de Arg\u00e1n"},"content":{"rendered":"","protected":false},"excerpt":{"rendered":"<div class=\"description\">Reparaci\u00f3n y brillo intenso<\/div>\n<div class=\"description\">Protege y repara el cabello seco y da\u00f1ado que fue sometido a agresiones qu\u00edmicas, restaurando la fibra capilar. Otorga reparaci\u00f3n y brillo intenso. Cl\u00ednica y dermatol\u00f3gicamente testeado.<\/div>","protected":false},"featured_media":115381,"comment_status":"open","ping_status":"closed","template":"","meta":{"_acf_changed":false,"om_disable_all_campaigns":false,"_monsterinsights_skip_tracking":false,"_monsterinsights_sitenote_active":false,"_monsterinsights_sitenote_note":"","_monsterinsights_sitenote_category":0},"etheme_brands":[],"product_brand":[],"product_cat":[8941],"product_tag":[9673,2368,3925,10391,10409],"class_list":{"0":"post-115379","1":"product","2":"type-product","3":"status-publish","4":"has-post-thumbnail","6":"product_cat-sin-categoria","7":"product_tag-higiene","8":"product_tag-productos-de-limpieza","9":"product_tag-shampoo","10":"product_tag-weleda","11":"product_tag-weleda-fitoshampoo-reparador-de-argan","13":"first","14":"instock","15":"taxable","16":"shipping-taxable","17":"purchasable","18":"product-type-simple"},"acf":[],"aioseo_notices":[],"_links":{"self":[{"href":"https:\/\/www.argensend.com\/en\/wp-json\/wp\/v2\/product\/115379","targetHints":{"allow":["GET"]}}],"collection":[{"href":"https:\/\/www.argensend.com\/en\/wp-json\/wp\/v2\/product"}],"about":[{"href":"https:\/\/www.argensend.com\/en\/wp-json\/wp\/v2\/types\/product"}],"replies":[{"embeddable":true,"href":"https:\/\/www.argensend.com\/en\/wp-json\/wp\/v2\/comments?post=115379"}],"version-history":[{"count":2,"href":"https:\/\/www.argensend.com\/en\/wp-json\/wp\/v2\/product\/115379\/revisions"}],"predecessor-version":[{"id":115382,"href":"https:\/\/www.argensend.com\/en\/wp-json\/wp\/v2\/product\/115379\/revisions\/115382"}],"wp:featuredmedia":[{"embeddable":true,"href":"https:\/\/www.argensend.com\/en\/wp-json\/wp\/v2\/media\/115381"}],"wp:attachment":[{"href":"https:\/\/www.argensend.com\/en\/wp-json\/wp\/v2\/media?parent=115379"}],"wp:term":[{"taxonomy":"brand","embeddable":true,"href":"https:\/\/www.argensend.com\/en\/wp-json\/wp\/v2\/etheme_brands?post=115379"},{"taxonomy":"product_brand","embeddable":true,"href":"https:\/\/www.argensend.com\/en\/wp-json\/wp\/v2\/product_brand?post=115379"},{"taxonomy":"product_cat","embeddable":true,"href":"https:\/\/www.argensend.com\/en\/wp-json\/wp\/v2\/product_cat?post=115379"},{"taxonomy":"product_tag","embeddable":true,"href":"https:\/\/www.argensend.com\/en\/wp-json\/wp\/v2\/product_tag?post=115379"}],"curies":[{"name":"wp","href":"https:\/\/api.w.org\/{rel}","templated":true}]}}