{"id":115390,"date":"2024-07-24T09:48:12","date_gmt":"2024-07-24T12:48:12","guid":{"rendered":"https:\/\/www.argensend.com\/?post_type=product&#038;p=115390"},"modified":"2024-12-06T16:48:31","modified_gmt":"2024-12-06T19:48:31","slug":"weleda-fitoshampoo-suavizante-de-calendula","status":"publish","type":"product","link":"https:\/\/www.argensend.com\/en\/product\/weleda-fitoshampoo-suavizante-de-calendula\/","title":{"rendered":"Weleda Fitoshampoo Suavizante de Cal\u00e9ndula"},"content":{"rendered":"","protected":false},"excerpt":{"rendered":"<p>Nuestro Fitoshampoo con extractos de cal\u00e9ndula y aceite de jojoba est\u00e1 elaborado para un cuero cabelludo sensible ayudando a calmar irritaciones y descamaciones. Limpia en profundidad.<\/p>\n<p>&nbsp;<\/p>\n<p>Nuestra nueva f\u00f3rmula de Cuidados Capilares de origen natural est\u00e1n desarrollados para cuidar tu cabello y el medio ambiente.<\/p>\n<div class=\"description\">Ayuda a calmar y proteger el cuero cabelludo sensible e irritado.<\/div>\n<div class=\"product-info js-product-info\">\n<div class=\"product-summary\">\n<p>Fitoshampoo sustentable con ingredientes de 100% de origen natural, sin siliconas, sin sulfatos y biodegradable.<\/p>\n<p>Cl\u00ednica y dermatol\u00f3gicamente testeado. Certificado por NATRUE.<\/p>\n<\/div>\n<\/div>","protected":false},"featured_media":115394,"comment_status":"open","ping_status":"closed","template":"","meta":{"_acf_changed":false,"om_disable_all_campaigns":false,"_monsterinsights_skip_tracking":false,"_monsterinsights_sitenote_active":false,"_monsterinsights_sitenote_note":"","_monsterinsights_sitenote_category":0},"etheme_brands":[],"product_brand":[],"product_cat":[8941],"product_tag":[4481,9673,2368,3925,10391,10412],"class_list":{"0":"post-115390","1":"product","2":"type-product","3":"status-publish","4":"has-post-thumbnail","6":"product_cat-sin-categoria","7":"product_tag-calendula","8":"product_tag-higiene","9":"product_tag-productos-de-limpieza","10":"product_tag-shampoo","11":"product_tag-weleda","12":"product_tag-weleda-fitoshampoo-suavizante-de-calendula","14":"first","15":"instock","16":"taxable","17":"shipping-taxable","18":"purchasable","19":"product-type-simple"},"acf":[],"aioseo_notices":[],"_links":{"self":[{"href":"https:\/\/www.argensend.com\/en\/wp-json\/wp\/v2\/product\/115390","targetHints":{"allow":["GET"]}}],"collection":[{"href":"https:\/\/www.argensend.com\/en\/wp-json\/wp\/v2\/product"}],"about":[{"href":"https:\/\/www.argensend.com\/en\/wp-json\/wp\/v2\/types\/product"}],"replies":[{"embeddable":true,"href":"https:\/\/www.argensend.com\/en\/wp-json\/wp\/v2\/comments?post=115390"}],"version-history":[{"count":6,"href":"https:\/\/www.argensend.com\/en\/wp-json\/wp\/v2\/product\/115390\/revisions"}],"predecessor-version":[{"id":115398,"href":"https:\/\/www.argensend.com\/en\/wp-json\/wp\/v2\/product\/115390\/revisions\/115398"}],"wp:featuredmedia":[{"embeddable":true,"href":"https:\/\/www.argensend.com\/en\/wp-json\/wp\/v2\/media\/115394"}],"wp:attachment":[{"href":"https:\/\/www.argensend.com\/en\/wp-json\/wp\/v2\/media?parent=115390"}],"wp:term":[{"taxonomy":"brand","embeddable":true,"href":"https:\/\/www.argensend.com\/en\/wp-json\/wp\/v2\/etheme_brands?post=115390"},{"taxonomy":"product_brand","embeddable":true,"href":"https:\/\/www.argensend.com\/en\/wp-json\/wp\/v2\/product_brand?post=115390"},{"taxonomy":"product_cat","embeddable":true,"href":"https:\/\/www.argensend.com\/en\/wp-json\/wp\/v2\/product_cat?post=115390"},{"taxonomy":"product_tag","embeddable":true,"href":"https:\/\/www.argensend.com\/en\/wp-json\/wp\/v2\/product_tag?post=115390"}],"curies":[{"name":"wp","href":"https:\/\/api.w.org\/{rel}","templated":true}]}}