{"id":11540,"date":"2020-10-22T15:03:40","date_gmt":"2020-10-22T18:03:40","guid":{"rendered":"https:\/\/www.argensend.com\/?post_type=product&#038;p=11540"},"modified":"2025-04-21T14:13:08","modified_gmt":"2025-04-21T17:13:08","slug":"cbse-yerba-mate-con-palo-energia-guarana-500-gr-yerba-mate-guarana-energy-with-palo-17-63-oz","status":"publish","type":"product","link":"https:\/\/www.argensend.com\/en\/product\/cbse-yerba-mate-con-palo-energia-guarana-500-gr-yerba-mate-guarana-energy-with-palo-17-63-oz\/","title":{"rendered":"CBS\u00c9 &#8211; Yerba Mate con Palo Energ\u00eda Guaran\u00e1 500gr"},"content":{"rendered":"<p>Despierta tus sentidos y energiza tu d\u00eda con la Yerba Mate Cbse Guarana + Energia de 500g. Esta exquisita mezcla combina la tradici\u00f3n del mate argentino con el vigorizante poder del guaran\u00e1, ofreci\u00e9ndote una experiencia \u00fanica de sabor y vitalidad. Ideal para quienes buscan un impulso natural en su rutina, esta yerba mate saborizada es una fuente de antioxidantes que contribuyen a tu bienestar general.<\/p>\n<p>Libre de gluten y apta para cel\u00edacos, esta yerba mate asegura que todos puedan disfrutar de sus beneficios sin preocupaciones. Su presentaci\u00f3n en bolsa de 500g es perfecta para compartir o para disfrutar de m\u00faltiples momentos de placer y energ\u00eda a lo largo del d\u00eda. Con palo y un balanceado contenido de polvo, prepara tu mate con facilidad y disfruta de una infusi\u00f3n suave y llena de sabor.<\/p>\n<p>La marca Cbse es reconocida por su calidad y por ofrecer una variedad de sabores que se adaptan a todos los gustos. El sabor guaran\u00e1 de esta yerba no es la excepci\u00f3n, proporcionando un toque ex\u00f3tico y refrescante que te acompa\u00f1ar\u00e1 en cada sorbo. Ya sea para comenzar la ma\u00f1ana con determinaci\u00f3n o para reactivarte en la tarde, esta yerba mate es tu compa\u00f1era ideal.<\/p>\n<p>Incorpora a tu vida la Yerba Mate Cbse Guarana + Energia y siente la diferencia en tu cuerpo y mente. Disfruta de la armon\u00eda perfecta entre tradici\u00f3n y modernidad, y perm\u00edtete vivir una experiencia revitalizante cada vez que llenes tu mate. Haz de tu pausa un momento especial y lleno de energ\u00eda con esta selecci\u00f3n que promete deleitar y activar tus d\u00edas.<\/p>","protected":false},"excerpt":{"rendered":"<p>Despierta tus sentidos y energiza tu d\u00eda con la Yerba Mate Cbse Guarana + Energia de 500g. Esta exquisita mezcla combina la tradici\u00f3n del mate&#8230;<\/p>","protected":false},"featured_media":11541,"comment_status":"closed","ping_status":"closed","template":"","meta":{"_acf_changed":false,"om_disable_all_campaigns":false,"_monsterinsights_skip_tracking":false,"_monsterinsights_sitenote_active":false,"_monsterinsights_sitenote_note":"","_monsterinsights_sitenote_category":0},"etheme_brands":[],"product_brand":[],"product_cat":[2124],"product_tag":[203,234,224,6922,6971,6970,4149,225,165,5772,228,163],"class_list":{"0":"post-11540","1":"product","2":"type-product","3":"status-publish","4":"has-post-thumbnail","6":"product_cat-yerbas","7":"product_tag-argentina","8":"product_tag-argentine","9":"product_tag-argentino","10":"product_tag-cbse","11":"product_tag-energia","12":"product_tag-energy","13":"product_tag-guarana","14":"product_tag-infusion","15":"product_tag-mate","16":"product_tag-palo","17":"product_tag-tradicional","18":"product_tag-yerba","20":"first","21":"instock","22":"taxable","23":"shipping-taxable","24":"purchasable","25":"product-type-simple"},"acf":[],"aioseo_notices":[],"_links":{"self":[{"href":"https:\/\/www.argensend.com\/en\/wp-json\/wp\/v2\/product\/11540","targetHints":{"allow":["GET"]}}],"collection":[{"href":"https:\/\/www.argensend.com\/en\/wp-json\/wp\/v2\/product"}],"about":[{"href":"https:\/\/www.argensend.com\/en\/wp-json\/wp\/v2\/types\/product"}],"replies":[{"embeddable":true,"href":"https:\/\/www.argensend.com\/en\/wp-json\/wp\/v2\/comments?post=11540"}],"version-history":[{"count":4,"href":"https:\/\/www.argensend.com\/en\/wp-json\/wp\/v2\/product\/11540\/revisions"}],"predecessor-version":[{"id":116456,"href":"https:\/\/www.argensend.com\/en\/wp-json\/wp\/v2\/product\/11540\/revisions\/116456"}],"wp:featuredmedia":[{"embeddable":true,"href":"https:\/\/www.argensend.com\/en\/wp-json\/wp\/v2\/media\/11541"}],"wp:attachment":[{"href":"https:\/\/www.argensend.com\/en\/wp-json\/wp\/v2\/media?parent=11540"}],"wp:term":[{"taxonomy":"brand","embeddable":true,"href":"https:\/\/www.argensend.com\/en\/wp-json\/wp\/v2\/etheme_brands?post=11540"},{"taxonomy":"product_brand","embeddable":true,"href":"https:\/\/www.argensend.com\/en\/wp-json\/wp\/v2\/product_brand?post=11540"},{"taxonomy":"product_cat","embeddable":true,"href":"https:\/\/www.argensend.com\/en\/wp-json\/wp\/v2\/product_cat?post=11540"},{"taxonomy":"product_tag","embeddable":true,"href":"https:\/\/www.argensend.com\/en\/wp-json\/wp\/v2\/product_tag?post=11540"}],"curies":[{"name":"wp","href":"https:\/\/api.w.org\/{rel}","templated":true}]}}