{"id":115403,"date":"2024-07-24T10:05:28","date_gmt":"2024-07-24T13:05:28","guid":{"rendered":"https:\/\/www.argensend.com\/?post_type=product&#038;p=115403"},"modified":"2024-12-06T16:48:31","modified_gmt":"2024-12-06T19:48:31","slug":"weleda-crema-de-manos-regeneradora-de-granada","status":"publish","type":"product","link":"https:\/\/www.argensend.com\/en\/product\/weleda-crema-de-manos-regeneradora-de-granada\/","title":{"rendered":"Weleda Crema de Manos Regeneradora de Granada"},"content":{"rendered":"","protected":false},"excerpt":{"rendered":"<div class=\"text-item\">\n<div class=\"rich-text\">\n<p><span style=\"font-family: Arial; font-size: large;\">Todos necesitan un poco de amabilidad\u00a0y eso incluye tus manos.\u00a0\u00bfPor qu\u00e9 no recompensar todo su trabajo con un poco de amor y cuidado?<\/span><\/p>\n<p><span style=\"font-family: Arial; font-size: large;\">La Crema Regeneradora de Manos de granada es de absorci\u00f3n r\u00e1pida y protege tus manos contra los efectos de secado del agua, los radicales libres y el aire seco, con una lujosa mezcla de aceite de semilla de granada org\u00e1nica, manteca de karit\u00e9, aceite de s\u00e9samo y extracto de mijo dorado. La piel floja se vuelve firme, desaparece la sequedad y se ayuda a las manos capaces a recuperar su suavidad y flexibilidad.<\/span><\/p>\n<\/div>\n<\/div>\n<div class=\"text-item\">\n<h3><span style=\"font-family: Arial; font-size: large;\">Beneficios<\/span><\/h3>\n<div class=\"rich-text\">\n<p><span style=\"font-family: Arial; font-size: large;\">Antioxidante. Protege contra los radicales libres. Tensa, suaviza y fortalece la piel, contrarresta el secado y evita las manchas prematuras de la edad. Alta tolerancia cut\u00e1nea incluso con pieles sensibles!<\/span><\/p>\n<\/div>\n<\/div>","protected":false},"featured_media":115404,"comment_status":"open","ping_status":"closed","template":"","meta":{"_acf_changed":false,"om_disable_all_campaigns":false,"_monsterinsights_skip_tracking":false,"_monsterinsights_sitenote_active":false,"_monsterinsights_sitenote_note":"","_monsterinsights_sitenote_category":0},"etheme_brands":[],"product_brand":[],"product_cat":[8941],"product_tag":[10415,6426,9673,2368,10391,10414],"class_list":{"0":"post-115403","1":"product","2":"type-product","3":"status-publish","4":"has-post-thumbnail","6":"product_cat-sin-categoria","7":"product_tag-crema-de-manos","8":"product_tag-granada","9":"product_tag-higiene","10":"product_tag-productos-de-limpieza","11":"product_tag-weleda","12":"product_tag-weleda-crema-de-manos-regeneradora-de-granada","14":"first","15":"instock","16":"taxable","17":"shipping-taxable","18":"purchasable","19":"product-type-simple"},"acf":[],"aioseo_notices":[],"_links":{"self":[{"href":"https:\/\/www.argensend.com\/en\/wp-json\/wp\/v2\/product\/115403","targetHints":{"allow":["GET"]}}],"collection":[{"href":"https:\/\/www.argensend.com\/en\/wp-json\/wp\/v2\/product"}],"about":[{"href":"https:\/\/www.argensend.com\/en\/wp-json\/wp\/v2\/types\/product"}],"replies":[{"embeddable":true,"href":"https:\/\/www.argensend.com\/en\/wp-json\/wp\/v2\/comments?post=115403"}],"version-history":[{"count":2,"href":"https:\/\/www.argensend.com\/en\/wp-json\/wp\/v2\/product\/115403\/revisions"}],"predecessor-version":[{"id":115406,"href":"https:\/\/www.argensend.com\/en\/wp-json\/wp\/v2\/product\/115403\/revisions\/115406"}],"wp:featuredmedia":[{"embeddable":true,"href":"https:\/\/www.argensend.com\/en\/wp-json\/wp\/v2\/media\/115404"}],"wp:attachment":[{"href":"https:\/\/www.argensend.com\/en\/wp-json\/wp\/v2\/media?parent=115403"}],"wp:term":[{"taxonomy":"brand","embeddable":true,"href":"https:\/\/www.argensend.com\/en\/wp-json\/wp\/v2\/etheme_brands?post=115403"},{"taxonomy":"product_brand","embeddable":true,"href":"https:\/\/www.argensend.com\/en\/wp-json\/wp\/v2\/product_brand?post=115403"},{"taxonomy":"product_cat","embeddable":true,"href":"https:\/\/www.argensend.com\/en\/wp-json\/wp\/v2\/product_cat?post=115403"},{"taxonomy":"product_tag","embeddable":true,"href":"https:\/\/www.argensend.com\/en\/wp-json\/wp\/v2\/product_tag?post=115403"}],"curies":[{"name":"wp","href":"https:\/\/api.w.org\/{rel}","templated":true}]}}