{"id":115436,"date":"2024-07-24T10:38:47","date_gmt":"2024-07-24T13:38:47","guid":{"rendered":"https:\/\/www.argensend.com\/?post_type=product&#038;p=115436"},"modified":"2024-12-06T16:48:33","modified_gmt":"2024-12-06T19:48:33","slug":"perfume-hombre-dibu-emiliano-martinez_eau_de-toilette-100ml","status":"publish","type":"product","link":"https:\/\/www.argensend.com\/en\/product\/perfume-hombre-dibu-emiliano-martinez_eau_de-toilette-100ml\/","title":{"rendered":"Perfume Hombre Dibu Emiliano Martinez Eau De Toilette 100ml"},"content":{"rendered":"","protected":false},"excerpt":{"rendered":"<p>El Perfume Dibu Emiliano Mart\u00ednez es una fragancia masculina excepcionalmente audaz y llena de personalidad. Dise\u00f1ado para el hombre moderno, este Eau De Toilette de 100ml es un arma de seducci\u00f3n. Su aroma se abre con notas de salida de ar\u00e1ndano, naranja roja, lim\u00f3n y azafr\u00e1n, que se mezclan perfectamente con las notas de cuerpo de caf\u00e9, jengibre, lavanda y salvia. Finalmente, se asienta en las notas de fondo de \u00e1mbar, cuero y cedro, creando una fragancia duradera y memorable. Este perfume no es recargable, pero su tama\u00f1o es perfecto para llevarlo contigo a donde quieras. Aunque no es libre de crueldad ni vegano, este perfume se enorgullece de su origen argentino. Se presenta en un formato de spray f\u00e1cil de usar, lo que garantiza una aplicaci\u00f3n uniforme y sencilla. El perfume Emiliano Mart\u00ednez Dibu es una fragancia reci\u00e9n lanzada en 2023, lo que significa que est\u00e1s obteniendo lo \u00faltimo en tendencias de fragancias. Con cada compra, recibir\u00e1s una unidad de este perfume de 100ml.<\/p>\n<p>&nbsp;<\/p>","protected":false},"featured_media":0,"comment_status":"closed","ping_status":"closed","template":"","meta":{"_acf_changed":false,"om_disable_all_campaigns":false,"_monsterinsights_skip_tracking":false,"_monsterinsights_sitenote_active":false,"_monsterinsights_sitenote_note":"","_monsterinsights_sitenote_category":0},"etheme_brands":[],"product_brand":[],"product_cat":[8818],"product_tag":[203,234,224,1855,1612,9648,2014,10420,9155,4007,183,3672,449,1159,652,651,8859],"class_list":{"0":"post-115436","1":"product","2":"type-product","3":"status-publish","5":"product_cat-perfumeria","6":"product_tag-argentina","7":"product_tag-argentine","8":"product_tag-argentino","9":"product_tag-bano","10":"product_tag-belleza","11":"product_tag-caballero","12":"product_tag-colonia","13":"product_tag-dibu-martinez","14":"product_tag-ekos","15":"product_tag-hogar","16":"product_tag-hombre","17":"product_tag-men","18":"product_tag-natura","19":"product_tag-perfume","20":"product_tag-vegan","21":"product_tag-vegano","22":"product_tag-veggie","24":"first","25":"instock","26":"taxable","27":"shipping-taxable","28":"purchasable","29":"product-type-simple"},"acf":[],"aioseo_notices":[],"_links":{"self":[{"href":"https:\/\/www.argensend.com\/en\/wp-json\/wp\/v2\/product\/115436","targetHints":{"allow":["GET"]}}],"collection":[{"href":"https:\/\/www.argensend.com\/en\/wp-json\/wp\/v2\/product"}],"about":[{"href":"https:\/\/www.argensend.com\/en\/wp-json\/wp\/v2\/types\/product"}],"replies":[{"embeddable":true,"href":"https:\/\/www.argensend.com\/en\/wp-json\/wp\/v2\/comments?post=115436"}],"version-history":[{"count":0,"href":"https:\/\/www.argensend.com\/en\/wp-json\/wp\/v2\/product\/115436\/revisions"}],"wp:attachment":[{"href":"https:\/\/www.argensend.com\/en\/wp-json\/wp\/v2\/media?parent=115436"}],"wp:term":[{"taxonomy":"brand","embeddable":true,"href":"https:\/\/www.argensend.com\/en\/wp-json\/wp\/v2\/etheme_brands?post=115436"},{"taxonomy":"product_brand","embeddable":true,"href":"https:\/\/www.argensend.com\/en\/wp-json\/wp\/v2\/product_brand?post=115436"},{"taxonomy":"product_cat","embeddable":true,"href":"https:\/\/www.argensend.com\/en\/wp-json\/wp\/v2\/product_cat?post=115436"},{"taxonomy":"product_tag","embeddable":true,"href":"https:\/\/www.argensend.com\/en\/wp-json\/wp\/v2\/product_tag?post=115436"}],"curies":[{"name":"wp","href":"https:\/\/api.w.org\/{rel}","templated":true}]}}