{"id":115453,"date":"2024-07-24T10:52:48","date_gmt":"2024-07-24T13:52:48","guid":{"rendered":"https:\/\/www.argensend.com\/?post_type=product&#038;p=115453"},"modified":"2024-12-06T16:48:33","modified_gmt":"2024-12-06T19:48:33","slug":"weleda-desodorante-citrus","status":"publish","type":"product","link":"https:\/\/www.argensend.com\/en\/product\/weleda-desodorante-citrus\/","title":{"rendered":"Weleda Desodorante Citrus"},"content":{"rendered":"","protected":false},"excerpt":{"rendered":"<div class=\"text-item\">\n<div class=\"rich-text\">\n<p><span style=\"font-family: Arial; font-size: large;\">El Desodorante de Citrus de Weleda destila frescura natural. Posee\u00a0aceites esenciales de lim\u00f3n y naranja para neutralizar los olores corporales. No bloquea\u00a0los poros,\u00a0por lo que no hay picaz\u00f3n o irritaci\u00f3n a largo plazo.<\/span><\/p>\n<p><span style=\"font-family: Arial; font-size: large;\">Este desodorante natural viene en una botella de vidrio reciclable, con un spray sin aerosol, sin aluminio y s\u00f3lo con ingredientes naturales, que se suman a lo mejor para tu cuerpo y para el planeta. Piensa en lim\u00f3n, piensa en frescura: es una sensaci\u00f3n naturalmente buena.<\/span><\/p>\n<\/div>\n<\/div>\n<div class=\"text-item\">\n<h3><span style=\"font-family: Arial; font-size: large;\">Beneficios<\/span><\/h3>\n<div class=\"rich-text\">\n<p><span style=\"font-family: Arial; font-size: large;\">Neutraliza y previene los olores desagradables. Mantiene la funci\u00f3n reguladora natural de la piel. Dermatol\u00f3gicamente probado y tolerante con la piel. Sin antitranspirantes, incluidas sales de aluminio, conservantes sint\u00e9ticos, fragancias, colorantes y materias primas derivadas de aceites minerales.<\/span><\/p>\n<\/div>\n<\/div>","protected":false},"featured_media":115454,"comment_status":"open","ping_status":"closed","template":"","meta":{"_acf_changed":false,"om_disable_all_campaigns":false,"_monsterinsights_skip_tracking":false,"_monsterinsights_sitenote_active":false,"_monsterinsights_sitenote_note":"","_monsterinsights_sitenote_category":0},"etheme_brands":[],"product_brand":[],"product_cat":[8941],"product_tag":[348,1068,9673,2368,10391,10425],"class_list":{"0":"post-115453","1":"product","2":"type-product","3":"status-publish","4":"has-post-thumbnail","6":"product_cat-sin-categoria","7":"product_tag-citrus","8":"product_tag-desodorante","9":"product_tag-higiene","10":"product_tag-productos-de-limpieza","11":"product_tag-weleda","12":"product_tag-weleda-desodorante-citrus","14":"first","15":"instock","16":"taxable","17":"shipping-taxable","18":"purchasable","19":"product-type-simple"},"acf":[],"aioseo_notices":[],"_links":{"self":[{"href":"https:\/\/www.argensend.com\/en\/wp-json\/wp\/v2\/product\/115453","targetHints":{"allow":["GET"]}}],"collection":[{"href":"https:\/\/www.argensend.com\/en\/wp-json\/wp\/v2\/product"}],"about":[{"href":"https:\/\/www.argensend.com\/en\/wp-json\/wp\/v2\/types\/product"}],"replies":[{"embeddable":true,"href":"https:\/\/www.argensend.com\/en\/wp-json\/wp\/v2\/comments?post=115453"}],"version-history":[{"count":2,"href":"https:\/\/www.argensend.com\/en\/wp-json\/wp\/v2\/product\/115453\/revisions"}],"predecessor-version":[{"id":115458,"href":"https:\/\/www.argensend.com\/en\/wp-json\/wp\/v2\/product\/115453\/revisions\/115458"}],"wp:featuredmedia":[{"embeddable":true,"href":"https:\/\/www.argensend.com\/en\/wp-json\/wp\/v2\/media\/115454"}],"wp:attachment":[{"href":"https:\/\/www.argensend.com\/en\/wp-json\/wp\/v2\/media?parent=115453"}],"wp:term":[{"taxonomy":"brand","embeddable":true,"href":"https:\/\/www.argensend.com\/en\/wp-json\/wp\/v2\/etheme_brands?post=115453"},{"taxonomy":"product_brand","embeddable":true,"href":"https:\/\/www.argensend.com\/en\/wp-json\/wp\/v2\/product_brand?post=115453"},{"taxonomy":"product_cat","embeddable":true,"href":"https:\/\/www.argensend.com\/en\/wp-json\/wp\/v2\/product_cat?post=115453"},{"taxonomy":"product_tag","embeddable":true,"href":"https:\/\/www.argensend.com\/en\/wp-json\/wp\/v2\/product_tag?post=115453"}],"curies":[{"name":"wp","href":"https:\/\/api.w.org\/{rel}","templated":true}]}}