{"id":115464,"date":"2024-07-24T11:02:01","date_gmt":"2024-07-24T14:02:01","guid":{"rendered":"https:\/\/www.argensend.com\/?post_type=product&#038;p=115464"},"modified":"2024-12-06T16:48:33","modified_gmt":"2024-12-06T19:48:33","slug":"weleda-exfoliante-corporal-de-abedul","status":"publish","type":"product","link":"https:\/\/www.argensend.com\/en\/product\/weleda-exfoliante-corporal-de-abedul\/","title":{"rendered":"Weleda Exfoliante Corporal de Abedul"},"content":{"rendered":"","protected":false},"excerpt":{"rendered":"<div class=\"text-item\">\n<div class=\"rich-text\">\n<p>Una exfoliaci\u00f3n semanal con nuestro Exfoliante Corporal de Abedul libera tu resplandor oculto, estimula la circulaci\u00f3n y refresca el tono de tu piel. La piel cansada vuelve a despertarse cuando nuestras exclusivas perlas de cera se ponen a trabajar: los peque\u00f1os gr\u00e1nulos est\u00e1n hechos de ceras naturales, especialmente suaves para la piel y no da\u00f1an el medio ambiente. El vigorizante y fresco aroma de zingy con pomelo, c\u00edtricos y cipr\u00e9s,\u00a0se sienten\u00a0con el bienestar.<\/p>\n<\/div>\n<\/div>\n<div class=\"text-item\">\n<h3>Beneficios<\/h3>\n<div class=\"rich-text\">\n<p>Mejora la apariencia de la piel. Las c\u00e9lulas vitales no se da\u00f1an sino que\u00a0apoyan la renovaci\u00f3n de la piel y no la resecan. Testeado en todo tipo de pieles y\u00a0aprobado dermatol\u00f3gicamente.<\/p>\n<\/div>\n<\/div>","protected":false},"featured_media":115465,"comment_status":"open","ping_status":"closed","template":"","meta":{"_acf_changed":false,"om_disable_all_campaigns":false,"_monsterinsights_skip_tracking":false,"_monsterinsights_sitenote_active":false,"_monsterinsights_sitenote_note":"","_monsterinsights_sitenote_category":0},"etheme_brands":[],"product_brand":[],"product_cat":[8941],"product_tag":[7758,9673,2368,10391,10427],"class_list":{"0":"post-115464","1":"product","2":"type-product","3":"status-publish","4":"has-post-thumbnail","6":"product_cat-sin-categoria","7":"product_tag-abedul","8":"product_tag-higiene","9":"product_tag-productos-de-limpieza","10":"product_tag-weleda","11":"product_tag-weleda-exfoliante-corporal-de-abedul","13":"first","14":"instock","15":"taxable","16":"shipping-taxable","17":"purchasable","18":"product-type-simple"},"acf":[],"aioseo_notices":[],"_links":{"self":[{"href":"https:\/\/www.argensend.com\/en\/wp-json\/wp\/v2\/product\/115464","targetHints":{"allow":["GET"]}}],"collection":[{"href":"https:\/\/www.argensend.com\/en\/wp-json\/wp\/v2\/product"}],"about":[{"href":"https:\/\/www.argensend.com\/en\/wp-json\/wp\/v2\/types\/product"}],"replies":[{"embeddable":true,"href":"https:\/\/www.argensend.com\/en\/wp-json\/wp\/v2\/comments?post=115464"}],"version-history":[{"count":2,"href":"https:\/\/www.argensend.com\/en\/wp-json\/wp\/v2\/product\/115464\/revisions"}],"predecessor-version":[{"id":115467,"href":"https:\/\/www.argensend.com\/en\/wp-json\/wp\/v2\/product\/115464\/revisions\/115467"}],"wp:featuredmedia":[{"embeddable":true,"href":"https:\/\/www.argensend.com\/en\/wp-json\/wp\/v2\/media\/115465"}],"wp:attachment":[{"href":"https:\/\/www.argensend.com\/en\/wp-json\/wp\/v2\/media?parent=115464"}],"wp:term":[{"taxonomy":"brand","embeddable":true,"href":"https:\/\/www.argensend.com\/en\/wp-json\/wp\/v2\/etheme_brands?post=115464"},{"taxonomy":"product_brand","embeddable":true,"href":"https:\/\/www.argensend.com\/en\/wp-json\/wp\/v2\/product_brand?post=115464"},{"taxonomy":"product_cat","embeddable":true,"href":"https:\/\/www.argensend.com\/en\/wp-json\/wp\/v2\/product_cat?post=115464"},{"taxonomy":"product_tag","embeddable":true,"href":"https:\/\/www.argensend.com\/en\/wp-json\/wp\/v2\/product_tag?post=115464"}],"curies":[{"name":"wp","href":"https:\/\/api.w.org\/{rel}","templated":true}]}}