{"id":116149,"date":"2024-08-07T13:19:30","date_gmt":"2024-08-07T16:19:30","guid":{"rendered":"https:\/\/www.argensend.com\/?post_type=product&#038;p=116149"},"modified":"2025-04-21T14:02:20","modified_gmt":"2025-04-21T17:02:20","slug":"yerba-mate-canarias-serena-1kg-2","status":"publish","type":"product","link":"https:\/\/www.argensend.com\/en\/product\/yerba-mate-canarias-serena-1kg-2\/","title":{"rendered":"Yerba mate Canarias Serena 1kg &#8211; Uruguaya"},"content":{"rendered":"<p>Composici\u00f3n<br \/>\nYerba mate que combina la calidad \u00fanica de la yerba Canarias con un equilibrio de hierbas: Toronjil, Mburucuy\u00e1, Menta y Tilo. Producto 100% natural sin agregados artificiales de conservantes ni otros productos qu\u00edmicos. Por esta raz\u00f3n pueden presentarse leves variaciones en el sabor a lo largo del a\u00f1o.<\/p>\n<p>Rendimiento<br \/>\nEste producto ofrece un alto rendimiento. Es importante seguir los consejos para preparar un mate adecuadamente.<\/p>\n<p>Sabor<br \/>\nLa composici\u00f3n brinda un sabor predominante a yerba mate con un toque suave a hierbas.<\/p>\n<p>Informaci\u00f3n adicional<br \/>\nOrigen de la hoja<br \/>\nLas hojas de yerba mate provienen de Santa Catarina, Paran\u00e1 y Rio Grande Do Sul en Brasil, donde los \u00e1rboles crecen en bosques nativos con un microclima que favorece el desarrollo de las propiedades de la hoja. Se a\u00f1aden hierbas seleccionadas seg\u00fan est\u00e1ndares de calidad.<\/p>\n<p>Estacionamiento<br \/>\nTras el secado y pre molienda, la yerba Canarias canchada se almacena en bolsones de 50 kg por un per\u00edodo de 4 a 6 meses en ambientes con temperatura y humedad controladas, para mantener una calidad uniforme entre los lotes.<\/p>\n<p>Elaboraci\u00f3n<br \/>\nSe aplican controles de calidad en todo el proceso productivo, siguiendo las buenas pr\u00e1cticas de manufactura. Expertos catadores eval\u00faan la calidad desde la materia prima hasta el producto terminado para asegurar los est\u00e1ndares de calidad.<\/p>","protected":false},"excerpt":{"rendered":"<p>Composici\u00f3n Yerba mate que combina la calidad \u00fanica de la yerba Canarias con un equilibrio de hierbas: Toronjil, Mburucuy\u00e1, Menta y Tilo. Producto 100% natural&#8230;<\/p>","protected":false},"featured_media":74606,"comment_status":"closed","ping_status":"closed","template":"","meta":{"_acf_changed":false,"om_disable_all_campaigns":false,"_monsterinsights_skip_tracking":false,"_monsterinsights_sitenote_active":false,"_monsterinsights_sitenote_note":"","_monsterinsights_sitenote_category":0},"etheme_brands":[],"product_brand":[],"product_cat":[5356,2124],"product_tag":[1236,203,234,224,6958,225,165,10473,228,6890,3507,163],"class_list":{"0":"post-116149","1":"product","2":"type-product","3":"status-publish","4":"has-post-thumbnail","6":"product_cat-uruguay","7":"product_cat-yerbas","8":"product_tag-amarillo","9":"product_tag-argentina","10":"product_tag-argentine","11":"product_tag-argentino","12":"product_tag-canarias","13":"product_tag-infusion","14":"product_tag-mate","15":"product_tag-serena","16":"product_tag-tradicional","17":"product_tag-uruguayan","18":"product_tag-yellow","19":"product_tag-yerba","20":"pa_unidades-1-unidad","21":"pa_unidades-12-unidades","22":"pa_unidades-24-unidades","23":"pa_unidades-3-unidades","24":"pa_unidades-6-unidades","26":"first","27":"instock","28":"taxable","29":"shipping-taxable","30":"purchasable","31":"product-type-variable"},"acf":[],"aioseo_notices":[],"_links":{"self":[{"href":"https:\/\/www.argensend.com\/en\/wp-json\/wp\/v2\/product\/116149","targetHints":{"allow":["GET"]}}],"collection":[{"href":"https:\/\/www.argensend.com\/en\/wp-json\/wp\/v2\/product"}],"about":[{"href":"https:\/\/www.argensend.com\/en\/wp-json\/wp\/v2\/types\/product"}],"replies":[{"embeddable":true,"href":"https:\/\/www.argensend.com\/en\/wp-json\/wp\/v2\/comments?post=116149"}],"version-history":[{"count":5,"href":"https:\/\/www.argensend.com\/en\/wp-json\/wp\/v2\/product\/116149\/revisions"}],"predecessor-version":[{"id":116202,"href":"https:\/\/www.argensend.com\/en\/wp-json\/wp\/v2\/product\/116149\/revisions\/116202"}],"wp:featuredmedia":[{"embeddable":true,"href":"https:\/\/www.argensend.com\/en\/wp-json\/wp\/v2\/media\/74606"}],"wp:attachment":[{"href":"https:\/\/www.argensend.com\/en\/wp-json\/wp\/v2\/media?parent=116149"}],"wp:term":[{"taxonomy":"brand","embeddable":true,"href":"https:\/\/www.argensend.com\/en\/wp-json\/wp\/v2\/etheme_brands?post=116149"},{"taxonomy":"product_brand","embeddable":true,"href":"https:\/\/www.argensend.com\/en\/wp-json\/wp\/v2\/product_brand?post=116149"},{"taxonomy":"product_cat","embeddable":true,"href":"https:\/\/www.argensend.com\/en\/wp-json\/wp\/v2\/product_cat?post=116149"},{"taxonomy":"product_tag","embeddable":true,"href":"https:\/\/www.argensend.com\/en\/wp-json\/wp\/v2\/product_tag?post=116149"}],"curies":[{"name":"wp","href":"https:\/\/api.w.org\/{rel}","templated":true}]}}